{"id":750,"date":"2021-11-15T18:29:07","date_gmt":"2021-11-15T17:29:07","guid":{"rendered":"https:\/\/bpurehouse.be\/?page_id=750"},"modified":"2022-04-16T16:21:09","modified_gmt":"2022-04-16T14:21:09","slug":"ultrafiltration","status":"publish","type":"page","link":"https:\/\/bpurehouse.be\/fr\/technologies\/ultrafiltration\/","title":{"rendered":"Ultrafiltration"},"content":{"rendered":"\n<div class=\"wp-block-kadence-rowlayout alignnone\"><div id=\"kt-layout-id_143c7a-29\" class=\"kt-row-layout-inner kt-layout-id_143c7a-29\"><div class=\"kt-row-column-wrap kt-has-2-columns kt-gutter-widest kt-v-gutter-none kt-row-valign-top kt-row-layout-equal kt-tab-layout-inherit kt-m-colapse-left-to-right kt-mobile-layout-row kt-inner-column-height-full\">\n<div class=\"wp-block-kadence-column inner-column-1 kadence-column_cdaed8-5b\"><div class=\"kt-inside-inner-col\">\n<div class=\"wp-block-kadence-advancedgallery kb-gallery-wrap-id-_b51c7c-06 slider-border\"><div class=\"kb-gallery-ul kb-gallery-type-carousel kb-gallery-id-_b51c7c-06 kb-gallery-caption-style-bottom-hover kb-gallery-filter-none\" data-image-filter=\"none\" data-lightbox-caption=\"true\"><div class=\"kt-blocks-carousel kt-carousel-container-dotstyle-dark\"><div class=\"kt-blocks-carousel-init kb-gallery-carousel kt-carousel-arrowstyle-whiteondark kt-carousel-dotstyle-dark\" data-columns-xxl=\"1\" data-columns-xl=\"1\" data-columns-md=\"1\" data-columns-sm=\"1\" data-columns-xs=\"1\" data-columns-ss=\"1\" data-slider-anim-speed=\"400\" data-slider-scroll=\"1\" data-slider-arrows=\"true\" data-slider-dots=\"true\" data-slider-hover-pause=\"false\" data-slider-auto=\"true\" data-slider-speed=\"7000\"><div class=\"kb-slide-item kb-gallery-carousel-item\"><div class=\"kadence-blocks-gallery-item\"><div class=\"kadence-blocks-gallery-item-inner\"><figure class=\"kb-gallery-figure kadence-blocks-gallery-item-hide-caption kb-has-image-ratio-land169\"><div class=\"kb-gal-image-radius\"><div class=\"kb-gallery-image-contain kadence-blocks-gallery-intrinsic kb-gallery-image-ratio-land169\"><img loading=\"lazy\" decoding=\"async\" src=\"https:\/\/bpurehouse.be\/wp-content\/uploads\/2021\/07\/technologie02-1024x576.jpg\" width=\"1024\" height=\"576\" alt=\"\" data-full-image=\"https:\/\/bpurehouse.be\/wp-content\/uploads\/2021\/07\/technologie02.jpg\" data-light-image=\"https:\/\/bpurehouse.be\/wp-content\/uploads\/2021\/07\/technologie02.jpg\" data-id=\"187\" data-link=\"https:\/\/bpurehouse.be\/technologieen\/technologie02\/\" class=\"wp-image-188 skip-lazy\" srcset=\"https:\/\/bpurehouse.be\/wp-content\/uploads\/2021\/07\/technologie02-1024x576.jpg 1024w, https:\/\/bpurehouse.be\/wp-content\/uploads\/2021\/07\/technologie02-300x169.jpg 300w, https:\/\/bpurehouse.be\/wp-content\/uploads\/2021\/07\/technologie02-768x432.jpg 768w, https:\/\/bpurehouse.be\/wp-content\/uploads\/2021\/07\/technologie02-1536x864.jpg 1536w, https:\/\/bpurehouse.be\/wp-content\/uploads\/2021\/07\/technologie02.jpg 1600w\" sizes=\"auto, (max-width: 1024px) 100vw, 1024px\" \/><\/div><\/div><\/figure><\/div><\/div><\/div><\/div><\/div><\/div><\/div>\n<\/div><\/div>\n\n\n\n<div class=\"wp-block-kadence-column inner-column-2 kadence-column_69ac47-3b\"><div class=\"kt-inside-inner-col\">\n<h2 class=\"kt-adv-heading_9beba7-de wp-block-kadence-advancedheading has-green-color has-text-color\" data-kb-block=\"kb-adv-heading_9beba7-de\">Ultrafiltration, <br>des syst\u00e8mes de filtration simple et bon march\u00e9<\/h2>\n\n\n\n<p class=\"has-small-font-size\">Nous vous proposons un deuxi\u00e8me processus physique de purification de l\u2019eau, l&rsquo;ultrafiltration,  \u00e9galement de qualit\u00e9 et sans produit chimique. <br>L&rsquo;ultrafiltration (UF) est une m\u00e9thode de<strong>&nbsp;<\/strong>s\u00e9paration membranaire<strong>,<\/strong>&nbsp;qui r\u00e9duit les min\u00e9raux dans votre eau du robinet de 50% ainsi que le go\u00fbt, le chlore, les m\u00e9taux, les pesticides, \u2026 en filtrant jusqu\u2019\u00e0 0,1 \u00b5m.&nbsp;<br><br>L\u2019Ultrafiltration&nbsp;ne n\u00e9cessite pas d&rsquo;\u00e9lectricit\u00e9 car il n\u2019a pas d\u2019unit\u00e9 centrale qui v\u00e9rifie la qualit\u00e9 de l\u2019eau. Le co\u00fbt d\u2019entretien est r\u00e9duit car les cartouches int\u00e9rieures \u00e0 remplacer une fois par an ou tous les deux ans peuvent \u00eatre effectu\u00e9s par vous-m\u00eame.<br><br>Si votre qualit\u00e9 d&rsquo;eau du robinet est plut\u00f4t bonne (TDS &lt; 150, max. 200 ppm sans m\u00e9taux, pesticides,&#8230;) et\/ou si vous \u00eates en bonne sant\u00e9, notre syst\u00e8me d&rsquo;ultrafiltration UF peut vous convenir et vous d\u00e9livrer une bonne eau au moindre co\u00fbt. <br>De plus, pour maintenir les co\u00fbts au plus bas, si l\u2019aspect sant\u00e9 est actuellement secondaire pour vous, nous vous proposons l&rsquo;ultrafiltration avec ou sans enrichissement en hydrog\u00e8ne. De cette fa\u00e7on, avec un petit budget, vous avez acc\u00e8s \u00e0 une meilleure eau que celle du robinet tout en ayant l&rsquo;obtenue de fa\u00e7on durable!<\/p>\n\n\n\n<div class=\"wp-block-kadence-advancedbtn kt-btn-align-left kt-btn-tablet-align-inherit kt-btn-mobile-align-inherit kt-btns-wrap kt-btns_488f3e-0e\"><div class=\"kt-btn-wrap kt-btn-wrap-0\"><a class=\"kt-button button kt-btn-0-action kt-btn-size-custom kt-btn-style-basic kt-btn-svg-show-always kt-btn-has-text-true kt-btn-has-svg-false\" href=\"https:\/\/bpurehouse.be\/fr\/appareils\/boire\/\" style=\"border-radius:0px;border-width:0px\"><span class=\"kt-btn-inner-text\"> Appareils pour Boire de L&rsquo;Eau saine <\/span><\/a><\/div><\/div>\n<\/div><\/div>\n<\/div><\/div><\/div>\n","protected":false},"excerpt":{"rendered":"","protected":false},"author":2,"featured_media":0,"parent":206,"menu_order":2,"comment_status":"closed","ping_status":"closed","template":"","meta":{"inline_featured_image":false,"footnotes":""},"class_list":["post-750","page","type-page","status-publish","hentry"],"yoast_head":"<!-- This site is optimized with the Yoast SEO plugin v27.5 - https:\/\/yoast.com\/product\/yoast-seo-wordpress\/ -->\n<title>Ultrafiltration - BPureHouse by EuroDB<\/title>\n<meta name=\"robots\" content=\"index, follow, max-snippet:-1, max-image-preview:large, max-video-preview:-1\" \/>\n<link rel=\"canonical\" href=\"https:\/\/bpurehouse.be\/fr\/technologies\/ultrafiltration\/\" \/>\n<meta property=\"og:locale\" content=\"fr_FR\" \/>\n<meta property=\"og:type\" content=\"article\" \/>\n<meta property=\"og:title\" content=\"Ultrafiltration - BPureHouse by EuroDB\" \/>\n<meta property=\"og:url\" content=\"https:\/\/bpurehouse.be\/fr\/technologies\/ultrafiltration\/\" \/>\n<meta property=\"og:site_name\" content=\"BPureHouse by EuroDB\" \/>\n<meta property=\"article:modified_time\" content=\"2022-04-16T14:21:09+00:00\" \/>\n<meta property=\"og:image\" content=\"https:\/\/bpurehouse.be\/wp-content\/uploads\/2021\/07\/technologie02-1024x576.jpg\" \/>\n<meta name=\"twitter:card\" content=\"summary_large_image\" \/>\n<meta name=\"twitter:label1\" content=\"Dur\u00e9e de lecture estim\u00e9e\" \/>\n\t<meta name=\"twitter:data1\" content=\"2 minutes\" \/>\n<script type=\"application\/ld+json\" class=\"yoast-schema-graph\">{\"@context\":\"https:\\\/\\\/schema.org\",\"@graph\":[{\"@type\":\"WebPage\",\"@id\":\"https:\\\/\\\/bpurehouse.be\\\/fr\\\/technologies\\\/ultrafiltration\\\/\",\"url\":\"https:\\\/\\\/bpurehouse.be\\\/fr\\\/technologies\\\/ultrafiltration\\\/\",\"name\":\"Ultrafiltration - BPureHouse by EuroDB\",\"isPartOf\":{\"@id\":\"https:\\\/\\\/bpurehouse.be\\\/#website\"},\"primaryImageOfPage\":{\"@id\":\"https:\\\/\\\/bpurehouse.be\\\/fr\\\/technologies\\\/ultrafiltration\\\/#primaryimage\"},\"image\":{\"@id\":\"https:\\\/\\\/bpurehouse.be\\\/fr\\\/technologies\\\/ultrafiltration\\\/#primaryimage\"},\"thumbnailUrl\":\"https:\\\/\\\/bpurehouse.be\\\/wp-content\\\/uploads\\\/2021\\\/07\\\/technologie02-1024x576.jpg\",\"datePublished\":\"2021-11-15T17:29:07+00:00\",\"dateModified\":\"2022-04-16T14:21:09+00:00\",\"breadcrumb\":{\"@id\":\"https:\\\/\\\/bpurehouse.be\\\/fr\\\/technologies\\\/ultrafiltration\\\/#breadcrumb\"},\"inLanguage\":\"fr-FR\",\"potentialAction\":[{\"@type\":\"ReadAction\",\"target\":[\"https:\\\/\\\/bpurehouse.be\\\/fr\\\/technologies\\\/ultrafiltration\\\/\"]}]},{\"@type\":\"ImageObject\",\"inLanguage\":\"fr-FR\",\"@id\":\"https:\\\/\\\/bpurehouse.be\\\/fr\\\/technologies\\\/ultrafiltration\\\/#primaryimage\",\"url\":\"https:\\\/\\\/bpurehouse.be\\\/wp-content\\\/uploads\\\/2021\\\/07\\\/technologie02-1024x576.jpg\",\"contentUrl\":\"https:\\\/\\\/bpurehouse.be\\\/wp-content\\\/uploads\\\/2021\\\/07\\\/technologie02-1024x576.jpg\"},{\"@type\":\"BreadcrumbList\",\"@id\":\"https:\\\/\\\/bpurehouse.be\\\/fr\\\/technologies\\\/ultrafiltration\\\/#breadcrumb\",\"itemListElement\":[{\"@type\":\"ListItem\",\"position\":1,\"name\":\"Home\",\"item\":\"https:\\\/\\\/bpurehouse.be\\\/fr\\\/\"},{\"@type\":\"ListItem\",\"position\":2,\"name\":\"Technologies\",\"item\":\"https:\\\/\\\/bpurehouse.be\\\/fr\\\/technologies\\\/\"},{\"@type\":\"ListItem\",\"position\":3,\"name\":\"Ultrafiltration\"}]},{\"@type\":\"WebSite\",\"@id\":\"https:\\\/\\\/bpurehouse.be\\\/#website\",\"url\":\"https:\\\/\\\/bpurehouse.be\\\/\",\"name\":\"BPureHouse by EuroDB\",\"description\":\"My Health, My Priority!\",\"publisher\":{\"@id\":\"https:\\\/\\\/bpurehouse.be\\\/#organization\"},\"potentialAction\":[{\"@type\":\"SearchAction\",\"target\":{\"@type\":\"EntryPoint\",\"urlTemplate\":\"https:\\\/\\\/bpurehouse.be\\\/?s={search_term_string}\"},\"query-input\":{\"@type\":\"PropertyValueSpecification\",\"valueRequired\":true,\"valueName\":\"search_term_string\"}}],\"inLanguage\":\"fr-FR\"},{\"@type\":\"Organization\",\"@id\":\"https:\\\/\\\/bpurehouse.be\\\/#organization\",\"name\":\"BPureHouse\",\"url\":\"https:\\\/\\\/bpurehouse.be\\\/\",\"logo\":{\"@type\":\"ImageObject\",\"inLanguage\":\"fr-FR\",\"@id\":\"https:\\\/\\\/bpurehouse.be\\\/#\\\/schema\\\/logo\\\/image\\\/\",\"url\":\"https:\\\/\\\/bpurehouse.be\\\/wp-content\\\/uploads\\\/2021\\\/06\\\/bpurehouse-social.jpg\",\"contentUrl\":\"https:\\\/\\\/bpurehouse.be\\\/wp-content\\\/uploads\\\/2021\\\/06\\\/bpurehouse-social.jpg\",\"width\":1600,\"height\":1000,\"caption\":\"BPureHouse\"},\"image\":{\"@id\":\"https:\\\/\\\/bpurehouse.be\\\/#\\\/schema\\\/logo\\\/image\\\/\"}}]}<\/script>\n<!-- \/ Yoast SEO plugin. -->","yoast_head_json":{"title":"Ultrafiltration - BPureHouse by EuroDB","robots":{"index":"index","follow":"follow","max-snippet":"max-snippet:-1","max-image-preview":"max-image-preview:large","max-video-preview":"max-video-preview:-1"},"canonical":"https:\/\/bpurehouse.be\/fr\/technologies\/ultrafiltration\/","og_locale":"fr_FR","og_type":"article","og_title":"Ultrafiltration - BPureHouse by EuroDB","og_url":"https:\/\/bpurehouse.be\/fr\/technologies\/ultrafiltration\/","og_site_name":"BPureHouse by EuroDB","article_modified_time":"2022-04-16T14:21:09+00:00","og_image":[{"url":"https:\/\/bpurehouse.be\/wp-content\/uploads\/2021\/07\/technologie02-1024x576.jpg","type":"","width":"","height":""}],"twitter_card":"summary_large_image","twitter_misc":{"Dur\u00e9e de lecture estim\u00e9e":"2 minutes"},"schema":{"@context":"https:\/\/schema.org","@graph":[{"@type":"WebPage","@id":"https:\/\/bpurehouse.be\/fr\/technologies\/ultrafiltration\/","url":"https:\/\/bpurehouse.be\/fr\/technologies\/ultrafiltration\/","name":"Ultrafiltration - BPureHouse by EuroDB","isPartOf":{"@id":"https:\/\/bpurehouse.be\/#website"},"primaryImageOfPage":{"@id":"https:\/\/bpurehouse.be\/fr\/technologies\/ultrafiltration\/#primaryimage"},"image":{"@id":"https:\/\/bpurehouse.be\/fr\/technologies\/ultrafiltration\/#primaryimage"},"thumbnailUrl":"https:\/\/bpurehouse.be\/wp-content\/uploads\/2021\/07\/technologie02-1024x576.jpg","datePublished":"2021-11-15T17:29:07+00:00","dateModified":"2022-04-16T14:21:09+00:00","breadcrumb":{"@id":"https:\/\/bpurehouse.be\/fr\/technologies\/ultrafiltration\/#breadcrumb"},"inLanguage":"fr-FR","potentialAction":[{"@type":"ReadAction","target":["https:\/\/bpurehouse.be\/fr\/technologies\/ultrafiltration\/"]}]},{"@type":"ImageObject","inLanguage":"fr-FR","@id":"https:\/\/bpurehouse.be\/fr\/technologies\/ultrafiltration\/#primaryimage","url":"https:\/\/bpurehouse.be\/wp-content\/uploads\/2021\/07\/technologie02-1024x576.jpg","contentUrl":"https:\/\/bpurehouse.be\/wp-content\/uploads\/2021\/07\/technologie02-1024x576.jpg"},{"@type":"BreadcrumbList","@id":"https:\/\/bpurehouse.be\/fr\/technologies\/ultrafiltration\/#breadcrumb","itemListElement":[{"@type":"ListItem","position":1,"name":"Home","item":"https:\/\/bpurehouse.be\/fr\/"},{"@type":"ListItem","position":2,"name":"Technologies","item":"https:\/\/bpurehouse.be\/fr\/technologies\/"},{"@type":"ListItem","position":3,"name":"Ultrafiltration"}]},{"@type":"WebSite","@id":"https:\/\/bpurehouse.be\/#website","url":"https:\/\/bpurehouse.be\/","name":"BPureHouse by EuroDB","description":"My Health, My Priority!","publisher":{"@id":"https:\/\/bpurehouse.be\/#organization"},"potentialAction":[{"@type":"SearchAction","target":{"@type":"EntryPoint","urlTemplate":"https:\/\/bpurehouse.be\/?s={search_term_string}"},"query-input":{"@type":"PropertyValueSpecification","valueRequired":true,"valueName":"search_term_string"}}],"inLanguage":"fr-FR"},{"@type":"Organization","@id":"https:\/\/bpurehouse.be\/#organization","name":"BPureHouse","url":"https:\/\/bpurehouse.be\/","logo":{"@type":"ImageObject","inLanguage":"fr-FR","@id":"https:\/\/bpurehouse.be\/#\/schema\/logo\/image\/","url":"https:\/\/bpurehouse.be\/wp-content\/uploads\/2021\/06\/bpurehouse-social.jpg","contentUrl":"https:\/\/bpurehouse.be\/wp-content\/uploads\/2021\/06\/bpurehouse-social.jpg","width":1600,"height":1000,"caption":"BPureHouse"},"image":{"@id":"https:\/\/bpurehouse.be\/#\/schema\/logo\/image\/"}}]}},"_links":{"self":[{"href":"https:\/\/bpurehouse.be\/fr\/wp-json\/wp\/v2\/pages\/750","targetHints":{"allow":["GET"]}}],"collection":[{"href":"https:\/\/bpurehouse.be\/fr\/wp-json\/wp\/v2\/pages"}],"about":[{"href":"https:\/\/bpurehouse.be\/fr\/wp-json\/wp\/v2\/types\/page"}],"author":[{"embeddable":true,"href":"https:\/\/bpurehouse.be\/fr\/wp-json\/wp\/v2\/users\/2"}],"replies":[{"embeddable":true,"href":"https:\/\/bpurehouse.be\/fr\/wp-json\/wp\/v2\/comments?post=750"}],"version-history":[{"count":5,"href":"https:\/\/bpurehouse.be\/fr\/wp-json\/wp\/v2\/pages\/750\/revisions"}],"predecessor-version":[{"id":1258,"href":"https:\/\/bpurehouse.be\/fr\/wp-json\/wp\/v2\/pages\/750\/revisions\/1258"}],"up":[{"embeddable":true,"href":"https:\/\/bpurehouse.be\/fr\/wp-json\/wp\/v2\/pages\/206"}],"wp:attachment":[{"href":"https:\/\/bpurehouse.be\/fr\/wp-json\/wp\/v2\/media?parent=750"}],"curies":[{"name":"wp","href":"https:\/\/api.w.org\/{rel}","templated":true}]}}