{"id":733,"date":"2021-11-15T15:27:35","date_gmt":"2021-11-15T14:27:35","guid":{"rendered":"https:\/\/bpurehouse.be\/?page_id=733"},"modified":"2024-01-31T15:13:59","modified_gmt":"2024-01-31T14:13:59","slug":"inscription","status":"publish","type":"page","link":"https:\/\/bpurehouse.be\/fr\/inscription\/","title":{"rendered":"Inscription"},"content":{"rendered":"\n<h1 class=\"kt-adv-heading733_ca4fd5-75 page-title wp-block-kadence-advancedheading has-green-color has-text-color\" data-kb-block=\"kb-adv-heading733_ca4fd5-75\">Inscription<\/h1>\n\n\n\n<p>Veuillez venir aux week-end portes ouvertes du 2 f\u00e9vrier au 31 ao\u00fbt 2024, de 10 \u00e0 17h00, ou choisissez la tranquillit\u00e9 et prenez rendez-vous \u00e0 votre meilleure convenance par t\u00e9l\u00e9phone ou par mail (proposez-nous quelques dates et horaires).<br><br>Si vous voulez en savoir beaucoup plus, inscrivez-vous \u00e0 nos pr\u00e9sentations qui commenceront f\u00e9vrier 2024.<br>Aidez-nous et faites-nous part, par mail (info@bpurehouse.be) ou par t\u00e9l\u00e9phone (02\/428 60 72 &#8211; 7J\/7 de 9 \u00e0 19h), de vos pr\u00e9f\u00e9rences en terme de jours, d&rsquo;horaire et de th\u00e8me(s). Nous essayerons de vous satisfaire et vous reviendrons rapidement avec les dates et horaires.<br><br>D&rsquo;ici l\u00e0, nous vous souhaitons de belles journ\u00e9es et une bonne sant\u00e9.  <\/p>\n","protected":false},"excerpt":{"rendered":"<p>Veuillez venir aux week-end portes ouvertes du 2 f\u00e9vrier au 31 ao\u00fbt 2024, de 10 \u00e0 17h00, ou choisissez la tranquillit\u00e9 et prenez rendez-vous \u00e0 votre meilleure convenance par t\u00e9l\u00e9phone ou par mail (proposez-nous quelques dates et horaires). Si vous voulez en savoir beaucoup plus, inscrivez-vous \u00e0 nos pr\u00e9sentations qui commenceront f\u00e9vrier 2024.Aidez-nous et faites-nous [&hellip;]<\/p>\n","protected":false},"author":1,"featured_media":0,"parent":0,"menu_order":0,"comment_status":"closed","ping_status":"closed","template":"","meta":{"inline_featured_image":false,"footnotes":""},"class_list":["post-733","page","type-page","status-publish","hentry"],"yoast_head":"<!-- This site is optimized with the Yoast SEO plugin v27.5 - https:\/\/yoast.com\/product\/yoast-seo-wordpress\/ -->\n<title>Inscription - BPureHouse by EuroDB<\/title>\n<meta name=\"robots\" content=\"index, follow, max-snippet:-1, max-image-preview:large, max-video-preview:-1\" \/>\n<link rel=\"canonical\" href=\"https:\/\/bpurehouse.be\/fr\/inscription\/\" \/>\n<meta property=\"og:locale\" content=\"fr_FR\" \/>\n<meta property=\"og:type\" content=\"article\" \/>\n<meta property=\"og:title\" content=\"Inscription - BPureHouse by EuroDB\" \/>\n<meta property=\"og:description\" content=\"Veuillez venir aux week-end portes ouvertes du 2 f\u00e9vrier au 31 ao\u00fbt 2024, de 10 \u00e0 17h00, ou choisissez la tranquillit\u00e9 et prenez rendez-vous \u00e0 votre meilleure convenance par t\u00e9l\u00e9phone ou par mail (proposez-nous quelques dates et horaires). Si vous voulez en savoir beaucoup plus, inscrivez-vous \u00e0 nos pr\u00e9sentations qui commenceront f\u00e9vrier 2024.Aidez-nous et faites-nous [&hellip;]\" \/>\n<meta property=\"og:url\" content=\"https:\/\/bpurehouse.be\/fr\/inscription\/\" \/>\n<meta property=\"og:site_name\" content=\"BPureHouse by EuroDB\" \/>\n<meta property=\"article:modified_time\" content=\"2024-01-31T14:13:59+00:00\" \/>\n<meta name=\"twitter:card\" content=\"summary_large_image\" \/>\n<meta name=\"twitter:label1\" content=\"Dur\u00e9e de lecture estim\u00e9e\" \/>\n\t<meta name=\"twitter:data1\" content=\"1 minute\" \/>\n<script type=\"application\/ld+json\" class=\"yoast-schema-graph\">{\"@context\":\"https:\\\/\\\/schema.org\",\"@graph\":[{\"@type\":\"WebPage\",\"@id\":\"https:\\\/\\\/bpurehouse.be\\\/fr\\\/inscription\\\/\",\"url\":\"https:\\\/\\\/bpurehouse.be\\\/fr\\\/inscription\\\/\",\"name\":\"Inscription - BPureHouse by EuroDB\",\"isPartOf\":{\"@id\":\"https:\\\/\\\/bpurehouse.be\\\/#website\"},\"datePublished\":\"2021-11-15T14:27:35+00:00\",\"dateModified\":\"2024-01-31T14:13:59+00:00\",\"breadcrumb\":{\"@id\":\"https:\\\/\\\/bpurehouse.be\\\/fr\\\/inscription\\\/#breadcrumb\"},\"inLanguage\":\"fr-FR\",\"potentialAction\":[{\"@type\":\"ReadAction\",\"target\":[\"https:\\\/\\\/bpurehouse.be\\\/fr\\\/inscription\\\/\"]}]},{\"@type\":\"BreadcrumbList\",\"@id\":\"https:\\\/\\\/bpurehouse.be\\\/fr\\\/inscription\\\/#breadcrumb\",\"itemListElement\":[{\"@type\":\"ListItem\",\"position\":1,\"name\":\"Home\",\"item\":\"https:\\\/\\\/bpurehouse.be\\\/fr\\\/\"},{\"@type\":\"ListItem\",\"position\":2,\"name\":\"Inscription\"}]},{\"@type\":\"WebSite\",\"@id\":\"https:\\\/\\\/bpurehouse.be\\\/#website\",\"url\":\"https:\\\/\\\/bpurehouse.be\\\/\",\"name\":\"BPureHouse by EuroDB\",\"description\":\"My Health, My Priority!\",\"publisher\":{\"@id\":\"https:\\\/\\\/bpurehouse.be\\\/#organization\"},\"potentialAction\":[{\"@type\":\"SearchAction\",\"target\":{\"@type\":\"EntryPoint\",\"urlTemplate\":\"https:\\\/\\\/bpurehouse.be\\\/?s={search_term_string}\"},\"query-input\":{\"@type\":\"PropertyValueSpecification\",\"valueRequired\":true,\"valueName\":\"search_term_string\"}}],\"inLanguage\":\"fr-FR\"},{\"@type\":\"Organization\",\"@id\":\"https:\\\/\\\/bpurehouse.be\\\/#organization\",\"name\":\"BPureHouse\",\"url\":\"https:\\\/\\\/bpurehouse.be\\\/\",\"logo\":{\"@type\":\"ImageObject\",\"inLanguage\":\"fr-FR\",\"@id\":\"https:\\\/\\\/bpurehouse.be\\\/#\\\/schema\\\/logo\\\/image\\\/\",\"url\":\"https:\\\/\\\/bpurehouse.be\\\/wp-content\\\/uploads\\\/2021\\\/06\\\/bpurehouse-social.jpg\",\"contentUrl\":\"https:\\\/\\\/bpurehouse.be\\\/wp-content\\\/uploads\\\/2021\\\/06\\\/bpurehouse-social.jpg\",\"width\":1600,\"height\":1000,\"caption\":\"BPureHouse\"},\"image\":{\"@id\":\"https:\\\/\\\/bpurehouse.be\\\/#\\\/schema\\\/logo\\\/image\\\/\"}}]}<\/script>\n<!-- \/ Yoast SEO plugin. -->","yoast_head_json":{"title":"Inscription - BPureHouse by EuroDB","robots":{"index":"index","follow":"follow","max-snippet":"max-snippet:-1","max-image-preview":"max-image-preview:large","max-video-preview":"max-video-preview:-1"},"canonical":"https:\/\/bpurehouse.be\/fr\/inscription\/","og_locale":"fr_FR","og_type":"article","og_title":"Inscription - BPureHouse by EuroDB","og_description":"Veuillez venir aux week-end portes ouvertes du 2 f\u00e9vrier au 31 ao\u00fbt 2024, de 10 \u00e0 17h00, ou choisissez la tranquillit\u00e9 et prenez rendez-vous \u00e0 votre meilleure convenance par t\u00e9l\u00e9phone ou par mail (proposez-nous quelques dates et horaires). Si vous voulez en savoir beaucoup plus, inscrivez-vous \u00e0 nos pr\u00e9sentations qui commenceront f\u00e9vrier 2024.Aidez-nous et faites-nous [&hellip;]","og_url":"https:\/\/bpurehouse.be\/fr\/inscription\/","og_site_name":"BPureHouse by EuroDB","article_modified_time":"2024-01-31T14:13:59+00:00","twitter_card":"summary_large_image","twitter_misc":{"Dur\u00e9e de lecture estim\u00e9e":"1 minute"},"schema":{"@context":"https:\/\/schema.org","@graph":[{"@type":"WebPage","@id":"https:\/\/bpurehouse.be\/fr\/inscription\/","url":"https:\/\/bpurehouse.be\/fr\/inscription\/","name":"Inscription - BPureHouse by EuroDB","isPartOf":{"@id":"https:\/\/bpurehouse.be\/#website"},"datePublished":"2021-11-15T14:27:35+00:00","dateModified":"2024-01-31T14:13:59+00:00","breadcrumb":{"@id":"https:\/\/bpurehouse.be\/fr\/inscription\/#breadcrumb"},"inLanguage":"fr-FR","potentialAction":[{"@type":"ReadAction","target":["https:\/\/bpurehouse.be\/fr\/inscription\/"]}]},{"@type":"BreadcrumbList","@id":"https:\/\/bpurehouse.be\/fr\/inscription\/#breadcrumb","itemListElement":[{"@type":"ListItem","position":1,"name":"Home","item":"https:\/\/bpurehouse.be\/fr\/"},{"@type":"ListItem","position":2,"name":"Inscription"}]},{"@type":"WebSite","@id":"https:\/\/bpurehouse.be\/#website","url":"https:\/\/bpurehouse.be\/","name":"BPureHouse by EuroDB","description":"My Health, My Priority!","publisher":{"@id":"https:\/\/bpurehouse.be\/#organization"},"potentialAction":[{"@type":"SearchAction","target":{"@type":"EntryPoint","urlTemplate":"https:\/\/bpurehouse.be\/?s={search_term_string}"},"query-input":{"@type":"PropertyValueSpecification","valueRequired":true,"valueName":"search_term_string"}}],"inLanguage":"fr-FR"},{"@type":"Organization","@id":"https:\/\/bpurehouse.be\/#organization","name":"BPureHouse","url":"https:\/\/bpurehouse.be\/","logo":{"@type":"ImageObject","inLanguage":"fr-FR","@id":"https:\/\/bpurehouse.be\/#\/schema\/logo\/image\/","url":"https:\/\/bpurehouse.be\/wp-content\/uploads\/2021\/06\/bpurehouse-social.jpg","contentUrl":"https:\/\/bpurehouse.be\/wp-content\/uploads\/2021\/06\/bpurehouse-social.jpg","width":1600,"height":1000,"caption":"BPureHouse"},"image":{"@id":"https:\/\/bpurehouse.be\/#\/schema\/logo\/image\/"}}]}},"_links":{"self":[{"href":"https:\/\/bpurehouse.be\/fr\/wp-json\/wp\/v2\/pages\/733","targetHints":{"allow":["GET"]}}],"collection":[{"href":"https:\/\/bpurehouse.be\/fr\/wp-json\/wp\/v2\/pages"}],"about":[{"href":"https:\/\/bpurehouse.be\/fr\/wp-json\/wp\/v2\/types\/page"}],"author":[{"embeddable":true,"href":"https:\/\/bpurehouse.be\/fr\/wp-json\/wp\/v2\/users\/1"}],"replies":[{"embeddable":true,"href":"https:\/\/bpurehouse.be\/fr\/wp-json\/wp\/v2\/comments?post=733"}],"version-history":[{"count":5,"href":"https:\/\/bpurehouse.be\/fr\/wp-json\/wp\/v2\/pages\/733\/revisions"}],"predecessor-version":[{"id":1744,"href":"https:\/\/bpurehouse.be\/fr\/wp-json\/wp\/v2\/pages\/733\/revisions\/1744"}],"wp:attachment":[{"href":"https:\/\/bpurehouse.be\/fr\/wp-json\/wp\/v2\/media?parent=733"}],"curies":[{"name":"wp","href":"https:\/\/api.w.org\/{rel}","templated":true}]}}