{"id":564,"date":"2021-10-29T13:28:44","date_gmt":"2021-10-29T11:28:44","guid":{"rendered":"https:\/\/bpurehouse.be\/?page_id=564"},"modified":"2021-11-01T22:36:22","modified_gmt":"2021-11-01T21:36:22","slug":"faq","status":"publish","type":"page","link":"https:\/\/bpurehouse.be\/fr\/faq\/","title":{"rendered":"FAQ"},"content":{"rendered":"\n<h2 class=\"kt-adv-heading_4ef23a-44 wp-block-kadence-advancedheading has-green-color has-text-color\" data-kb-block=\"kb-adv-heading_4ef23a-44\">Estelle<\/h2>\n\n\n\n<h2 class=\"kt-adv-heading_4261dc-92 wp-block-kadence-advancedheading has-green-color has-text-color\" data-kb-block=\"kb-adv-heading_4261dc-92\">Estelle<\/h2>\n\n\n\n<div class=\"wp-block-kadence-accordion alignnone\"><div class=\"kt-accordion-wrap kt-accordion-wrap kt-accordion-id_e1fb32-25 kt-accordion-has-8-panes kt-active-pane-0 kt-accordion-block kt-pane-header-alignment-left kt-accodion-icon-style-basic kt-accodion-icon-side-right\" style=\"max-width:none\"><div class=\"kt-accordion-inner-wrap\" data-allow-multiple-open=\"false\" data-start-open=\"0\">\n<div class=\"wp-block-kadence-pane kt-accordion-pane kt-accordion-pane-1 kt-pane_71bd41-75\"><div class=\"kt-accordion-header-wrap\"><button class=\"kt-blocks-accordion-header kt-acccordion-button-label-show\"><span class=\"kt-blocks-accordion-title-wrap\"><span class=\"kt-blocks-accordion-title\">Combien de temps est-ce que l&rsquo;ozone reste actif dans un seau d&rsquo;eau?<\/span><\/span><span class=\"kt-blocks-accordion-icon-trigger\"><\/span><\/button><\/div><div class=\"kt-accordion-panel\"><div class=\"kt-accordion-panel-inner\">\n<p>L&rsquo;eau ozon\u00e9e peut rester stable pendant 3 heures. Cependant, on consid\u00e8re qu&rsquo;elle garde ses propri\u00e9t\u00e9s d\u00e9sinfectantes dans un seau pendant 30 min. \u00e0&nbsp;<strong>maximum 1 heure<\/strong>.<\/p>\n<\/div><\/div><\/div>\n\n\n\n<div class=\"wp-block-kadence-pane kt-accordion-pane kt-accordion-pane-2 kt-pane_648c2d-ac\"><div class=\"kt-accordion-header-wrap\"><button class=\"kt-blocks-accordion-header kt-acccordion-button-label-show\"><span class=\"kt-blocks-accordion-title-wrap\"><span class=\"kt-blocks-accordion-title\">Plus propre, plus doux et moins mouill\u00e9 (le repassage en est facilit\u00e9), est-ce normal?<\/span><\/span><span class=\"kt-blocks-accordion-icon-trigger\"><\/span><\/button><\/div><div class=\"kt-accordion-panel\"><div class=\"kt-accordion-panel-inner\">\n<p>L&rsquo;activit\u00e9 de l&rsquo;ozone gonfle le tissage, rel\u00e2chant les particules min\u00e9rales, les salissures et les d\u00e9p\u00f4ts chimiques incrust\u00e9es. Cela am\u00e9liore la propret\u00e9, augmente la blancheur, accentue les couleurs et permet une d\u00e9sinfection compl\u00e8te et totale.<\/p>\n\n\n\n<p>De plus, en gonflant les fibres et le tissage des textiles, l&rsquo;ozone permet une plus grande souplesse du linge, un temps de s\u00e9chage moins long (de -20% \u00e0 -45% si essorage en machine) et un repassage fortement facilit\u00e9.&nbsp;<br>La r\u00e9ponse est donc simple: \u00ab\u00a0Oui, c&rsquo;est tout \u00e0 fait normal\u00a0\u00bb.<\/p>\n<\/div><\/div><\/div>\n\n\n\n<div class=\"wp-block-kadence-pane kt-accordion-pane kt-accordion-pane-3 kt-pane_531c90-0f\"><div class=\"kt-accordion-header-wrap\"><button class=\"kt-blocks-accordion-header kt-acccordion-button-label-show\"><span class=\"kt-blocks-accordion-title-wrap\"><span class=\"kt-blocks-accordion-title\">Peut-on boire l&rsquo;eau ozon\u00e9e?<\/span><\/span><span class=\"kt-blocks-accordion-icon-trigger\"><\/span><\/button><\/div><div class=\"kt-accordion-panel\"><div class=\"kt-accordion-panel-inner\">\n<p>\u00ab\u00a0L&rsquo;eau ozon\u00e9e a un go\u00fbt frais et propre. Ce type d&rsquo;eau a \u00e9t\u00e9 montr\u00e9 dans un certain nombre d&rsquo;\u00e9tudes scientifiques pour tuer les bact\u00e9ries et les virus. Il s&rsquo;est av\u00e9r\u00e9 efficace pour tuer E. coli, la levure, la salmonelle et la list\u00e9ria. Les avantages biologiques sont le r\u00e9sultat de l&rsquo;\u00e9clatement de l&rsquo;ozone cr\u00e9ant une seule cellule d&rsquo;oxyg\u00e8ne. L&rsquo;ozone ajoute de l&rsquo;oxyg\u00e8ne \u00e0 la circulation sanguine et \u00e9limine les impuret\u00e9s. L&rsquo;augmentation de l&rsquo;oxyg\u00e8ne dans le cerveau renforce sa fonction. Les cellules uniques d&rsquo;oxyg\u00e8ne introduites dans le syst\u00e8me immunitaire le rendent plus fort et plus apte \u00e0 combattre les infections. Boire r\u00e9guli\u00e8rement de l&rsquo;eau froide \u00e0 l&rsquo;estomac vide peut d\u00e9toxifier votre syst\u00e8me intestinal. Boire de l&rsquo;eau ozon\u00e9e augmente le niveau d&rsquo;\u00e9nergie. Il acc\u00e9l\u00e8re l&rsquo;oxyg\u00e8ne suppl\u00e9mentaire dans le corps.\u00a0\u00bb&nbsp;<\/p>\n\n\n\n<p class=\"has-small-font-size\">R\u00e9f.:&nbsp;<a href=\"https:\/\/fre.toasthomestylebreakfast.com\/why-drink-ozonated-water-2984\" target=\"_blank\" rel=\"noreferrer noopener\">https:\/\/fre.toasthomestylebreakfast.com\/why-drink-ozonated-water-2984<\/a><\/p>\n\n\n\n<p>La soci\u00e9t\u00e9 m\u00e8re de BPureHouse est active dans le secteur m\u00e9dical depuis 1994 et dispose d&rsquo;exp\u00e9rience et de beaucoup de bon sens. Par cons\u00e9quent, conform\u00e9ment au principe de pr\u00e9caution, <strong>nous vous d\u00e9conseillons de boire de l&rsquo;eau ozon\u00e9e<\/strong>, et  <em>certainement <\/em>pas sans avis m\u00e9dical.<br>Si vous en consommez  <em>quand m\u00eame <\/em>(m\u00eame 1 \u00e0 2 verres par semaine), nous vous recommandons vivement de laisser <em>d\u00e9canter syst\u00e9matiquement l&rsquo;eau ozon\u00e9e pendant 15 \u00e0 30 minutes dans une carafe avant de la boire.<\/em> <br>Nous vous invitons plut\u00f4t\u00a0\u00e0\u00a0<strong>boire de l&rsquo;eau hydrog\u00e9n\u00e9e<\/strong>\u00a0pour laquelle il existe plus de 1.000 \u00e9tudes scientifiques prouvant tous ses bienfaits. Contactez-nous en cas d&rsquo;int\u00e9r\u00eat ou de question.\u00a0<\/p>\n<\/div><\/div><\/div>\n\n\n\n<div class=\"wp-block-kadence-pane kt-accordion-pane kt-accordion-pane-4 kt-pane_494e02-68\"><div class=\"kt-accordion-header-wrap\"><button class=\"kt-blocks-accordion-header kt-acccordion-button-label-show\"><span class=\"kt-blocks-accordion-title-wrap\"><span class=\"kt-blocks-accordion-title\">Est-ce que l&rsquo;eau ozon\u00e9e est dangereuse?<\/span><\/span><span class=\"kt-blocks-accordion-icon-trigger\"><\/span><\/button><\/div><div class=\"kt-accordion-panel\"><div class=\"kt-accordion-panel-inner\">\n<p>C\u2019est un puissant&nbsp;<strong>oxydant<\/strong>&nbsp;induisant des radicaux libres oxyg\u00e9n\u00e9s cytotoxiques.<br>La VME (valeur moyenne d\u2019exposition sur une dur\u00e9e de 8 h) de l\u2019ozone est de 0,1 ppm et la VLE (valeur limite d\u2019exposition sur une dur\u00e9e maximum de 15 minutes) de 0,2 ppm.<br>Les premiers signes irritatifs apparaissent entre 0,1 et 0,3 ppm, une dyspn\u00e9e survient au del\u00e0 de 1 ppm et un \u0153d\u00e8me pulmonaire l\u00e9sionnel est possible d\u00e8s 5 ppm.<\/p>\n\n\n\n<p>Dans l\u2019industrie agroalimentaire, des concentrations de 2 ppm sont g\u00e9n\u00e9ralement mises en \u0153uvre avec des temps de contact de quelques minutes. Selon les sp\u00e9cialistes, une teneur de 0,5 ppm dans l\u2019eau est suffisante pour produire des concentrations d\u00e9passant la VME, voir la VLE au dessus du liquide.<br><em>En r\u00e9sum\u00e9, le risque sanitaire n\u2019est pas significatif.<\/em><\/p>\n\n\n\n<p class=\"has-small-font-size\">(R\u00e9f.: Toxicit\u00e9 de l\u2019eau ozon\u00e9e, F. Testud, Archives des Maladies Professionnelles et de l\u2019 Environnement, 2008, Vol.69, N\u00b04, pages 632-633)<\/p>\n<\/div><\/div><\/div>\n\n\n\n<div class=\"wp-block-kadence-pane kt-accordion-pane kt-accordion-pane-5 kt-pane_b5afba-fa\"><div class=\"kt-accordion-header-wrap\"><button class=\"kt-blocks-accordion-header kt-acccordion-button-label-show\"><span class=\"kt-blocks-accordion-title-wrap\"><span class=\"kt-blocks-accordion-title\">J&rsquo;ai des probl\u00e8mes de peau. Est-ce que l&rsquo;eau ozon\u00e9e est une solution alternative?<\/span><\/span><span class=\"kt-blocks-accordion-icon-trigger\"><\/span><\/button><\/div><div class=\"kt-accordion-panel\"><div class=\"kt-accordion-panel-inner\">\n<p>Oui, une \u00e9tude scientifique m\u00e9dicale a d\u00e9montr\u00e9 que l&rsquo;eau ozon\u00e9e peut \u00eatre particuli\u00e8rement pr\u00e9cieuse pour les personnes ayant des probl\u00e8mes de peau, et certainement pour celles rencontrant des probl\u00e8mes de d\u00e9sinfection des mains par des solutions \u00e0 base d&rsquo;alcool.<\/p>\n\n\n\n<p class=\"has-small-font-size\">R\u00e9f.: Journal of Hospital Infection &#8211; <a href=\"https:\/\/pubmed.ncbi.nlm.nih.gov\/30731184\" target=\"_blank\" rel=\"noreferrer noopener\">https:\/\/pubmed.ncbi.nlm.nih.gov\/30731184<\/a><\/p>\n\n\n\n<p>Nous vous d\u00e9conseillons cependant de vous laver quotidiennement le corps &#8211; en vous douchant &#8211; avec de l&rsquo;eau ozon\u00e9e et certainement pas sans avis m\u00e9dical au pr\u00e9alable.<\/p>\n<\/div><\/div><\/div>\n\n\n\n<div class=\"wp-block-kadence-pane kt-accordion-pane kt-accordion-pane-6 kt-pane_1b11bf-bc\"><div class=\"kt-accordion-header-wrap\"><button class=\"kt-blocks-accordion-header kt-acccordion-button-label-show\"><span class=\"kt-blocks-accordion-title-wrap\"><span class=\"kt-blocks-accordion-title\">Est-ce vrai que l&rsquo;eau ozon\u00e9e est utilis\u00e9e dans le monde m\u00e9dical?<\/span><\/span><span class=\"kt-blocks-accordion-icon-trigger\"><\/span><\/button><\/div><div class=\"kt-accordion-panel\"><div class=\"kt-accordion-panel-inner\">\n<p>Gr\u00e2ce \u00e0 ses propri\u00e9t\u00e9s d\u00e9sinfectantes (antiseptique et bact\u00e9ricide), l&rsquo;eau ozon\u00e9e est utilis\u00e9e pendant les interventions chirurgicales en m\u00e9decine comme en dentisterie pour garder les zones ouvertes st\u00e9riles. Il est \u00e9galement utilis\u00e9 comme traitement suppl\u00e9mentaire du cancer. La recherche a montr\u00e9 que l&rsquo;introduction de la troisi\u00e8me cellule d&rsquo;oxyg\u00e8ne peut aider le syst\u00e8me immunitaire du corps \u00e0 contenir les cellules canc\u00e9reuses existantes, emp\u00eachant ainsi la propagation du cancer dans les zones non infect\u00e9es du corps. Bien que cette th\u00e9rapie ne soit pas assez puissante pour \u00eatre utilis\u00e9e seule, il a \u00e9t\u00e9 d\u00e9montr\u00e9 que l&rsquo;eau ozon\u00e9e tue un petit nombre de cellules canc\u00e9reuses chez les patients. Contactez toujours votre oncologue pour un traitement adapt\u00e9e!<\/p>\n\n\n\n<p class=\"has-small-font-size\">R\u00e9f.:&nbsp;<a href=\"https:\/\/fre.toasthomestylebreakfast.com\/why-drink-ozonated-water-2984\" target=\"_blank\" rel=\"noreferrer noopener\">https:\/\/fre.toasthomestylebreakfast.com\/why-drink-ozonated-water-2984<\/a><br><a href=\"https:\/\/www.remedes-de-grand-mere.com\/ozone-tue-99-des-pathogenes-remede-contre-cancer\/\" target=\"_blank\" rel=\"noreferrer noopener\">https:\/\/www.remedes-de-grand-mere.com\/ozone-tue-99-des-pathogenes-remede-contre-cancer\/<\/a><\/p>\n<\/div><\/div><\/div>\n\n\n\n<div class=\"wp-block-kadence-pane kt-accordion-pane kt-accordion-pane-7 kt-pane_9d9b09-97\"><div class=\"kt-accordion-header-wrap\"><button class=\"kt-blocks-accordion-header kt-acccordion-button-label-show\"><span class=\"kt-blocks-accordion-title-wrap\"><span class=\"kt-blocks-accordion-title\">Puis-je me brosser les dents avec l&rsquo;eau ozon\u00e9e?<\/span><\/span><span class=\"kt-blocks-accordion-icon-trigger\"><\/span><\/button><\/div><div class=\"kt-accordion-panel\"><div class=\"kt-accordion-panel-inner\">\n<p>L\u2019utilisation quotidienne de l\u2019ozone combin\u00e9e \u00e0 une action de jet d\u2019eau pr\u00e9vient le d\u00e9but des pathologies classiques de la cavit\u00e9 buccale. L\u2019ozone permet une r\u00e9gression de d\u00e9composition dentaire parce qu\u2019il d\u00e9sinfecte les dents \u00e0 chaque rin\u00e7age et par cons\u00e9quent \u00e9limine les facteurs de risque pr\u00e9c\u00e9demment cit\u00e9s. Il est tout indiqu\u00e9 dans l\u2019\u00e9limination de l\u2019halitose et des probl\u00e8mes de gencives, mais aussi dans la stomatite aphteuse, l\u2019herp\u00e8s buccal et le traitement de canal radiculaire des dents, etc. Parlez-en \u00e0 votre dentiste.<\/p>\n\n\n\n<p class=\"has-small-font-size\">R\u00e9f.:&nbsp;<a href=\"http:\/\/optimise-ta-sante.com\/eau-ozone\/\" target=\"_blank\" rel=\"noreferrer noopener\">http:\/\/optimise-ta-sante.com\/eau-ozone\/<\/a>&nbsp;Dr Vinograd. The Use of Ozonizers for Holistic Dental Hygiene &amp; Prevention of Gum Disease.<br><a href=\"https:\/\/drvinograd.com\/holistic-dentist\/holistic-dentist-blog\/\" target=\"_blank\" rel=\"noreferrer noopener\">https:\/\/drvinograd.com\/holistic-dentist\/holistic-dentist-blog\/<\/a>&nbsp;Gaby Milad Haddad, 2015. Dispositif de nettoyage dentaire avec de l\u2019eau ozon\u00e9e.<br><a href=\"https:\/\/patents.google.com\/patent\/WO2017060806A1\/fr\" target=\"_blank\" rel=\"noreferrer noopener\">https:\/\/patents.google.com\/patent\/WO2017060806A1\/fr<\/a><\/p>\n<\/div><\/div><\/div>\n\n\n\n<div class=\"wp-block-kadence-pane kt-accordion-pane kt-accordion-pane-8 kt-pane_7902ac-f7\"><div class=\"kt-accordion-header-wrap\"><button class=\"kt-blocks-accordion-header kt-acccordion-button-label-show\"><span class=\"kt-blocks-accordion-title-wrap\"><span class=\"kt-blocks-accordion-title\">Quel est le rapport avec la couche d&rsquo;ozone? Parle-t-on de la m\u00eame chose?<\/span><\/span><span class=\"kt-blocks-accordion-icon-trigger\"><\/span><\/button><\/div><div class=\"kt-accordion-panel\"><div class=\"kt-accordion-panel-inner\">\n<p>L\u2019ozone est un gaz naturellement retrouv\u00e9 dans la haute atmosph\u00e8re et au niveau du sol et est&nbsp;partout identique (O3). C&rsquo;est un gaz essentiel \u00e0 la vie sur terre.&nbsp; L&rsquo;ozone d&rsquo;Estelle permet des gains au niveau \u00e9conomique et surtout \u00e9cologique importants, et la couche d\u2019ozone garde la plan\u00e8te au chaud et nous prot\u00e8ge contre les rayons ultraviolets du soleil.<\/p>\n\n\n\n<p>Selon son altitude, on consid\u00e8re l&rsquo;ozone comme:<br>&#8211; \u00ab&nbsp;<strong>bon ozone<\/strong>&nbsp;\u00bb, quand il est&nbsp;<strong>pr\u00e9sent dans la<\/strong>&nbsp;<strong>stratosph\u00e8re N2<\/strong>: bon, car il nous prot\u00e8ge des rayons UV-C (ultraviolet) et de leurs effets;<br>&#8211; le \u00ab&nbsp;<strong>mauvais ozone<\/strong>&nbsp;\u00bb, quand&nbsp;<strong>il se forme dans la troposph\u00e8re<\/strong>&nbsp;(couche basse de l&rsquo;atmosph\u00e8re N3: mauvais, car c&rsquo;est celui que toutes les esp\u00e8ces animales, dont l&rsquo;homme, sont amen\u00e9es \u00e0 inhaler et qui pr\u00e9sente, selon sa concentration, une certaine toxicit\u00e9 (voir Normes de qualit\u00e9 de l&rsquo;air).<\/p>\n\n\n\n<p class=\"has-small-font-size\">R\u00e9f.:&nbsp;<a href=\"https:\/\/fr.wikipedia.org\/wiki\/Couche_d%27ozone\" target=\"_blank\" rel=\"noreferrer noopener\">https:\/\/fr.wikipedia.org\/wiki\/Couche_d%27ozone<\/a><\/p>\n\n\n\n<p>Il y a une \u00ab\u00a0Journ\u00e9e internationale de la protection de la couche d&rsquo;ozone\u00a0\u00bb, le 16 septembre.<\/p>\n\n\n\n<p class=\"has-small-font-size\">R\u00e9f.:&nbsp;<a href=\"https:\/\/www.un.org\/fr\/events\/ozoneday\/index.shtml\" target=\"_blank\" rel=\"noreferrer noopener\">https:\/\/www.un.org\/fr\/events\/ozoneday\/index.shtml<\/a><br><a href=\"http:\/\/optimise-ta-sante.com\/eau-ozone\/\"><\/a>&nbsp;<a href=\"https:\/\/drvinograd.com\/holistic-dentist\/holistic-dentist-blog\/\" target=\"_blank\" rel=\"noreferrer noopener\">https:\/\/drvinograd.com\/holistic-dentist\/holistic-dentist-blog\/<\/a>&nbsp;Gaby Milad Haddad, 2015. Dispositif de nettoyage dentaire avec de l\u2019eau ozon\u00e9e.&nbsp;<\/p>\n<\/div><\/div><\/div>\n<\/div><\/div><\/div>\n","protected":false},"excerpt":{"rendered":"","protected":false},"author":1,"featured_media":0,"parent":0,"menu_order":0,"comment_status":"closed","ping_status":"closed","template":"","meta":{"inline_featured_image":false,"footnotes":""},"class_list":["post-564","page","type-page","status-publish","hentry"],"yoast_head":"<!-- This site is optimized with the Yoast SEO plugin v27.5 - https:\/\/yoast.com\/product\/yoast-seo-wordpress\/ -->\n<title>FAQ - BPureHouse by EuroDB<\/title>\n<meta name=\"robots\" content=\"index, follow, max-snippet:-1, max-image-preview:large, max-video-preview:-1\" \/>\n<link rel=\"canonical\" href=\"https:\/\/bpurehouse.be\/faq\/\" \/>\n<meta property=\"og:locale\" content=\"fr_FR\" \/>\n<meta property=\"og:type\" content=\"article\" \/>\n<meta property=\"og:title\" content=\"FAQ - BPureHouse by EuroDB\" \/>\n<meta property=\"og:url\" content=\"https:\/\/bpurehouse.be\/faq\/\" \/>\n<meta property=\"og:site_name\" content=\"BPureHouse by EuroDB\" \/>\n<meta property=\"article:modified_time\" content=\"2021-11-01T21:36:22+00:00\" \/>\n<meta name=\"twitter:card\" content=\"summary_large_image\" \/>\n<meta name=\"twitter:label1\" content=\"Dur\u00e9e de lecture estim\u00e9e\" \/>\n\t<meta name=\"twitter:data1\" content=\"5 minutes\" \/>\n<script type=\"application\/ld+json\" class=\"yoast-schema-graph\">{\"@context\":\"https:\\\/\\\/schema.org\",\"@graph\":[{\"@type\":\"WebPage\",\"@id\":\"https:\\\/\\\/bpurehouse.be\\\/faq\\\/\",\"url\":\"https:\\\/\\\/bpurehouse.be\\\/faq\\\/\",\"name\":\"FAQ - BPureHouse by EuroDB\",\"isPartOf\":{\"@id\":\"https:\\\/\\\/bpurehouse.be\\\/#website\"},\"datePublished\":\"2021-10-29T11:28:44+00:00\",\"dateModified\":\"2021-11-01T21:36:22+00:00\",\"breadcrumb\":{\"@id\":\"https:\\\/\\\/bpurehouse.be\\\/faq\\\/#breadcrumb\"},\"inLanguage\":\"fr-FR\",\"potentialAction\":[{\"@type\":\"ReadAction\",\"target\":[\"https:\\\/\\\/bpurehouse.be\\\/faq\\\/\"]}]},{\"@type\":\"BreadcrumbList\",\"@id\":\"https:\\\/\\\/bpurehouse.be\\\/faq\\\/#breadcrumb\",\"itemListElement\":[{\"@type\":\"ListItem\",\"position\":1,\"name\":\"Home\",\"item\":\"https:\\\/\\\/bpurehouse.be\\\/fr\\\/\"},{\"@type\":\"ListItem\",\"position\":2,\"name\":\"FAQ\"}]},{\"@type\":\"WebSite\",\"@id\":\"https:\\\/\\\/bpurehouse.be\\\/#website\",\"url\":\"https:\\\/\\\/bpurehouse.be\\\/\",\"name\":\"BPureHouse by EuroDB\",\"description\":\"My Health, My Priority!\",\"publisher\":{\"@id\":\"https:\\\/\\\/bpurehouse.be\\\/#organization\"},\"potentialAction\":[{\"@type\":\"SearchAction\",\"target\":{\"@type\":\"EntryPoint\",\"urlTemplate\":\"https:\\\/\\\/bpurehouse.be\\\/?s={search_term_string}\"},\"query-input\":{\"@type\":\"PropertyValueSpecification\",\"valueRequired\":true,\"valueName\":\"search_term_string\"}}],\"inLanguage\":\"fr-FR\"},{\"@type\":\"Organization\",\"@id\":\"https:\\\/\\\/bpurehouse.be\\\/#organization\",\"name\":\"BPureHouse\",\"url\":\"https:\\\/\\\/bpurehouse.be\\\/\",\"logo\":{\"@type\":\"ImageObject\",\"inLanguage\":\"fr-FR\",\"@id\":\"https:\\\/\\\/bpurehouse.be\\\/#\\\/schema\\\/logo\\\/image\\\/\",\"url\":\"https:\\\/\\\/bpurehouse.be\\\/wp-content\\\/uploads\\\/2021\\\/06\\\/bpurehouse-social.jpg\",\"contentUrl\":\"https:\\\/\\\/bpurehouse.be\\\/wp-content\\\/uploads\\\/2021\\\/06\\\/bpurehouse-social.jpg\",\"width\":1600,\"height\":1000,\"caption\":\"BPureHouse\"},\"image\":{\"@id\":\"https:\\\/\\\/bpurehouse.be\\\/#\\\/schema\\\/logo\\\/image\\\/\"}}]}<\/script>\n<!-- \/ Yoast SEO plugin. -->","yoast_head_json":{"title":"FAQ - BPureHouse by EuroDB","robots":{"index":"index","follow":"follow","max-snippet":"max-snippet:-1","max-image-preview":"max-image-preview:large","max-video-preview":"max-video-preview:-1"},"canonical":"https:\/\/bpurehouse.be\/faq\/","og_locale":"fr_FR","og_type":"article","og_title":"FAQ - BPureHouse by EuroDB","og_url":"https:\/\/bpurehouse.be\/faq\/","og_site_name":"BPureHouse by EuroDB","article_modified_time":"2021-11-01T21:36:22+00:00","twitter_card":"summary_large_image","twitter_misc":{"Dur\u00e9e de lecture estim\u00e9e":"5 minutes"},"schema":{"@context":"https:\/\/schema.org","@graph":[{"@type":"WebPage","@id":"https:\/\/bpurehouse.be\/faq\/","url":"https:\/\/bpurehouse.be\/faq\/","name":"FAQ - BPureHouse by EuroDB","isPartOf":{"@id":"https:\/\/bpurehouse.be\/#website"},"datePublished":"2021-10-29T11:28:44+00:00","dateModified":"2021-11-01T21:36:22+00:00","breadcrumb":{"@id":"https:\/\/bpurehouse.be\/faq\/#breadcrumb"},"inLanguage":"fr-FR","potentialAction":[{"@type":"ReadAction","target":["https:\/\/bpurehouse.be\/faq\/"]}]},{"@type":"BreadcrumbList","@id":"https:\/\/bpurehouse.be\/faq\/#breadcrumb","itemListElement":[{"@type":"ListItem","position":1,"name":"Home","item":"https:\/\/bpurehouse.be\/fr\/"},{"@type":"ListItem","position":2,"name":"FAQ"}]},{"@type":"WebSite","@id":"https:\/\/bpurehouse.be\/#website","url":"https:\/\/bpurehouse.be\/","name":"BPureHouse by EuroDB","description":"My Health, My Priority!","publisher":{"@id":"https:\/\/bpurehouse.be\/#organization"},"potentialAction":[{"@type":"SearchAction","target":{"@type":"EntryPoint","urlTemplate":"https:\/\/bpurehouse.be\/?s={search_term_string}"},"query-input":{"@type":"PropertyValueSpecification","valueRequired":true,"valueName":"search_term_string"}}],"inLanguage":"fr-FR"},{"@type":"Organization","@id":"https:\/\/bpurehouse.be\/#organization","name":"BPureHouse","url":"https:\/\/bpurehouse.be\/","logo":{"@type":"ImageObject","inLanguage":"fr-FR","@id":"https:\/\/bpurehouse.be\/#\/schema\/logo\/image\/","url":"https:\/\/bpurehouse.be\/wp-content\/uploads\/2021\/06\/bpurehouse-social.jpg","contentUrl":"https:\/\/bpurehouse.be\/wp-content\/uploads\/2021\/06\/bpurehouse-social.jpg","width":1600,"height":1000,"caption":"BPureHouse"},"image":{"@id":"https:\/\/bpurehouse.be\/#\/schema\/logo\/image\/"}}]}},"_links":{"self":[{"href":"https:\/\/bpurehouse.be\/fr\/wp-json\/wp\/v2\/pages\/564","targetHints":{"allow":["GET"]}}],"collection":[{"href":"https:\/\/bpurehouse.be\/fr\/wp-json\/wp\/v2\/pages"}],"about":[{"href":"https:\/\/bpurehouse.be\/fr\/wp-json\/wp\/v2\/types\/page"}],"author":[{"embeddable":true,"href":"https:\/\/bpurehouse.be\/fr\/wp-json\/wp\/v2\/users\/1"}],"replies":[{"embeddable":true,"href":"https:\/\/bpurehouse.be\/fr\/wp-json\/wp\/v2\/comments?post=564"}],"version-history":[{"count":3,"href":"https:\/\/bpurehouse.be\/fr\/wp-json\/wp\/v2\/pages\/564\/revisions"}],"predecessor-version":[{"id":633,"href":"https:\/\/bpurehouse.be\/fr\/wp-json\/wp\/v2\/pages\/564\/revisions\/633"}],"wp:attachment":[{"href":"https:\/\/bpurehouse.be\/fr\/wp-json\/wp\/v2\/media?parent=564"}],"curies":[{"name":"wp","href":"https:\/\/api.w.org\/{rel}","templated":true}]}}