{"id":560,"date":"2021-10-29T13:27:04","date_gmt":"2021-10-29T11:27:04","guid":{"rendered":"https:\/\/bpurehouse.be\/?page_id=560"},"modified":"2022-04-16T16:24:35","modified_gmt":"2022-04-16T14:24:35","slug":"uv","status":"publish","type":"page","link":"https:\/\/bpurehouse.be\/fr\/technologies\/uv\/","title":{"rendered":"UV"},"content":{"rendered":"\n<div class=\"wp-block-kadence-rowlayout alignnone\"><div id=\"kt-layout-id_fd68dc-be\" class=\"kt-row-layout-inner kt-layout-id_fd68dc-be\"><div class=\"kt-row-column-wrap kt-has-2-columns kt-gutter-widest kt-v-gutter-none kt-row-valign-top kt-row-layout-equal kt-tab-layout-inherit kt-m-colapse-left-to-right kt-mobile-layout-row kt-inner-column-height-full\">\n<div class=\"wp-block-kadence-column inner-column-1 kadence-column_264328-3c\"><div class=\"kt-inside-inner-col\">\n<div class=\"wp-block-kadence-advancedgallery kb-gallery-wrap-id-_67d47d-af slider-border\"><div class=\"kb-gallery-ul kb-gallery-type-carousel kb-gallery-id-_67d47d-af kb-gallery-caption-style-bottom-hover kb-gallery-filter-none\" data-image-filter=\"none\" data-lightbox-caption=\"true\"><div class=\"kt-blocks-carousel kt-carousel-container-dotstyle-dark\"><div class=\"kt-blocks-carousel-init kb-gallery-carousel kt-carousel-arrowstyle-whiteondark kt-carousel-dotstyle-dark\" data-columns-xxl=\"1\" data-columns-xl=\"1\" data-columns-md=\"1\" data-columns-sm=\"1\" data-columns-xs=\"1\" data-columns-ss=\"1\" data-slider-anim-speed=\"400\" data-slider-scroll=\"1\" data-slider-arrows=\"true\" data-slider-dots=\"true\" data-slider-hover-pause=\"false\" data-slider-auto=\"true\" data-slider-speed=\"7000\"><div class=\"kb-slide-item kb-gallery-carousel-item\"><div class=\"kadence-blocks-gallery-item\"><div class=\"kadence-blocks-gallery-item-inner\"><figure class=\"kb-gallery-figure kadence-blocks-gallery-item-hide-caption kb-has-image-ratio-land169\"><div class=\"kb-gal-image-radius\"><div class=\"kb-gallery-image-contain kadence-blocks-gallery-intrinsic kb-gallery-image-ratio-land169\"><img loading=\"lazy\" decoding=\"async\" src=\"https:\/\/bpurehouse.be\/wp-content\/uploads\/2021\/07\/technologie05-1024x576.jpg\" width=\"1024\" height=\"576\" alt=\"\" data-full-image=\"https:\/\/bpurehouse.be\/wp-content\/uploads\/2021\/07\/technologie05.jpg\" data-light-image=\"https:\/\/bpurehouse.be\/wp-content\/uploads\/2021\/07\/technologie05.jpg\" data-id=\"181\" data-link=\"https:\/\/bpurehouse.be\/technologieen\/technologie05\/\" class=\"wp-image-182 skip-lazy\" srcset=\"https:\/\/bpurehouse.be\/wp-content\/uploads\/2021\/07\/technologie05-1024x576.jpg 1024w, https:\/\/bpurehouse.be\/wp-content\/uploads\/2021\/07\/technologie05-300x169.jpg 300w, https:\/\/bpurehouse.be\/wp-content\/uploads\/2021\/07\/technologie05-768x432.jpg 768w, https:\/\/bpurehouse.be\/wp-content\/uploads\/2021\/07\/technologie05-1536x864.jpg 1536w, https:\/\/bpurehouse.be\/wp-content\/uploads\/2021\/07\/technologie05.jpg 1600w\" sizes=\"auto, (max-width: 1024px) 100vw, 1024px\" \/><\/div><\/div><\/figure><\/div><\/div><\/div><\/div><\/div><\/div><\/div>\n<\/div><\/div>\n\n\n\n<div class=\"wp-block-kadence-column inner-column-2 kadence-column_a01968-8b\"><div class=\"kt-inside-inner-col\">\n<h2 class=\"kt-adv-heading_216f8a-2d wp-block-kadence-advancedheading has-green-color has-text-color\" data-kb-block=\"kb-adv-heading_216f8a-2d\">Les UV pour assainir l&rsquo;air<\/h2>\n\n\n\n<p class=\"has-small-font-size\">Le rayonnement ultraviolet (ou UV) est un proc\u00e9d\u00e9 \u00e9prouv\u00e9 pour d\u00e9sinfecter l\u2019eau, l\u2019air et les surfaces solides contamin\u00e9es par des micro-organismes. Il est reconnu par l\u2019Agence am\u00e9ricaine de protection de l\u2019environnement (EPA pour Environmental Protection Agency) comme une technologie \u00e9prouv\u00e9e et viable et est largement utilis\u00e9 notamment dans le secteur m\u00e9dical et le domaine industriel. <br>Comment \u00e7a fonctionne ? Le ventilateur cr\u00e9e un l\u00e9ger courant d\u2019air. L\u2019air p\u00e9n\u00e8tre dans l\u2019appareil o\u00f9 il est soumis aux rayons UV. Lorsqu\u2019il en ressort, il est d\u00e9sinfect\u00e9.   <\/p>\n\n\n\n<div class=\"wp-block-kadence-advancedbtn kt-btn-align-left kt-btn-tablet-align-inherit kt-btn-mobile-align-inherit kt-btns-wrap kt-btns_c60799-be\"><div class=\"kt-btn-wrap kt-btn-wrap-0\"><a class=\"kt-button button kt-btn-0-action kt-btn-size-custom kt-btn-style-basic kt-btn-svg-show-always kt-btn-has-text-true kt-btn-has-svg-false\" href=\"https:\/\/bpurehouse.be\/fr\/appareils\/respirer\/\" style=\"border-radius:0px;border-width:0px\"><span class=\"kt-btn-inner-text\">BRISA POUR RESPIRER DE L&rsquo;AIR SAIN<\/span><\/a><\/div><\/div>\n<\/div><\/div>\n<\/div><\/div><\/div>\n","protected":false},"excerpt":{"rendered":"","protected":false},"author":1,"featured_media":0,"parent":206,"menu_order":4,"comment_status":"closed","ping_status":"closed","template":"","meta":{"inline_featured_image":false,"footnotes":""},"class_list":["post-560","page","type-page","status-publish","hentry"],"yoast_head":"<!-- This site is optimized with the Yoast SEO plugin v27.4 - https:\/\/yoast.com\/product\/yoast-seo-wordpress\/ -->\n<title>UV - BPureHouse by EuroDB<\/title>\n<meta name=\"robots\" content=\"index, follow, max-snippet:-1, max-image-preview:large, max-video-preview:-1\" \/>\n<link rel=\"canonical\" href=\"https:\/\/bpurehouse.be\/fr\/technologies\/uv\/\" \/>\n<meta property=\"og:locale\" content=\"fr_FR\" \/>\n<meta property=\"og:type\" content=\"article\" \/>\n<meta property=\"og:title\" content=\"UV - BPureHouse by EuroDB\" \/>\n<meta property=\"og:url\" content=\"https:\/\/bpurehouse.be\/fr\/technologies\/uv\/\" \/>\n<meta property=\"og:site_name\" content=\"BPureHouse by EuroDB\" \/>\n<meta property=\"article:modified_time\" content=\"2022-04-16T14:24:35+00:00\" \/>\n<meta property=\"og:image\" content=\"https:\/\/bpurehouse.be\/wp-content\/uploads\/2021\/07\/technologie05-1024x576.jpg\" \/>\n<meta name=\"twitter:card\" content=\"summary_large_image\" \/>\n<meta name=\"twitter:label1\" content=\"Dur\u00e9e de lecture estim\u00e9e\" \/>\n\t<meta name=\"twitter:data1\" content=\"1 minute\" \/>\n<script type=\"application\/ld+json\" class=\"yoast-schema-graph\">{\"@context\":\"https:\\\/\\\/schema.org\",\"@graph\":[{\"@type\":\"WebPage\",\"@id\":\"https:\\\/\\\/bpurehouse.be\\\/fr\\\/technologies\\\/uv\\\/\",\"url\":\"https:\\\/\\\/bpurehouse.be\\\/fr\\\/technologies\\\/uv\\\/\",\"name\":\"UV - BPureHouse by EuroDB\",\"isPartOf\":{\"@id\":\"https:\\\/\\\/bpurehouse.be\\\/#website\"},\"primaryImageOfPage\":{\"@id\":\"https:\\\/\\\/bpurehouse.be\\\/fr\\\/technologies\\\/uv\\\/#primaryimage\"},\"image\":{\"@id\":\"https:\\\/\\\/bpurehouse.be\\\/fr\\\/technologies\\\/uv\\\/#primaryimage\"},\"thumbnailUrl\":\"https:\\\/\\\/bpurehouse.be\\\/wp-content\\\/uploads\\\/2021\\\/07\\\/technologie05-1024x576.jpg\",\"datePublished\":\"2021-10-29T11:27:04+00:00\",\"dateModified\":\"2022-04-16T14:24:35+00:00\",\"breadcrumb\":{\"@id\":\"https:\\\/\\\/bpurehouse.be\\\/fr\\\/technologies\\\/uv\\\/#breadcrumb\"},\"inLanguage\":\"fr-FR\",\"potentialAction\":[{\"@type\":\"ReadAction\",\"target\":[\"https:\\\/\\\/bpurehouse.be\\\/fr\\\/technologies\\\/uv\\\/\"]}]},{\"@type\":\"ImageObject\",\"inLanguage\":\"fr-FR\",\"@id\":\"https:\\\/\\\/bpurehouse.be\\\/fr\\\/technologies\\\/uv\\\/#primaryimage\",\"url\":\"https:\\\/\\\/bpurehouse.be\\\/wp-content\\\/uploads\\\/2021\\\/07\\\/technologie05-1024x576.jpg\",\"contentUrl\":\"https:\\\/\\\/bpurehouse.be\\\/wp-content\\\/uploads\\\/2021\\\/07\\\/technologie05-1024x576.jpg\"},{\"@type\":\"BreadcrumbList\",\"@id\":\"https:\\\/\\\/bpurehouse.be\\\/fr\\\/technologies\\\/uv\\\/#breadcrumb\",\"itemListElement\":[{\"@type\":\"ListItem\",\"position\":1,\"name\":\"Home\",\"item\":\"https:\\\/\\\/bpurehouse.be\\\/fr\\\/\"},{\"@type\":\"ListItem\",\"position\":2,\"name\":\"Technologies\",\"item\":\"https:\\\/\\\/bpurehouse.be\\\/fr\\\/technologies\\\/\"},{\"@type\":\"ListItem\",\"position\":3,\"name\":\"UV\"}]},{\"@type\":\"WebSite\",\"@id\":\"https:\\\/\\\/bpurehouse.be\\\/#website\",\"url\":\"https:\\\/\\\/bpurehouse.be\\\/\",\"name\":\"BPureHouse by EuroDB\",\"description\":\"My Health, My Priority!\",\"publisher\":{\"@id\":\"https:\\\/\\\/bpurehouse.be\\\/#organization\"},\"potentialAction\":[{\"@type\":\"SearchAction\",\"target\":{\"@type\":\"EntryPoint\",\"urlTemplate\":\"https:\\\/\\\/bpurehouse.be\\\/?s={search_term_string}\"},\"query-input\":{\"@type\":\"PropertyValueSpecification\",\"valueRequired\":true,\"valueName\":\"search_term_string\"}}],\"inLanguage\":\"fr-FR\"},{\"@type\":\"Organization\",\"@id\":\"https:\\\/\\\/bpurehouse.be\\\/#organization\",\"name\":\"BPureHouse\",\"url\":\"https:\\\/\\\/bpurehouse.be\\\/\",\"logo\":{\"@type\":\"ImageObject\",\"inLanguage\":\"fr-FR\",\"@id\":\"https:\\\/\\\/bpurehouse.be\\\/#\\\/schema\\\/logo\\\/image\\\/\",\"url\":\"https:\\\/\\\/bpurehouse.be\\\/wp-content\\\/uploads\\\/2021\\\/06\\\/bpurehouse-social.jpg\",\"contentUrl\":\"https:\\\/\\\/bpurehouse.be\\\/wp-content\\\/uploads\\\/2021\\\/06\\\/bpurehouse-social.jpg\",\"width\":1600,\"height\":1000,\"caption\":\"BPureHouse\"},\"image\":{\"@id\":\"https:\\\/\\\/bpurehouse.be\\\/#\\\/schema\\\/logo\\\/image\\\/\"}}]}<\/script>\n<!-- \/ Yoast SEO plugin. -->","yoast_head_json":{"title":"UV - BPureHouse by EuroDB","robots":{"index":"index","follow":"follow","max-snippet":"max-snippet:-1","max-image-preview":"max-image-preview:large","max-video-preview":"max-video-preview:-1"},"canonical":"https:\/\/bpurehouse.be\/fr\/technologies\/uv\/","og_locale":"fr_FR","og_type":"article","og_title":"UV - BPureHouse by EuroDB","og_url":"https:\/\/bpurehouse.be\/fr\/technologies\/uv\/","og_site_name":"BPureHouse by EuroDB","article_modified_time":"2022-04-16T14:24:35+00:00","og_image":[{"url":"https:\/\/bpurehouse.be\/wp-content\/uploads\/2021\/07\/technologie05-1024x576.jpg","type":"","width":"","height":""}],"twitter_card":"summary_large_image","twitter_misc":{"Dur\u00e9e de lecture estim\u00e9e":"1 minute"},"schema":{"@context":"https:\/\/schema.org","@graph":[{"@type":"WebPage","@id":"https:\/\/bpurehouse.be\/fr\/technologies\/uv\/","url":"https:\/\/bpurehouse.be\/fr\/technologies\/uv\/","name":"UV - BPureHouse by EuroDB","isPartOf":{"@id":"https:\/\/bpurehouse.be\/#website"},"primaryImageOfPage":{"@id":"https:\/\/bpurehouse.be\/fr\/technologies\/uv\/#primaryimage"},"image":{"@id":"https:\/\/bpurehouse.be\/fr\/technologies\/uv\/#primaryimage"},"thumbnailUrl":"https:\/\/bpurehouse.be\/wp-content\/uploads\/2021\/07\/technologie05-1024x576.jpg","datePublished":"2021-10-29T11:27:04+00:00","dateModified":"2022-04-16T14:24:35+00:00","breadcrumb":{"@id":"https:\/\/bpurehouse.be\/fr\/technologies\/uv\/#breadcrumb"},"inLanguage":"fr-FR","potentialAction":[{"@type":"ReadAction","target":["https:\/\/bpurehouse.be\/fr\/technologies\/uv\/"]}]},{"@type":"ImageObject","inLanguage":"fr-FR","@id":"https:\/\/bpurehouse.be\/fr\/technologies\/uv\/#primaryimage","url":"https:\/\/bpurehouse.be\/wp-content\/uploads\/2021\/07\/technologie05-1024x576.jpg","contentUrl":"https:\/\/bpurehouse.be\/wp-content\/uploads\/2021\/07\/technologie05-1024x576.jpg"},{"@type":"BreadcrumbList","@id":"https:\/\/bpurehouse.be\/fr\/technologies\/uv\/#breadcrumb","itemListElement":[{"@type":"ListItem","position":1,"name":"Home","item":"https:\/\/bpurehouse.be\/fr\/"},{"@type":"ListItem","position":2,"name":"Technologies","item":"https:\/\/bpurehouse.be\/fr\/technologies\/"},{"@type":"ListItem","position":3,"name":"UV"}]},{"@type":"WebSite","@id":"https:\/\/bpurehouse.be\/#website","url":"https:\/\/bpurehouse.be\/","name":"BPureHouse by EuroDB","description":"My Health, My Priority!","publisher":{"@id":"https:\/\/bpurehouse.be\/#organization"},"potentialAction":[{"@type":"SearchAction","target":{"@type":"EntryPoint","urlTemplate":"https:\/\/bpurehouse.be\/?s={search_term_string}"},"query-input":{"@type":"PropertyValueSpecification","valueRequired":true,"valueName":"search_term_string"}}],"inLanguage":"fr-FR"},{"@type":"Organization","@id":"https:\/\/bpurehouse.be\/#organization","name":"BPureHouse","url":"https:\/\/bpurehouse.be\/","logo":{"@type":"ImageObject","inLanguage":"fr-FR","@id":"https:\/\/bpurehouse.be\/#\/schema\/logo\/image\/","url":"https:\/\/bpurehouse.be\/wp-content\/uploads\/2021\/06\/bpurehouse-social.jpg","contentUrl":"https:\/\/bpurehouse.be\/wp-content\/uploads\/2021\/06\/bpurehouse-social.jpg","width":1600,"height":1000,"caption":"BPureHouse"},"image":{"@id":"https:\/\/bpurehouse.be\/#\/schema\/logo\/image\/"}}]}},"_links":{"self":[{"href":"https:\/\/bpurehouse.be\/fr\/wp-json\/wp\/v2\/pages\/560","targetHints":{"allow":["GET"]}}],"collection":[{"href":"https:\/\/bpurehouse.be\/fr\/wp-json\/wp\/v2\/pages"}],"about":[{"href":"https:\/\/bpurehouse.be\/fr\/wp-json\/wp\/v2\/types\/page"}],"author":[{"embeddable":true,"href":"https:\/\/bpurehouse.be\/fr\/wp-json\/wp\/v2\/users\/1"}],"replies":[{"embeddable":true,"href":"https:\/\/bpurehouse.be\/fr\/wp-json\/wp\/v2\/comments?post=560"}],"version-history":[{"count":3,"href":"https:\/\/bpurehouse.be\/fr\/wp-json\/wp\/v2\/pages\/560\/revisions"}],"predecessor-version":[{"id":1259,"href":"https:\/\/bpurehouse.be\/fr\/wp-json\/wp\/v2\/pages\/560\/revisions\/1259"}],"up":[{"embeddable":true,"href":"https:\/\/bpurehouse.be\/fr\/wp-json\/wp\/v2\/pages\/206"}],"wp:attachment":[{"href":"https:\/\/bpurehouse.be\/fr\/wp-json\/wp\/v2\/media?parent=560"}],"curies":[{"name":"wp","href":"https:\/\/api.w.org\/{rel}","templated":true}]}}