{"id":558,"date":"2021-10-29T13:26:22","date_gmt":"2021-10-29T11:26:22","guid":{"rendered":"https:\/\/bpurehouse.be\/?page_id=558"},"modified":"2023-09-20T18:18:01","modified_gmt":"2023-09-20T16:18:01","slug":"ozone","status":"publish","type":"page","link":"https:\/\/bpurehouse.be\/fr\/technologies\/ozone\/","title":{"rendered":"Ozone"},"content":{"rendered":"\n\n<div class=\"wp-block-kadence-column kadence-column558_a02c21-a3 inner-column-1\"><div class=\"kt-inside-inner-col\">\n<div class=\"wp-block-kadence-advancedgallery kb-gallery-wrap-id-_00950a-12 slider-border\"><div class=\"kb-gallery-ul kb-gallery-type-carousel kb-gallery-id-_00950a-12 kb-gallery-caption-style-bottom-hover kb-gallery-filter-none\" data-image-filter=\"none\" data-lightbox-caption=\"true\"><div class=\"kt-blocks-carousel kt-carousel-container-dotstyle-dark\"><div class=\"kt-blocks-carousel-init kb-gallery-carousel kt-carousel-arrowstyle-whiteondark kt-carousel-dotstyle-dark\" data-columns-xxl=\"1\" data-columns-xl=\"1\" data-columns-md=\"1\" data-columns-sm=\"1\" data-columns-xs=\"1\" data-columns-ss=\"1\" data-slider-anim-speed=\"400\" data-slider-scroll=\"1\" data-slider-arrows=\"true\" data-slider-dots=\"true\" data-slider-hover-pause=\"false\" data-slider-auto=\"true\" data-slider-speed=\"7000\"><div class=\"kb-slide-item kb-gallery-carousel-item\"><div class=\"kadence-blocks-gallery-item\"><div class=\"kadence-blocks-gallery-item-inner\"><figure class=\"kb-gallery-figure kadence-blocks-gallery-item-hide-caption kb-has-image-ratio-land32\"><div class=\"kb-gal-image-radius\"><div class=\"kb-gallery-image-contain kadence-blocks-gallery-intrinsic kb-gallery-image-ratio-land32\"><img loading=\"lazy\" decoding=\"async\" src=\"https:\/\/bpurehouse.be\/wp-content\/uploads\/2021\/07\/technologie03-1024x576.jpg\" width=\"1024\" height=\"576\" alt=\"\" data-full-image=\"https:\/\/bpurehouse.be\/wp-content\/uploads\/2021\/07\/technologie03.jpg\" data-light-image=\"https:\/\/bpurehouse.be\/wp-content\/uploads\/2021\/07\/technologie03.jpg\" data-id=\"185\" data-link=\"https:\/\/bpurehouse.be\/technologieen\/technologie03\/\" class=\"wp-image-186 skip-lazy\" srcset=\"https:\/\/bpurehouse.be\/wp-content\/uploads\/2021\/07\/technologie03-1024x576.jpg 1024w, https:\/\/bpurehouse.be\/wp-content\/uploads\/2021\/07\/technologie03-300x169.jpg 300w, https:\/\/bpurehouse.be\/wp-content\/uploads\/2021\/07\/technologie03-768x432.jpg 768w, https:\/\/bpurehouse.be\/wp-content\/uploads\/2021\/07\/technologie03-1536x864.jpg 1536w, https:\/\/bpurehouse.be\/wp-content\/uploads\/2021\/07\/technologie03.jpg 1600w\" sizes=\"auto, (max-width: 1024px) 100vw, 1024px\" \/><\/div><\/div><\/figure><\/div><\/div><\/div><\/div><\/div><\/div><\/div>\n<\/div><\/div>\n\n\n\n<div class=\"wp-block-kadence-column kadence-column558_b76c22-9f inner-column-2\"><div class=\"kt-inside-inner-col\">\n<h2 class=\"kt-adv-heading558_90034b-ff wp-block-kadence-advancedheading has-green-color has-text-color\" data-kb-block=\"kb-adv-heading558_90034b-ff\">L\u2019ozone pour laver votre linge = votre lave-linge 2.0<\/h2>\n\n\n\n<p class=\"has-small-font-size\">Vous l&rsquo;ignore sans doute mais l&rsquo;eau est en fait un nettoyant naturel, neutre et s\u00fbr. <br>BPureHouse est convaincu qu&rsquo;il est pr\u00e9f\u00e9rable pour les personnes et l&rsquo;environnement d&rsquo;utiliser son plein potentiel plut\u00f4t que d&rsquo;ajouter des additifs chimiques ou non. En la combinant \u00e0 l\u2019ozone, Estelle vous offre la solution la plus puissante et \u00e9coresponsable possible pour nettoyer, d\u00e9sodoriser et d\u00e9sinfecter votre linge sans (ou avec un maximum de 10 \u00e0 20% de) d\u00e9tergent et sans adoucissant tout en r\u00e9duisant la consommation d\u2019\u00e9nergie (-35%) et d\u2019eau (-30%).<\/p>\n\n\n\n<h3 class=\"kt-adv-heading558_87e250-21 wp-block-kadence-advancedheading\" data-kb-block=\"kb-adv-heading558_87e250-21\">S\u00fbr car d\u00e9sinfecte<\/h3>\n\n\n\n<p class=\"has-small-font-size\">L\u2019ozone est 51% plus puissant et agit jusqu\u2019\u00e0 3 125 fois plus vite que le chlore sur les micro-organismes pathog\u00e8nes (virus, bact\u00e9ries et moisissures). Il se distingue comme l\u2019agent antimicrobien naturel ayant le plus large spectre d\u2019action. Cela explique son efficacit\u00e9 comme d\u00e9sinfectant, m\u00eame \u00e0 une faible concentration.<\/p>\n\n\n\n<h3 class=\"kt-adv-heading558_c36e4e-25 wp-block-kadence-advancedheading\" data-kb-block=\"kb-adv-heading558_c36e4e-25\">\u00c9cologique car naturel et g\u00e9n\u00e9r\u00e9 sur place<\/h3>\n\n\n\n<p class=\"has-small-font-size\">L\u2019ozone n\u2019est pas un produit chimique et ne g\u00e9n\u00e8re aucun d\u00e9chet toxique (vers les \u00e9gouts). <br>Avec lui, plus besoin de produits chimiques. En plus d\u2019\u00eatre propre et sain pour l\u2019environnement, il est g\u00e9n\u00e9r\u00e9 sur place (\u00e0 la maison) et ne n\u00e9cessite ni manipulation dangereuse ni transport inutile ou polluant. <\/p>\n\n\n\n<h3 class=\"kt-adv-heading558_8f4155-b2 wp-block-kadence-advancedheading\" data-kb-block=\"kb-adv-heading558_8f4155-b2\">\u00c9conomique car 1 achat pour 15 ans de plaisir<\/h3>\n\n\n\n<p class=\"has-small-font-size\">L\u2019ozone est \u00e9conomique \u00e0 produire et peut \u00eatre produit ind\u00e9finiment. Vous n&rsquo;imaginez pas le gain rien qu&rsquo;en calculant l&rsquo;inflation des d\u00e9tergents et adoucissants sur 10 \u00e0 20 ans!<\/p>\n\n\n\n<div class=\"wp-block-kadence-advancedbtn kb-buttons-wrap kb-btns558_0e0c57-f6\"><\/div>\n<\/div><\/div>\n\n\n\n\n<div class=\"wp-block-kadence-spacer aligncenter kt-block-spacer-558_5a75c1-ca\"><div class=\"kt-block-spacer kt-block-spacer-halign-center\"><hr class=\"kt-divider\"\/><\/div><\/div>\n\n\n\n\n<div class=\"wp-block-kadence-column kadence-column558_d8389b-cc inner-column-1\"><div class=\"kt-inside-inner-col\">\n<div class=\"wp-block-kadence-advancedgallery kb-gallery-wrap-id-_3b16f0-c5 slider-border\"><div class=\"kb-gallery-ul kb-gallery-type-carousel kb-gallery-id-_3b16f0-c5 kb-gallery-caption-style-bottom-hover kb-gallery-filter-none\" data-image-filter=\"none\" data-lightbox-caption=\"true\"><div class=\"kt-blocks-carousel kt-carousel-container-dotstyle-dark\"><div class=\"kt-blocks-carousel-init kb-gallery-carousel kt-carousel-arrowstyle-whiteondark kt-carousel-dotstyle-dark\" data-columns-xxl=\"1\" data-columns-xl=\"1\" data-columns-md=\"1\" data-columns-sm=\"1\" data-columns-xs=\"1\" data-columns-ss=\"1\" data-slider-anim-speed=\"400\" data-slider-scroll=\"1\" data-slider-arrows=\"true\" data-slider-dots=\"true\" data-slider-hover-pause=\"false\" data-slider-auto=\"true\" data-slider-speed=\"7000\"><div class=\"kb-slide-item kb-gallery-carousel-item\"><div class=\"kadence-blocks-gallery-item\"><div class=\"kadence-blocks-gallery-item-inner\"><figure class=\"kb-gallery-figure kadence-blocks-gallery-item-hide-caption kb-has-image-ratio-land169\"><div class=\"kb-gal-image-radius\"><div class=\"kb-gallery-image-contain kadence-blocks-gallery-intrinsic kb-gallery-image-ratio-land169\"><img loading=\"lazy\" decoding=\"async\" src=\"https:\/\/bpurehouse.be\/wp-content\/uploads\/2021\/07\/technologie04-1024x576.jpg\" width=\"1024\" height=\"576\" alt=\"\" data-full-image=\"https:\/\/bpurehouse.be\/wp-content\/uploads\/2021\/07\/technologie04.jpg\" data-light-image=\"https:\/\/bpurehouse.be\/wp-content\/uploads\/2021\/07\/technologie04.jpg\" data-id=\"183\" data-link=\"https:\/\/bpurehouse.be\/technologieen\/technologie04\/\" class=\"wp-image-184 skip-lazy\" srcset=\"https:\/\/bpurehouse.be\/wp-content\/uploads\/2021\/07\/technologie04-1024x576.jpg 1024w, https:\/\/bpurehouse.be\/wp-content\/uploads\/2021\/07\/technologie04-300x169.jpg 300w, https:\/\/bpurehouse.be\/wp-content\/uploads\/2021\/07\/technologie04-768x432.jpg 768w, https:\/\/bpurehouse.be\/wp-content\/uploads\/2021\/07\/technologie04-1536x864.jpg 1536w, https:\/\/bpurehouse.be\/wp-content\/uploads\/2021\/07\/technologie04.jpg 1806w\" sizes=\"auto, (max-width: 1024px) 100vw, 1024px\" \/><\/div><\/div><\/figure><\/div><\/div><\/div><\/div><\/div><\/div><\/div>\n<\/div><\/div>\n\n\n\n<div class=\"wp-block-kadence-column kadence-column558_c408e1-90 inner-column-2\"><div class=\"kt-inside-inner-col\">\n<h2 class=\"kt-adv-heading558_3ca824-23 wp-block-kadence-advancedheading has-green-color has-text-color\" data-kb-block=\"kb-adv-heading558_3ca824-23\">L&rsquo;ozone pour d\u00e9sinfecter l&rsquo;air<\/h2>\n\n\n\n<p class=\"has-small-font-size\">L\u2019ozone est le moyen le plus puissant au monde pour d\u00e9sinfecter et d\u00e9sodoriser tout espace dans votre maison, par exemple apr\u00e8s un incendie ou une contamination par le Covid-19.<br>Il a \u00e9t\u00e9 utilis\u00e9 par l&rsquo;arm\u00e9e lors des graves infections au Covid-19 dans les maisons de retraite belges en 2020 et des entreprises sp\u00e9cialis\u00e9es l&rsquo;utilisent couramment pour d\u00e9sodoriser des maisons ayant subi d&rsquo;importants d\u00e9g\u00e2ts dus au feu.<\/p>\n\n\n\n<div class=\"wp-block-kadence-advancedbtn kb-buttons-wrap kb-btns558_80e76e-59\"><\/div>\n<\/div><\/div>\n\n","protected":false},"excerpt":{"rendered":"","protected":false},"author":1,"featured_media":0,"parent":206,"menu_order":3,"comment_status":"closed","ping_status":"closed","template":"","meta":{"inline_featured_image":false,"footnotes":""},"class_list":["post-558","page","type-page","status-publish","hentry"],"yoast_head":"<!-- This site is optimized with the Yoast SEO plugin v27.6 - https:\/\/yoast.com\/product\/yoast-seo-wordpress\/ -->\n<title>Ozone - BPureHouse by EuroDB<\/title>\n<meta name=\"robots\" content=\"index, follow, max-snippet:-1, max-image-preview:large, max-video-preview:-1\" \/>\n<link rel=\"canonical\" href=\"https:\/\/bpurehouse.be\/fr\/technologies\/ozone\/\" \/>\n<meta property=\"og:locale\" content=\"fr_FR\" \/>\n<meta property=\"og:type\" content=\"article\" \/>\n<meta property=\"og:title\" content=\"Ozone - BPureHouse by EuroDB\" \/>\n<meta property=\"og:url\" content=\"https:\/\/bpurehouse.be\/fr\/technologies\/ozone\/\" \/>\n<meta property=\"og:site_name\" content=\"BPureHouse by EuroDB\" \/>\n<meta property=\"article:modified_time\" content=\"2023-09-20T16:18:01+00:00\" \/>\n<meta property=\"og:image\" content=\"https:\/\/bpurehouse.be\/wp-content\/uploads\/2021\/07\/technologie03-1024x576.jpg\" \/>\n<meta name=\"twitter:card\" content=\"summary_large_image\" \/>\n<meta name=\"twitter:label1\" content=\"Dur\u00e9e de lecture estim\u00e9e\" \/>\n\t<meta name=\"twitter:data1\" content=\"2 minutes\" \/>\n<script type=\"application\/ld+json\" class=\"yoast-schema-graph\">{\"@context\":\"https:\\\/\\\/schema.org\",\"@graph\":[{\"@type\":\"WebPage\",\"@id\":\"https:\\\/\\\/bpurehouse.be\\\/fr\\\/technologies\\\/ozone\\\/\",\"url\":\"https:\\\/\\\/bpurehouse.be\\\/fr\\\/technologies\\\/ozone\\\/\",\"name\":\"Ozone - BPureHouse by EuroDB\",\"isPartOf\":{\"@id\":\"https:\\\/\\\/bpurehouse.be\\\/#website\"},\"primaryImageOfPage\":{\"@id\":\"https:\\\/\\\/bpurehouse.be\\\/fr\\\/technologies\\\/ozone\\\/#primaryimage\"},\"image\":{\"@id\":\"https:\\\/\\\/bpurehouse.be\\\/fr\\\/technologies\\\/ozone\\\/#primaryimage\"},\"thumbnailUrl\":\"https:\\\/\\\/bpurehouse.be\\\/wp-content\\\/uploads\\\/2021\\\/07\\\/technologie03-1024x576.jpg\",\"datePublished\":\"2021-10-29T11:26:22+00:00\",\"dateModified\":\"2023-09-20T16:18:01+00:00\",\"breadcrumb\":{\"@id\":\"https:\\\/\\\/bpurehouse.be\\\/fr\\\/technologies\\\/ozone\\\/#breadcrumb\"},\"inLanguage\":\"fr-FR\",\"potentialAction\":[{\"@type\":\"ReadAction\",\"target\":[\"https:\\\/\\\/bpurehouse.be\\\/fr\\\/technologies\\\/ozone\\\/\"]}]},{\"@type\":\"ImageObject\",\"inLanguage\":\"fr-FR\",\"@id\":\"https:\\\/\\\/bpurehouse.be\\\/fr\\\/technologies\\\/ozone\\\/#primaryimage\",\"url\":\"https:\\\/\\\/bpurehouse.be\\\/wp-content\\\/uploads\\\/2021\\\/07\\\/technologie03-1024x576.jpg\",\"contentUrl\":\"https:\\\/\\\/bpurehouse.be\\\/wp-content\\\/uploads\\\/2021\\\/07\\\/technologie03-1024x576.jpg\"},{\"@type\":\"BreadcrumbList\",\"@id\":\"https:\\\/\\\/bpurehouse.be\\\/fr\\\/technologies\\\/ozone\\\/#breadcrumb\",\"itemListElement\":[{\"@type\":\"ListItem\",\"position\":1,\"name\":\"Home\",\"item\":\"https:\\\/\\\/bpurehouse.be\\\/fr\\\/\"},{\"@type\":\"ListItem\",\"position\":2,\"name\":\"Technologies\",\"item\":\"https:\\\/\\\/bpurehouse.be\\\/fr\\\/technologies\\\/\"},{\"@type\":\"ListItem\",\"position\":3,\"name\":\"Ozone\"}]},{\"@type\":\"WebSite\",\"@id\":\"https:\\\/\\\/bpurehouse.be\\\/#website\",\"url\":\"https:\\\/\\\/bpurehouse.be\\\/\",\"name\":\"BPureHouse by EuroDB\",\"description\":\"My Health, My Priority!\",\"publisher\":{\"@id\":\"https:\\\/\\\/bpurehouse.be\\\/#organization\"},\"potentialAction\":[{\"@type\":\"SearchAction\",\"target\":{\"@type\":\"EntryPoint\",\"urlTemplate\":\"https:\\\/\\\/bpurehouse.be\\\/?s={search_term_string}\"},\"query-input\":{\"@type\":\"PropertyValueSpecification\",\"valueRequired\":true,\"valueName\":\"search_term_string\"}}],\"inLanguage\":\"fr-FR\"},{\"@type\":\"Organization\",\"@id\":\"https:\\\/\\\/bpurehouse.be\\\/#organization\",\"name\":\"BPureHouse\",\"url\":\"https:\\\/\\\/bpurehouse.be\\\/\",\"logo\":{\"@type\":\"ImageObject\",\"inLanguage\":\"fr-FR\",\"@id\":\"https:\\\/\\\/bpurehouse.be\\\/#\\\/schema\\\/logo\\\/image\\\/\",\"url\":\"https:\\\/\\\/bpurehouse.be\\\/wp-content\\\/uploads\\\/2021\\\/06\\\/bpurehouse-social.jpg\",\"contentUrl\":\"https:\\\/\\\/bpurehouse.be\\\/wp-content\\\/uploads\\\/2021\\\/06\\\/bpurehouse-social.jpg\",\"width\":1600,\"height\":1000,\"caption\":\"BPureHouse\"},\"image\":{\"@id\":\"https:\\\/\\\/bpurehouse.be\\\/#\\\/schema\\\/logo\\\/image\\\/\"}}]}<\/script>\n<!-- \/ Yoast SEO plugin. -->","yoast_head_json":{"title":"Ozone - BPureHouse by EuroDB","robots":{"index":"index","follow":"follow","max-snippet":"max-snippet:-1","max-image-preview":"max-image-preview:large","max-video-preview":"max-video-preview:-1"},"canonical":"https:\/\/bpurehouse.be\/fr\/technologies\/ozone\/","og_locale":"fr_FR","og_type":"article","og_title":"Ozone - BPureHouse by EuroDB","og_url":"https:\/\/bpurehouse.be\/fr\/technologies\/ozone\/","og_site_name":"BPureHouse by EuroDB","article_modified_time":"2023-09-20T16:18:01+00:00","og_image":[{"url":"https:\/\/bpurehouse.be\/wp-content\/uploads\/2021\/07\/technologie03-1024x576.jpg","type":"","width":"","height":""}],"twitter_card":"summary_large_image","twitter_misc":{"Dur\u00e9e de lecture estim\u00e9e":"2 minutes"},"schema":{"@context":"https:\/\/schema.org","@graph":[{"@type":"WebPage","@id":"https:\/\/bpurehouse.be\/fr\/technologies\/ozone\/","url":"https:\/\/bpurehouse.be\/fr\/technologies\/ozone\/","name":"Ozone - BPureHouse by EuroDB","isPartOf":{"@id":"https:\/\/bpurehouse.be\/#website"},"primaryImageOfPage":{"@id":"https:\/\/bpurehouse.be\/fr\/technologies\/ozone\/#primaryimage"},"image":{"@id":"https:\/\/bpurehouse.be\/fr\/technologies\/ozone\/#primaryimage"},"thumbnailUrl":"https:\/\/bpurehouse.be\/wp-content\/uploads\/2021\/07\/technologie03-1024x576.jpg","datePublished":"2021-10-29T11:26:22+00:00","dateModified":"2023-09-20T16:18:01+00:00","breadcrumb":{"@id":"https:\/\/bpurehouse.be\/fr\/technologies\/ozone\/#breadcrumb"},"inLanguage":"fr-FR","potentialAction":[{"@type":"ReadAction","target":["https:\/\/bpurehouse.be\/fr\/technologies\/ozone\/"]}]},{"@type":"ImageObject","inLanguage":"fr-FR","@id":"https:\/\/bpurehouse.be\/fr\/technologies\/ozone\/#primaryimage","url":"https:\/\/bpurehouse.be\/wp-content\/uploads\/2021\/07\/technologie03-1024x576.jpg","contentUrl":"https:\/\/bpurehouse.be\/wp-content\/uploads\/2021\/07\/technologie03-1024x576.jpg"},{"@type":"BreadcrumbList","@id":"https:\/\/bpurehouse.be\/fr\/technologies\/ozone\/#breadcrumb","itemListElement":[{"@type":"ListItem","position":1,"name":"Home","item":"https:\/\/bpurehouse.be\/fr\/"},{"@type":"ListItem","position":2,"name":"Technologies","item":"https:\/\/bpurehouse.be\/fr\/technologies\/"},{"@type":"ListItem","position":3,"name":"Ozone"}]},{"@type":"WebSite","@id":"https:\/\/bpurehouse.be\/#website","url":"https:\/\/bpurehouse.be\/","name":"BPureHouse by EuroDB","description":"My Health, My Priority!","publisher":{"@id":"https:\/\/bpurehouse.be\/#organization"},"potentialAction":[{"@type":"SearchAction","target":{"@type":"EntryPoint","urlTemplate":"https:\/\/bpurehouse.be\/?s={search_term_string}"},"query-input":{"@type":"PropertyValueSpecification","valueRequired":true,"valueName":"search_term_string"}}],"inLanguage":"fr-FR"},{"@type":"Organization","@id":"https:\/\/bpurehouse.be\/#organization","name":"BPureHouse","url":"https:\/\/bpurehouse.be\/","logo":{"@type":"ImageObject","inLanguage":"fr-FR","@id":"https:\/\/bpurehouse.be\/#\/schema\/logo\/image\/","url":"https:\/\/bpurehouse.be\/wp-content\/uploads\/2021\/06\/bpurehouse-social.jpg","contentUrl":"https:\/\/bpurehouse.be\/wp-content\/uploads\/2021\/06\/bpurehouse-social.jpg","width":1600,"height":1000,"caption":"BPureHouse"},"image":{"@id":"https:\/\/bpurehouse.be\/#\/schema\/logo\/image\/"}}]}},"_links":{"self":[{"href":"https:\/\/bpurehouse.be\/fr\/wp-json\/wp\/v2\/pages\/558","targetHints":{"allow":["GET"]}}],"collection":[{"href":"https:\/\/bpurehouse.be\/fr\/wp-json\/wp\/v2\/pages"}],"about":[{"href":"https:\/\/bpurehouse.be\/fr\/wp-json\/wp\/v2\/types\/page"}],"author":[{"embeddable":true,"href":"https:\/\/bpurehouse.be\/fr\/wp-json\/wp\/v2\/users\/1"}],"replies":[{"embeddable":true,"href":"https:\/\/bpurehouse.be\/fr\/wp-json\/wp\/v2\/comments?post=558"}],"version-history":[{"count":5,"href":"https:\/\/bpurehouse.be\/fr\/wp-json\/wp\/v2\/pages\/558\/revisions"}],"predecessor-version":[{"id":1716,"href":"https:\/\/bpurehouse.be\/fr\/wp-json\/wp\/v2\/pages\/558\/revisions\/1716"}],"up":[{"embeddable":true,"href":"https:\/\/bpurehouse.be\/fr\/wp-json\/wp\/v2\/pages\/206"}],"wp:attachment":[{"href":"https:\/\/bpurehouse.be\/fr\/wp-json\/wp\/v2\/media?parent=558"}],"curies":[{"name":"wp","href":"https:\/\/api.w.org\/{rel}","templated":true}]}}