{"id":554,"date":"2021-10-29T13:24:40","date_gmt":"2021-10-29T11:24:40","guid":{"rendered":"https:\/\/bpurehouse.be\/?page_id=554"},"modified":"2022-08-12T18:45:08","modified_gmt":"2022-08-12T16:45:08","slug":"eau-riche-en-hydrogene","status":"publish","type":"page","link":"https:\/\/bpurehouse.be\/fr\/technologies\/eau-riche-en-hydrogene\/","title":{"rendered":"Eau riche en hydrog\u00e8ne"},"content":{"rendered":"\n<div class=\"wp-block-kadence-rowlayout alignnone\"><div id=\"kt-layout-id_fdb56e-a7\" class=\"kt-row-layout-inner kt-layout-id_fdb56e-a7\"><div class=\"kt-row-column-wrap kt-has-2-columns kt-gutter-widest kt-v-gutter-none kt-row-valign-top kt-row-layout-equal kt-tab-layout-inherit kt-m-colapse-left-to-right kt-mobile-layout-row kt-inner-column-height-full\">\n<div class=\"wp-block-kadence-column inner-column-1 kadence-column_777691-96\"><div class=\"kt-inside-inner-col\">\n<div class=\"wp-block-kadence-advancedgallery kb-gallery-wrap-id-_8b63d6-62 slider-border\"><div class=\"kb-gallery-ul kb-gallery-type-carousel kb-gallery-id-_8b63d6-62 kb-gallery-caption-style-bottom-hover kb-gallery-filter-none\" data-image-filter=\"none\" data-lightbox-caption=\"true\"><div class=\"kt-blocks-carousel kt-carousel-container-dotstyle-dark\"><div class=\"kt-blocks-carousel-init kb-gallery-carousel kt-carousel-arrowstyle-whiteondark kt-carousel-dotstyle-dark\" data-columns-xxl=\"1\" data-columns-xl=\"1\" data-columns-md=\"1\" data-columns-sm=\"1\" data-columns-xs=\"1\" data-columns-ss=\"1\" data-slider-anim-speed=\"400\" data-slider-scroll=\"1\" data-slider-arrows=\"true\" data-slider-dots=\"true\" data-slider-hover-pause=\"false\" data-slider-auto=\"true\" data-slider-speed=\"7000\"><div class=\"kb-slide-item kb-gallery-carousel-item\"><div class=\"kadence-blocks-gallery-item\"><div class=\"kadence-blocks-gallery-item-inner\"><figure class=\"kb-gallery-figure kadence-blocks-gallery-item-hide-caption kb-has-image-ratio-land169\"><div class=\"kb-gal-image-radius\"><div class=\"kb-gallery-image-contain kadence-blocks-gallery-intrinsic kb-gallery-image-ratio-land169\"><img loading=\"lazy\" decoding=\"async\" src=\"https:\/\/bpurehouse.be\/wp-content\/uploads\/2021\/07\/technologie01-1024x576.jpg\" width=\"1024\" height=\"576\" alt=\"\" data-full-image=\"https:\/\/bpurehouse.be\/wp-content\/uploads\/2021\/07\/technologie01.jpg\" data-light-image=\"https:\/\/bpurehouse.be\/wp-content\/uploads\/2021\/07\/technologie01.jpg\" data-id=\"179\" data-link=\"https:\/\/bpurehouse.be\/technologieen\/technologie01\/\" class=\"wp-image-180 skip-lazy\" srcset=\"https:\/\/bpurehouse.be\/wp-content\/uploads\/2021\/07\/technologie01-1024x576.jpg 1024w, https:\/\/bpurehouse.be\/wp-content\/uploads\/2021\/07\/technologie01-300x169.jpg 300w, https:\/\/bpurehouse.be\/wp-content\/uploads\/2021\/07\/technologie01-768x432.jpg 768w, https:\/\/bpurehouse.be\/wp-content\/uploads\/2021\/07\/technologie01-1536x864.jpg 1536w, https:\/\/bpurehouse.be\/wp-content\/uploads\/2021\/07\/technologie01.jpg 1600w\" sizes=\"auto, (max-width: 1024px) 100vw, 1024px\" \/><\/div><\/div><\/figure><\/div><\/div><\/div><\/div><\/div><\/div><\/div>\n<\/div><\/div>\n\n\n\n<div class=\"wp-block-kadence-column inner-column-2 kadence-column_5233df-c7\"><div class=\"kt-inside-inner-col\">\n<h2 class=\"kt-adv-heading_a72206-f0 wp-block-kadence-advancedheading has-green-color has-text-color\" data-kb-block=\"kb-adv-heading_a72206-f0\">Eau riche en hydrog\u00e8ne mol\u00e9culaire <br>gr\u00e2ce \u00e0 l&rsquo;\u00e9lectrolyse SPE<\/h2>\n\n\n\n<p class=\"has-small-font-size\">L\u2019hydrog\u00e8ne, la plus petite et la plus abondante des mol\u00e9cules de l\u2019univers, pourrait bien \u00eatre la prochaine avanc\u00e9e majeure dans la recherche biom\u00e9dicale et la lutte contre le vieillissement <strong>pour ses propri\u00e9t\u00e9s antioxydantes, anti-inflammatoires, anti-allergiques, anti-ob\u00e9sit\u00e9 et anti-\u00e2ge<\/strong>. <br>L&rsquo;eau seule ne pr\u00e9sente pas autant de bienfaits que l&rsquo;eau \u00e0 laquelle des mol\u00e9cules d&rsquo;hydrog\u00e8ne ont \u00e9t\u00e9 ajout\u00e9es. La dissolution de l&rsquo;hydrog\u00e8ne dans l&rsquo;eau a un impact tr\u00e8s positif sur la sant\u00e9 et le bien-\u00eatre de l&rsquo;ensemble du corps et peut \u00eatre utilis\u00e9e comme <strong>mesure pr\u00e9ventive et\/ou curative<\/strong>. <br>Vous trouverez quelques-unes des plus de 1 000 \u00e9tudes cliniques disponibles sur notre <a href=\"https:\/\/bpurehouse.be\/fr\/blog\/blog-boire-sainement\/\" target=\"_blank\" rel=\"noreferrer noopener\">BLOG<\/a>. Lisez-les et, si n\u00e9cessaire, contactez-nous pour obtenir des conseils.<br><br>Les  appareils Xana et Prius de BPureHouse utilisent l&rsquo;\u00e9lectrolyse SPE, la plus s\u00fbre, et sont \u00e9galement dot\u00e9es d&rsquo;un syst\u00e8me de filtration par osmose inverse (voir onglet TECHNOLOGIES) afin que vous puissiez profiter d&rsquo;une eau s\u00fbre (car bien filtr\u00e9e) et saine (car enrichie en hydrog\u00e8ne).<br><\/p>\n\n\n\n<div class=\"wp-block-kadence-advancedbtn kt-btn-align-left kt-btn-tablet-align-inherit kt-btn-mobile-align-inherit kt-btns-wrap kt-btns_07d07c-b2\"><div class=\"kt-btn-wrap kt-btn-wrap-0\"><a class=\"kt-button button kt-btn-0-action kt-btn-size-custom kt-btn-style-basic kt-btn-svg-show-always kt-btn-has-text-true kt-btn-has-svg-false\" href=\"https:\/\/bpurehouse.be\/fr\/appareils\/boire\/\" style=\"border-radius:0px;border-width:0px\"><span class=\"kt-btn-inner-text\">Appareils pour Boire de L&rsquo;Eau saine<\/span><\/a><\/div><\/div>\n<\/div><\/div>\n<\/div><\/div><\/div>\n","protected":false},"excerpt":{"rendered":"","protected":false},"author":1,"featured_media":0,"parent":206,"menu_order":1,"comment_status":"closed","ping_status":"closed","template":"","meta":{"inline_featured_image":false,"footnotes":""},"class_list":["post-554","page","type-page","status-publish","hentry"],"yoast_head":"<!-- This site is optimized with the Yoast SEO plugin v27.4 - https:\/\/yoast.com\/product\/yoast-seo-wordpress\/ -->\n<title>Eau riche en hydrog\u00e8ne - BPureHouse by EuroDB<\/title>\n<meta name=\"robots\" content=\"index, follow, max-snippet:-1, max-image-preview:large, max-video-preview:-1\" \/>\n<link rel=\"canonical\" href=\"https:\/\/bpurehouse.be\/fr\/technologies\/eau-riche-en-hydrogene\/\" \/>\n<meta property=\"og:locale\" content=\"fr_FR\" \/>\n<meta property=\"og:type\" content=\"article\" \/>\n<meta property=\"og:title\" content=\"Eau riche en hydrog\u00e8ne - BPureHouse by EuroDB\" \/>\n<meta property=\"og:url\" content=\"https:\/\/bpurehouse.be\/fr\/technologies\/eau-riche-en-hydrogene\/\" \/>\n<meta property=\"og:site_name\" content=\"BPureHouse by EuroDB\" \/>\n<meta property=\"article:modified_time\" content=\"2022-08-12T16:45:08+00:00\" \/>\n<meta property=\"og:image\" content=\"https:\/\/bpurehouse.be\/wp-content\/uploads\/2021\/07\/technologie01-1024x576.jpg\" \/>\n<meta name=\"twitter:card\" content=\"summary_large_image\" \/>\n<meta name=\"twitter:label1\" content=\"Dur\u00e9e de lecture estim\u00e9e\" \/>\n\t<meta name=\"twitter:data1\" content=\"2 minutes\" \/>\n<script type=\"application\/ld+json\" class=\"yoast-schema-graph\">{\"@context\":\"https:\\\/\\\/schema.org\",\"@graph\":[{\"@type\":\"WebPage\",\"@id\":\"https:\\\/\\\/bpurehouse.be\\\/fr\\\/technologies\\\/eau-riche-en-hydrogene\\\/\",\"url\":\"https:\\\/\\\/bpurehouse.be\\\/fr\\\/technologies\\\/eau-riche-en-hydrogene\\\/\",\"name\":\"Eau riche en hydrog\u00e8ne - BPureHouse by EuroDB\",\"isPartOf\":{\"@id\":\"https:\\\/\\\/bpurehouse.be\\\/#website\"},\"primaryImageOfPage\":{\"@id\":\"https:\\\/\\\/bpurehouse.be\\\/fr\\\/technologies\\\/eau-riche-en-hydrogene\\\/#primaryimage\"},\"image\":{\"@id\":\"https:\\\/\\\/bpurehouse.be\\\/fr\\\/technologies\\\/eau-riche-en-hydrogene\\\/#primaryimage\"},\"thumbnailUrl\":\"https:\\\/\\\/bpurehouse.be\\\/wp-content\\\/uploads\\\/2021\\\/07\\\/technologie01-1024x576.jpg\",\"datePublished\":\"2021-10-29T11:24:40+00:00\",\"dateModified\":\"2022-08-12T16:45:08+00:00\",\"breadcrumb\":{\"@id\":\"https:\\\/\\\/bpurehouse.be\\\/fr\\\/technologies\\\/eau-riche-en-hydrogene\\\/#breadcrumb\"},\"inLanguage\":\"fr-FR\",\"potentialAction\":[{\"@type\":\"ReadAction\",\"target\":[\"https:\\\/\\\/bpurehouse.be\\\/fr\\\/technologies\\\/eau-riche-en-hydrogene\\\/\"]}]},{\"@type\":\"ImageObject\",\"inLanguage\":\"fr-FR\",\"@id\":\"https:\\\/\\\/bpurehouse.be\\\/fr\\\/technologies\\\/eau-riche-en-hydrogene\\\/#primaryimage\",\"url\":\"https:\\\/\\\/bpurehouse.be\\\/wp-content\\\/uploads\\\/2021\\\/07\\\/technologie01-1024x576.jpg\",\"contentUrl\":\"https:\\\/\\\/bpurehouse.be\\\/wp-content\\\/uploads\\\/2021\\\/07\\\/technologie01-1024x576.jpg\"},{\"@type\":\"BreadcrumbList\",\"@id\":\"https:\\\/\\\/bpurehouse.be\\\/fr\\\/technologies\\\/eau-riche-en-hydrogene\\\/#breadcrumb\",\"itemListElement\":[{\"@type\":\"ListItem\",\"position\":1,\"name\":\"Home\",\"item\":\"https:\\\/\\\/bpurehouse.be\\\/fr\\\/\"},{\"@type\":\"ListItem\",\"position\":2,\"name\":\"Technologies\",\"item\":\"https:\\\/\\\/bpurehouse.be\\\/fr\\\/technologies\\\/\"},{\"@type\":\"ListItem\",\"position\":3,\"name\":\"Eau riche en hydrog\u00e8ne\"}]},{\"@type\":\"WebSite\",\"@id\":\"https:\\\/\\\/bpurehouse.be\\\/#website\",\"url\":\"https:\\\/\\\/bpurehouse.be\\\/\",\"name\":\"BPureHouse by EuroDB\",\"description\":\"My Health, My Priority!\",\"publisher\":{\"@id\":\"https:\\\/\\\/bpurehouse.be\\\/#organization\"},\"potentialAction\":[{\"@type\":\"SearchAction\",\"target\":{\"@type\":\"EntryPoint\",\"urlTemplate\":\"https:\\\/\\\/bpurehouse.be\\\/?s={search_term_string}\"},\"query-input\":{\"@type\":\"PropertyValueSpecification\",\"valueRequired\":true,\"valueName\":\"search_term_string\"}}],\"inLanguage\":\"fr-FR\"},{\"@type\":\"Organization\",\"@id\":\"https:\\\/\\\/bpurehouse.be\\\/#organization\",\"name\":\"BPureHouse\",\"url\":\"https:\\\/\\\/bpurehouse.be\\\/\",\"logo\":{\"@type\":\"ImageObject\",\"inLanguage\":\"fr-FR\",\"@id\":\"https:\\\/\\\/bpurehouse.be\\\/#\\\/schema\\\/logo\\\/image\\\/\",\"url\":\"https:\\\/\\\/bpurehouse.be\\\/wp-content\\\/uploads\\\/2021\\\/06\\\/bpurehouse-social.jpg\",\"contentUrl\":\"https:\\\/\\\/bpurehouse.be\\\/wp-content\\\/uploads\\\/2021\\\/06\\\/bpurehouse-social.jpg\",\"width\":1600,\"height\":1000,\"caption\":\"BPureHouse\"},\"image\":{\"@id\":\"https:\\\/\\\/bpurehouse.be\\\/#\\\/schema\\\/logo\\\/image\\\/\"}}]}<\/script>\n<!-- \/ Yoast SEO plugin. -->","yoast_head_json":{"title":"Eau riche en hydrog\u00e8ne - BPureHouse by EuroDB","robots":{"index":"index","follow":"follow","max-snippet":"max-snippet:-1","max-image-preview":"max-image-preview:large","max-video-preview":"max-video-preview:-1"},"canonical":"https:\/\/bpurehouse.be\/fr\/technologies\/eau-riche-en-hydrogene\/","og_locale":"fr_FR","og_type":"article","og_title":"Eau riche en hydrog\u00e8ne - BPureHouse by EuroDB","og_url":"https:\/\/bpurehouse.be\/fr\/technologies\/eau-riche-en-hydrogene\/","og_site_name":"BPureHouse by EuroDB","article_modified_time":"2022-08-12T16:45:08+00:00","og_image":[{"url":"https:\/\/bpurehouse.be\/wp-content\/uploads\/2021\/07\/technologie01-1024x576.jpg","type":"","width":"","height":""}],"twitter_card":"summary_large_image","twitter_misc":{"Dur\u00e9e de lecture estim\u00e9e":"2 minutes"},"schema":{"@context":"https:\/\/schema.org","@graph":[{"@type":"WebPage","@id":"https:\/\/bpurehouse.be\/fr\/technologies\/eau-riche-en-hydrogene\/","url":"https:\/\/bpurehouse.be\/fr\/technologies\/eau-riche-en-hydrogene\/","name":"Eau riche en hydrog\u00e8ne - BPureHouse by EuroDB","isPartOf":{"@id":"https:\/\/bpurehouse.be\/#website"},"primaryImageOfPage":{"@id":"https:\/\/bpurehouse.be\/fr\/technologies\/eau-riche-en-hydrogene\/#primaryimage"},"image":{"@id":"https:\/\/bpurehouse.be\/fr\/technologies\/eau-riche-en-hydrogene\/#primaryimage"},"thumbnailUrl":"https:\/\/bpurehouse.be\/wp-content\/uploads\/2021\/07\/technologie01-1024x576.jpg","datePublished":"2021-10-29T11:24:40+00:00","dateModified":"2022-08-12T16:45:08+00:00","breadcrumb":{"@id":"https:\/\/bpurehouse.be\/fr\/technologies\/eau-riche-en-hydrogene\/#breadcrumb"},"inLanguage":"fr-FR","potentialAction":[{"@type":"ReadAction","target":["https:\/\/bpurehouse.be\/fr\/technologies\/eau-riche-en-hydrogene\/"]}]},{"@type":"ImageObject","inLanguage":"fr-FR","@id":"https:\/\/bpurehouse.be\/fr\/technologies\/eau-riche-en-hydrogene\/#primaryimage","url":"https:\/\/bpurehouse.be\/wp-content\/uploads\/2021\/07\/technologie01-1024x576.jpg","contentUrl":"https:\/\/bpurehouse.be\/wp-content\/uploads\/2021\/07\/technologie01-1024x576.jpg"},{"@type":"BreadcrumbList","@id":"https:\/\/bpurehouse.be\/fr\/technologies\/eau-riche-en-hydrogene\/#breadcrumb","itemListElement":[{"@type":"ListItem","position":1,"name":"Home","item":"https:\/\/bpurehouse.be\/fr\/"},{"@type":"ListItem","position":2,"name":"Technologies","item":"https:\/\/bpurehouse.be\/fr\/technologies\/"},{"@type":"ListItem","position":3,"name":"Eau riche en hydrog\u00e8ne"}]},{"@type":"WebSite","@id":"https:\/\/bpurehouse.be\/#website","url":"https:\/\/bpurehouse.be\/","name":"BPureHouse by EuroDB","description":"My Health, My Priority!","publisher":{"@id":"https:\/\/bpurehouse.be\/#organization"},"potentialAction":[{"@type":"SearchAction","target":{"@type":"EntryPoint","urlTemplate":"https:\/\/bpurehouse.be\/?s={search_term_string}"},"query-input":{"@type":"PropertyValueSpecification","valueRequired":true,"valueName":"search_term_string"}}],"inLanguage":"fr-FR"},{"@type":"Organization","@id":"https:\/\/bpurehouse.be\/#organization","name":"BPureHouse","url":"https:\/\/bpurehouse.be\/","logo":{"@type":"ImageObject","inLanguage":"fr-FR","@id":"https:\/\/bpurehouse.be\/#\/schema\/logo\/image\/","url":"https:\/\/bpurehouse.be\/wp-content\/uploads\/2021\/06\/bpurehouse-social.jpg","contentUrl":"https:\/\/bpurehouse.be\/wp-content\/uploads\/2021\/06\/bpurehouse-social.jpg","width":1600,"height":1000,"caption":"BPureHouse"},"image":{"@id":"https:\/\/bpurehouse.be\/#\/schema\/logo\/image\/"}}]}},"_links":{"self":[{"href":"https:\/\/bpurehouse.be\/fr\/wp-json\/wp\/v2\/pages\/554","targetHints":{"allow":["GET"]}}],"collection":[{"href":"https:\/\/bpurehouse.be\/fr\/wp-json\/wp\/v2\/pages"}],"about":[{"href":"https:\/\/bpurehouse.be\/fr\/wp-json\/wp\/v2\/types\/page"}],"author":[{"embeddable":true,"href":"https:\/\/bpurehouse.be\/fr\/wp-json\/wp\/v2\/users\/1"}],"replies":[{"embeddable":true,"href":"https:\/\/bpurehouse.be\/fr\/wp-json\/wp\/v2\/comments?post=554"}],"version-history":[{"count":5,"href":"https:\/\/bpurehouse.be\/fr\/wp-json\/wp\/v2\/pages\/554\/revisions"}],"predecessor-version":[{"id":1439,"href":"https:\/\/bpurehouse.be\/fr\/wp-json\/wp\/v2\/pages\/554\/revisions\/1439"}],"up":[{"embeddable":true,"href":"https:\/\/bpurehouse.be\/fr\/wp-json\/wp\/v2\/pages\/206"}],"wp:attachment":[{"href":"https:\/\/bpurehouse.be\/fr\/wp-json\/wp\/v2\/media?parent=554"}],"curies":[{"name":"wp","href":"https:\/\/api.w.org\/{rel}","templated":true}]}}