{"id":552,"date":"2021-10-29T13:22:39","date_gmt":"2021-10-29T11:22:39","guid":{"rendered":"https:\/\/bpurehouse.be\/?page_id=552"},"modified":"2022-04-22T19:00:22","modified_gmt":"2022-04-22T17:00:22","slug":"desinfecter-et-desodoriser","status":"publish","type":"page","link":"https:\/\/bpurehouse.be\/fr\/appareils\/desinfecter-et-desodoriser\/","title":{"rendered":"D\u00e9sinfecter et d\u00e9sodoriser tout espace"},"content":{"rendered":"\n<h2 id=\"desinfectie\" class=\"kt-adv-heading_a7a686-f4 page-title wp-block-kadence-advancedheading has-green-color has-text-color\" data-kb-block=\"kb-adv-heading_a7a686-f4\">D\u00e9sinfecter et d\u00e9sodoriser <\/h2>\n\n\n\n<h2 id=\"desinfectie\" class=\"kt-adv-heading_3d80c2-20 page-title wp-block-kadence-advancedheading has-green-color has-text-color\" data-kb-block=\"kb-adv-heading_3d80c2-20\"><strong>durablement des volumes ou espaces \u00e0 pleine puissance<\/strong><\/h2>\n\n\n\n<div class=\"wp-block-kadence-rowlayout alignnone\"><div id=\"kt-layout-id_41e87e-9c\" class=\"kt-row-layout-inner kt-layout-id_41e87e-9c\"><div class=\"kt-row-column-wrap kt-has-2-columns kt-gutter-widest kt-v-gutter-none kt-row-valign-top kt-row-layout-equal kt-tab-layout-inherit kt-m-colapse-left-to-right kt-mobile-layout-row kt-inner-column-height-full\">\n<div class=\"wp-block-kadence-column inner-column-1 kadence-column_ceca92-23\"><div class=\"kt-inside-inner-col\">\n<div class=\"wp-block-kadence-advancedgallery kb-gallery-wrap-id-_f063e9-1e slider-border\"><div class=\"kb-gallery-ul kb-gallery-type-carousel kb-gallery-id-_f063e9-1e kb-gallery-caption-style-bottom-hover kb-gallery-filter-none\" data-image-filter=\"none\" data-lightbox-caption=\"true\"><div class=\"kt-blocks-carousel kt-carousel-container-dotstyle-dark\"><div class=\"kt-blocks-carousel-init kb-gallery-carousel kt-carousel-arrowstyle-whiteondark kt-carousel-dotstyle-dark\" data-columns-xxl=\"1\" data-columns-xl=\"1\" data-columns-md=\"1\" data-columns-sm=\"1\" data-columns-xs=\"1\" data-columns-ss=\"1\" data-slider-anim-speed=\"400\" data-slider-scroll=\"1\" data-slider-arrows=\"true\" data-slider-dots=\"true\" data-slider-hover-pause=\"false\" data-slider-auto=\"true\" data-slider-speed=\"7000\"><div class=\"kb-slide-item kb-gallery-carousel-item\"><div class=\"kadence-blocks-gallery-item\"><div class=\"kadence-blocks-gallery-item-inner\"><figure class=\"kb-gallery-figure kadence-blocks-gallery-item-hide-caption kb-has-image-ratio-land43\"><div class=\"kb-gal-image-radius\"><div class=\"kb-gallery-image-contain kadence-blocks-gallery-intrinsic kb-gallery-image-ratio-land43\"><img loading=\"lazy\" decoding=\"async\" src=\"https:\/\/bpurehouse.be\/wp-content\/uploads\/2021\/06\/desinfectie-turbo01-1024x768.jpg\" width=\"1024\" height=\"768\" alt=\"\" data-full-image=\"https:\/\/bpurehouse.be\/wp-content\/uploads\/2021\/06\/desinfectie-turbo01.jpg\" data-light-image=\"https:\/\/bpurehouse.be\/wp-content\/uploads\/2021\/06\/desinfectie-turbo01.jpg\" data-id=\"118\" data-link=\"https:\/\/bpurehouse.be\/toestellen\/desinfectie-turbo01\/\" class=\"wp-image-158 skip-lazy\" srcset=\"https:\/\/bpurehouse.be\/wp-content\/uploads\/2021\/06\/desinfectie-turbo01-1024x768.jpg 1024w, https:\/\/bpurehouse.be\/wp-content\/uploads\/2021\/06\/desinfectie-turbo01-300x225.jpg 300w, https:\/\/bpurehouse.be\/wp-content\/uploads\/2021\/06\/desinfectie-turbo01-768x576.jpg 768w, https:\/\/bpurehouse.be\/wp-content\/uploads\/2021\/06\/desinfectie-turbo01-1536x1152.jpg 1536w, https:\/\/bpurehouse.be\/wp-content\/uploads\/2021\/06\/desinfectie-turbo01.jpg 1600w\" sizes=\"auto, (max-width: 1024px) 100vw, 1024px\" \/><\/div><\/div><\/figure><\/div><\/div><\/div><div class=\"kb-slide-item kb-gallery-carousel-item\"><div class=\"kadence-blocks-gallery-item\"><div class=\"kadence-blocks-gallery-item-inner\"><figure class=\"kb-gallery-figure kadence-blocks-gallery-item-hide-caption kb-has-image-ratio-land43\"><div class=\"kb-gal-image-radius\"><div class=\"kb-gallery-image-contain kadence-blocks-gallery-intrinsic kb-gallery-image-ratio-land43\"><img loading=\"lazy\" decoding=\"async\" src=\"https:\/\/bpurehouse.be\/wp-content\/uploads\/2021\/11\/Ozon-Pro-jpeg-1-1024x817.jpg\" width=\"1024\" height=\"817\" alt=\"\" data-full-image=\"https:\/\/bpurehouse.be\/wp-content\/uploads\/2021\/11\/Ozon-Pro-jpeg-1.jpg\" data-light-image=\"https:\/\/bpurehouse.be\/wp-content\/uploads\/2021\/11\/Ozon-Pro-jpeg-1.jpg\" data-id=\"856\" data-link=\"https:\/\/bpurehouse.be\/fr\/appareils\/desinfecter-et-desodoriser\/ozon-pro-jpeg-1\/\" class=\"wp-image-856 skip-lazy\" srcset=\"https:\/\/bpurehouse.be\/wp-content\/uploads\/2021\/11\/Ozon-Pro-jpeg-1-1024x817.jpg 1024w, https:\/\/bpurehouse.be\/wp-content\/uploads\/2021\/11\/Ozon-Pro-jpeg-1-300x239.jpg 300w, https:\/\/bpurehouse.be\/wp-content\/uploads\/2021\/11\/Ozon-Pro-jpeg-1-768x613.jpg 768w, https:\/\/bpurehouse.be\/wp-content\/uploads\/2021\/11\/Ozon-Pro-jpeg-1.jpg 1132w\" sizes=\"auto, (max-width: 1024px) 100vw, 1024px\" \/><\/div><\/div><\/figure><\/div><\/div><\/div><div class=\"kb-slide-item kb-gallery-carousel-item\"><div class=\"kadence-blocks-gallery-item\"><div class=\"kadence-blocks-gallery-item-inner\"><figure class=\"kb-gallery-figure kadence-blocks-gallery-item-hide-caption kb-has-image-ratio-land43\"><div class=\"kb-gal-image-radius\"><div class=\"kb-gallery-image-contain kadence-blocks-gallery-intrinsic kb-gallery-image-ratio-land43\"><img loading=\"lazy\" decoding=\"async\" src=\"https:\/\/bpurehouse.be\/wp-content\/uploads\/2021\/11\/lux.jpg\" width=\"241\" height=\"207\" alt=\"\" data-full-image=\"https:\/\/bpurehouse.be\/wp-content\/uploads\/2021\/11\/lux.jpg\" data-light-image=\"https:\/\/bpurehouse.be\/wp-content\/uploads\/2021\/11\/lux.jpg\" data-id=\"861\" data-link=\"https:\/\/bpurehouse.be\/fr\/appareils\/desinfecter-et-desodoriser\/lux\/\" class=\"wp-image-861 skip-lazy\"\/><\/div><\/div><\/figure><\/div><\/div><\/div><div class=\"kb-slide-item kb-gallery-carousel-item\"><div class=\"kadence-blocks-gallery-item\"><div class=\"kadence-blocks-gallery-item-inner\"><figure class=\"kb-gallery-figure kadence-blocks-gallery-item-hide-caption kb-has-image-ratio-land43\"><div class=\"kb-gal-image-radius\"><div class=\"kb-gallery-image-contain kadence-blocks-gallery-intrinsic kb-gallery-image-ratio-land43\"><img loading=\"lazy\" decoding=\"async\" src=\"https:\/\/bpurehouse.be\/wp-content\/uploads\/2021\/11\/SPLIT-open-w-timer-00-2-1024x683.jpg\" width=\"1024\" height=\"683\" alt=\"\" data-full-image=\"https:\/\/bpurehouse.be\/wp-content\/uploads\/2021\/11\/SPLIT-open-w-timer-00-2-scaled.jpg\" data-light-image=\"https:\/\/bpurehouse.be\/wp-content\/uploads\/2021\/11\/SPLIT-open-w-timer-00-2-scaled.jpg\" data-id=\"852\" data-link=\"https:\/\/bpurehouse.be\/appareils\/desinfecter-et-desodoriser\/split-open-w-timer-00-2\/\" class=\"wp-image-852 skip-lazy\" srcset=\"https:\/\/bpurehouse.be\/wp-content\/uploads\/2021\/11\/SPLIT-open-w-timer-00-2-1024x683.jpg 1024w, https:\/\/bpurehouse.be\/wp-content\/uploads\/2021\/11\/SPLIT-open-w-timer-00-2-300x200.jpg 300w, https:\/\/bpurehouse.be\/wp-content\/uploads\/2021\/11\/SPLIT-open-w-timer-00-2-768x512.jpg 768w, https:\/\/bpurehouse.be\/wp-content\/uploads\/2021\/11\/SPLIT-open-w-timer-00-2-1536x1024.jpg 1536w, https:\/\/bpurehouse.be\/wp-content\/uploads\/2021\/11\/SPLIT-open-w-timer-00-2-2048x1365.jpg 2048w\" sizes=\"auto, (max-width: 1024px) 100vw, 1024px\" \/><\/div><\/div><\/figure><\/div><\/div><\/div><\/div><\/div><\/div><\/div>\n<\/div><\/div>\n\n\n\n<div class=\"wp-block-kadence-column inner-column-2 kadence-column_f2f5ac-2b\"><div class=\"kt-inside-inner-col\">\n<h3 class=\"kt-adv-heading_525691-dd wp-block-kadence-advancedheading\" data-kb-block=\"kb-adv-heading_525691-dd\">Turbo, Pro, Lux en Split<\/h3>\n\n\n\n<p class=\"has-small-font-size\">Turbo, Pro et Lux sont des appareils professionnels qui produisent de fortes concentrations d\u2019ozone dans une pi\u00e8ce.<br>De cette fa\u00e7on, tous les espaces possibles (salon, salle de s\u00e9jour, loft, boutique, pharmacie, restaurant\u2026) sont d\u00e9sinfect\u00e9s et d\u00e9sodoris\u00e9s <em>ponctuellement<\/em>, compl\u00e8tement, en profondeur et rapidement.<br><br>Split est une gamme tr\u00e8s professionnelle d\u2019unit\u00e9s murales d\u2019ozone (&amp; d\u2019UV).<br>De cette fa\u00e7on, tous les espaces possibles (loft, boutique, pharmacie, restaurant\u2026) sont d\u00e9sinfect\u00e9s et d\u00e9sodoris\u00e9s <em>de fa\u00e7on permanente<\/em>, compl\u00e8te, approfondie et rapide. <\/p>\n\n\n\n<p class=\"has-small-font-size\">Attention : pendant le fonctionnement, personne ne peut \u00eatre pr\u00e9sent dans la pi\u00e8ce.<br>Le maniement de ces unit\u00e9s professionnelles n\u00e9cessite des connaissances (formation).<br><br>A LOUER OU A VENDRE<\/p>\n\n\n\n<p><\/p>\n\n\n\n<p class=\"has-small-font-size\">Vous d\u00e9sirez vous faire une id\u00e9e du prix d&rsquo;achat?<\/p>\n\n\n\n<p><\/p>\n\n\n\n<div class=\"wp-block-kadence-advancedbtn kt-btn-align-left kt-btn-tablet-align-inherit kt-btn-mobile-align-inherit kt-btns-wrap kt-btns_239080-03\"><div class=\"kt-btn-wrap kt-btn-wrap-0\"><a class=\"kt-button button kt-btn-0-action kt-btn-size-custom kt-btn-style-basic kt-btn-svg-show-always kt-btn-has-text-true kt-btn-has-svg-false\" href=\"https:\/\/www.estelleshop.be\/Achat.g\/s35406c\/Desinfecter_desodoriser\" style=\"border-radius:0px;border-width:0px\"><span class=\"kt-btn-inner-text\">CONSULTEZ NOTRE WEBSHOP<\/span><\/a><\/div><\/div>\n\n\n\n<p><\/p>\n\n\n\n<p class=\"has-small-font-size\">Vous d\u00e9sirez louer?<br>Voulez-vous plus d&rsquo;infos?<\/p>\n\n\n\n<div class=\"wp-block-kadence-advancedbtn kt-btn-align-left kt-btn-tablet-align-inherit kt-btn-mobile-align-inherit kt-btns-wrap kt-btns_accaa2-9e\"><div class=\"kt-btn-wrap kt-btn-wrap-0\"><a class=\"kt-button button kt-btn-0-action kt-btn-size-custom kt-btn-style-basic kt-btn-svg-show-always kt-btn-has-text-true kt-btn-has-svg-false\" href=\"https:\/\/bpurehouse.be\/fr\/contact\/\" style=\"border-radius:0px;border-width:0px\"><span class=\"kt-btn-inner-text\">CONTACTEZ-NOUS<\/span><\/a><\/div><\/div>\n<\/div><\/div>\n<\/div><\/div><\/div>\n","protected":false},"excerpt":{"rendered":"","protected":false},"author":1,"featured_media":0,"parent":202,"menu_order":4,"comment_status":"closed","ping_status":"closed","template":"","meta":{"inline_featured_image":false,"footnotes":""},"class_list":["post-552","page","type-page","status-publish","hentry"],"yoast_head":"<!-- This site is optimized with the Yoast SEO plugin v27.5 - https:\/\/yoast.com\/product\/yoast-seo-wordpress\/ -->\n<title>D\u00e9sinfecter et d\u00e9sodoriser tout espace - BPureHouse by EuroDB<\/title>\n<meta name=\"robots\" content=\"index, follow, max-snippet:-1, max-image-preview:large, max-video-preview:-1\" \/>\n<link rel=\"canonical\" href=\"https:\/\/bpurehouse.be\/fr\/appareils\/desinfecter-et-desodoriser\/\" \/>\n<meta property=\"og:locale\" content=\"fr_FR\" \/>\n<meta property=\"og:type\" content=\"article\" \/>\n<meta property=\"og:title\" content=\"D\u00e9sinfecter et d\u00e9sodoriser tout espace - BPureHouse by EuroDB\" \/>\n<meta property=\"og:url\" content=\"https:\/\/bpurehouse.be\/fr\/appareils\/desinfecter-et-desodoriser\/\" \/>\n<meta property=\"og:site_name\" content=\"BPureHouse by EuroDB\" \/>\n<meta property=\"article:modified_time\" content=\"2022-04-22T17:00:22+00:00\" \/>\n<meta property=\"og:image\" content=\"https:\/\/bpurehouse.be\/wp-content\/uploads\/2021\/06\/desinfectie-turbo01-1024x768.jpg\" \/>\n<meta name=\"twitter:card\" content=\"summary_large_image\" \/>\n<meta name=\"twitter:label1\" content=\"Dur\u00e9e de lecture estim\u00e9e\" \/>\n\t<meta name=\"twitter:data1\" content=\"2 minutes\" \/>\n<script type=\"application\/ld+json\" class=\"yoast-schema-graph\">{\"@context\":\"https:\\\/\\\/schema.org\",\"@graph\":[{\"@type\":\"WebPage\",\"@id\":\"https:\\\/\\\/bpurehouse.be\\\/fr\\\/appareils\\\/desinfecter-et-desodoriser\\\/\",\"url\":\"https:\\\/\\\/bpurehouse.be\\\/fr\\\/appareils\\\/desinfecter-et-desodoriser\\\/\",\"name\":\"D\u00e9sinfecter et d\u00e9sodoriser tout espace - BPureHouse by EuroDB\",\"isPartOf\":{\"@id\":\"https:\\\/\\\/bpurehouse.be\\\/#website\"},\"primaryImageOfPage\":{\"@id\":\"https:\\\/\\\/bpurehouse.be\\\/fr\\\/appareils\\\/desinfecter-et-desodoriser\\\/#primaryimage\"},\"image\":{\"@id\":\"https:\\\/\\\/bpurehouse.be\\\/fr\\\/appareils\\\/desinfecter-et-desodoriser\\\/#primaryimage\"},\"thumbnailUrl\":\"https:\\\/\\\/bpurehouse.be\\\/wp-content\\\/uploads\\\/2021\\\/06\\\/desinfectie-turbo01-1024x768.jpg\",\"datePublished\":\"2021-10-29T11:22:39+00:00\",\"dateModified\":\"2022-04-22T17:00:22+00:00\",\"breadcrumb\":{\"@id\":\"https:\\\/\\\/bpurehouse.be\\\/fr\\\/appareils\\\/desinfecter-et-desodoriser\\\/#breadcrumb\"},\"inLanguage\":\"fr-FR\",\"potentialAction\":[{\"@type\":\"ReadAction\",\"target\":[\"https:\\\/\\\/bpurehouse.be\\\/fr\\\/appareils\\\/desinfecter-et-desodoriser\\\/\"]}]},{\"@type\":\"ImageObject\",\"inLanguage\":\"fr-FR\",\"@id\":\"https:\\\/\\\/bpurehouse.be\\\/fr\\\/appareils\\\/desinfecter-et-desodoriser\\\/#primaryimage\",\"url\":\"https:\\\/\\\/bpurehouse.be\\\/wp-content\\\/uploads\\\/2021\\\/06\\\/desinfectie-turbo01-1024x768.jpg\",\"contentUrl\":\"https:\\\/\\\/bpurehouse.be\\\/wp-content\\\/uploads\\\/2021\\\/06\\\/desinfectie-turbo01-1024x768.jpg\"},{\"@type\":\"BreadcrumbList\",\"@id\":\"https:\\\/\\\/bpurehouse.be\\\/fr\\\/appareils\\\/desinfecter-et-desodoriser\\\/#breadcrumb\",\"itemListElement\":[{\"@type\":\"ListItem\",\"position\":1,\"name\":\"Home\",\"item\":\"https:\\\/\\\/bpurehouse.be\\\/fr\\\/\"},{\"@type\":\"ListItem\",\"position\":2,\"name\":\"Appareils\",\"item\":\"https:\\\/\\\/bpurehouse.be\\\/appareils\\\/\"},{\"@type\":\"ListItem\",\"position\":3,\"name\":\"D\u00e9sinfecter et d\u00e9sodoriser tout espace\"}]},{\"@type\":\"WebSite\",\"@id\":\"https:\\\/\\\/bpurehouse.be\\\/#website\",\"url\":\"https:\\\/\\\/bpurehouse.be\\\/\",\"name\":\"BPureHouse by EuroDB\",\"description\":\"My Health, My Priority!\",\"publisher\":{\"@id\":\"https:\\\/\\\/bpurehouse.be\\\/#organization\"},\"potentialAction\":[{\"@type\":\"SearchAction\",\"target\":{\"@type\":\"EntryPoint\",\"urlTemplate\":\"https:\\\/\\\/bpurehouse.be\\\/?s={search_term_string}\"},\"query-input\":{\"@type\":\"PropertyValueSpecification\",\"valueRequired\":true,\"valueName\":\"search_term_string\"}}],\"inLanguage\":\"fr-FR\"},{\"@type\":\"Organization\",\"@id\":\"https:\\\/\\\/bpurehouse.be\\\/#organization\",\"name\":\"BPureHouse\",\"url\":\"https:\\\/\\\/bpurehouse.be\\\/\",\"logo\":{\"@type\":\"ImageObject\",\"inLanguage\":\"fr-FR\",\"@id\":\"https:\\\/\\\/bpurehouse.be\\\/#\\\/schema\\\/logo\\\/image\\\/\",\"url\":\"https:\\\/\\\/bpurehouse.be\\\/wp-content\\\/uploads\\\/2021\\\/06\\\/bpurehouse-social.jpg\",\"contentUrl\":\"https:\\\/\\\/bpurehouse.be\\\/wp-content\\\/uploads\\\/2021\\\/06\\\/bpurehouse-social.jpg\",\"width\":1600,\"height\":1000,\"caption\":\"BPureHouse\"},\"image\":{\"@id\":\"https:\\\/\\\/bpurehouse.be\\\/#\\\/schema\\\/logo\\\/image\\\/\"}}]}<\/script>\n<!-- \/ Yoast SEO plugin. -->","yoast_head_json":{"title":"D\u00e9sinfecter et d\u00e9sodoriser tout espace - BPureHouse by EuroDB","robots":{"index":"index","follow":"follow","max-snippet":"max-snippet:-1","max-image-preview":"max-image-preview:large","max-video-preview":"max-video-preview:-1"},"canonical":"https:\/\/bpurehouse.be\/fr\/appareils\/desinfecter-et-desodoriser\/","og_locale":"fr_FR","og_type":"article","og_title":"D\u00e9sinfecter et d\u00e9sodoriser tout espace - BPureHouse by EuroDB","og_url":"https:\/\/bpurehouse.be\/fr\/appareils\/desinfecter-et-desodoriser\/","og_site_name":"BPureHouse by EuroDB","article_modified_time":"2022-04-22T17:00:22+00:00","og_image":[{"url":"https:\/\/bpurehouse.be\/wp-content\/uploads\/2021\/06\/desinfectie-turbo01-1024x768.jpg","type":"","width":"","height":""}],"twitter_card":"summary_large_image","twitter_misc":{"Dur\u00e9e de lecture estim\u00e9e":"2 minutes"},"schema":{"@context":"https:\/\/schema.org","@graph":[{"@type":"WebPage","@id":"https:\/\/bpurehouse.be\/fr\/appareils\/desinfecter-et-desodoriser\/","url":"https:\/\/bpurehouse.be\/fr\/appareils\/desinfecter-et-desodoriser\/","name":"D\u00e9sinfecter et d\u00e9sodoriser tout espace - BPureHouse by EuroDB","isPartOf":{"@id":"https:\/\/bpurehouse.be\/#website"},"primaryImageOfPage":{"@id":"https:\/\/bpurehouse.be\/fr\/appareils\/desinfecter-et-desodoriser\/#primaryimage"},"image":{"@id":"https:\/\/bpurehouse.be\/fr\/appareils\/desinfecter-et-desodoriser\/#primaryimage"},"thumbnailUrl":"https:\/\/bpurehouse.be\/wp-content\/uploads\/2021\/06\/desinfectie-turbo01-1024x768.jpg","datePublished":"2021-10-29T11:22:39+00:00","dateModified":"2022-04-22T17:00:22+00:00","breadcrumb":{"@id":"https:\/\/bpurehouse.be\/fr\/appareils\/desinfecter-et-desodoriser\/#breadcrumb"},"inLanguage":"fr-FR","potentialAction":[{"@type":"ReadAction","target":["https:\/\/bpurehouse.be\/fr\/appareils\/desinfecter-et-desodoriser\/"]}]},{"@type":"ImageObject","inLanguage":"fr-FR","@id":"https:\/\/bpurehouse.be\/fr\/appareils\/desinfecter-et-desodoriser\/#primaryimage","url":"https:\/\/bpurehouse.be\/wp-content\/uploads\/2021\/06\/desinfectie-turbo01-1024x768.jpg","contentUrl":"https:\/\/bpurehouse.be\/wp-content\/uploads\/2021\/06\/desinfectie-turbo01-1024x768.jpg"},{"@type":"BreadcrumbList","@id":"https:\/\/bpurehouse.be\/fr\/appareils\/desinfecter-et-desodoriser\/#breadcrumb","itemListElement":[{"@type":"ListItem","position":1,"name":"Home","item":"https:\/\/bpurehouse.be\/fr\/"},{"@type":"ListItem","position":2,"name":"Appareils","item":"https:\/\/bpurehouse.be\/appareils\/"},{"@type":"ListItem","position":3,"name":"D\u00e9sinfecter et d\u00e9sodoriser tout espace"}]},{"@type":"WebSite","@id":"https:\/\/bpurehouse.be\/#website","url":"https:\/\/bpurehouse.be\/","name":"BPureHouse by EuroDB","description":"My Health, My Priority!","publisher":{"@id":"https:\/\/bpurehouse.be\/#organization"},"potentialAction":[{"@type":"SearchAction","target":{"@type":"EntryPoint","urlTemplate":"https:\/\/bpurehouse.be\/?s={search_term_string}"},"query-input":{"@type":"PropertyValueSpecification","valueRequired":true,"valueName":"search_term_string"}}],"inLanguage":"fr-FR"},{"@type":"Organization","@id":"https:\/\/bpurehouse.be\/#organization","name":"BPureHouse","url":"https:\/\/bpurehouse.be\/","logo":{"@type":"ImageObject","inLanguage":"fr-FR","@id":"https:\/\/bpurehouse.be\/#\/schema\/logo\/image\/","url":"https:\/\/bpurehouse.be\/wp-content\/uploads\/2021\/06\/bpurehouse-social.jpg","contentUrl":"https:\/\/bpurehouse.be\/wp-content\/uploads\/2021\/06\/bpurehouse-social.jpg","width":1600,"height":1000,"caption":"BPureHouse"},"image":{"@id":"https:\/\/bpurehouse.be\/#\/schema\/logo\/image\/"}}]}},"_links":{"self":[{"href":"https:\/\/bpurehouse.be\/fr\/wp-json\/wp\/v2\/pages\/552","targetHints":{"allow":["GET"]}}],"collection":[{"href":"https:\/\/bpurehouse.be\/fr\/wp-json\/wp\/v2\/pages"}],"about":[{"href":"https:\/\/bpurehouse.be\/fr\/wp-json\/wp\/v2\/types\/page"}],"author":[{"embeddable":true,"href":"https:\/\/bpurehouse.be\/fr\/wp-json\/wp\/v2\/users\/1"}],"replies":[{"embeddable":true,"href":"https:\/\/bpurehouse.be\/fr\/wp-json\/wp\/v2\/comments?post=552"}],"version-history":[{"count":5,"href":"https:\/\/bpurehouse.be\/fr\/wp-json\/wp\/v2\/pages\/552\/revisions"}],"predecessor-version":[{"id":1239,"href":"https:\/\/bpurehouse.be\/fr\/wp-json\/wp\/v2\/pages\/552\/revisions\/1239"}],"up":[{"embeddable":true,"href":"https:\/\/bpurehouse.be\/fr\/wp-json\/wp\/v2\/pages\/202"}],"wp:attachment":[{"href":"https:\/\/bpurehouse.be\/fr\/wp-json\/wp\/v2\/media?parent=552"}],"curies":[{"name":"wp","href":"https:\/\/api.w.org\/{rel}","templated":true}]}}