{"id":210,"date":"2021-07-12T11:02:24","date_gmt":"2021-07-12T09:02:24","guid":{"rendered":"https:\/\/bpurehouse.be\/contact\/"},"modified":"2021-10-29T14:03:19","modified_gmt":"2021-10-29T12:03:19","slug":"contact","status":"publish","type":"page","link":"https:\/\/bpurehouse.be\/fr\/contact\/","title":{"rendered":"Contact"},"content":{"rendered":"\n<h1 class=\"kt-adv-heading_7da272-47 page-title wp-block-kadence-advancedheading\" data-kb-block=\"kb-adv-heading_7da272-47\">Contactez-nous<\/h1>\n\n\n\n<p>Remplissez le formulaire de contact ci-dessous et nous vous contacterons dans les plus brefs d\u00e9lais.<\/p>\n\n\n<div class=\"wpforms-container wpforms-container-full wpforms-block\" id=\"wpforms-127\"><form id=\"wpforms-form-127\" class=\"wpforms-validate wpforms-form\" data-formid=\"127\" method=\"post\" enctype=\"multipart\/form-data\" action=\"\/fr\/wp-json\/wp\/v2\/pages\/210\" data-token=\"96650467f6716d29d44ba66e6079c3ba\" data-token-time=\"1777689649\"><noscript class=\"wpforms-error-noscript\">Veuillez activer JavaScript dans votre navigateur pour remplir ce formulaire.<\/noscript><div class=\"wpforms-field-container\"><div id=\"wpforms-127-field_0-container\" class=\"wpforms-field wpforms-field-name\" data-field-id=\"0\"><label class=\"wpforms-field-label\" for=\"wpforms-127-field_0\">Nom <span class=\"wpforms-required-label\">*<\/span><\/label><input type=\"text\" id=\"wpforms-127-field_0\" class=\"wpforms-field-large wpforms-field-required\" name=\"wpforms[fields][0]\" required><\/div><div id=\"wpforms-127-field_1-container\" class=\"wpforms-field wpforms-field-email\" data-field-id=\"1\"><label class=\"wpforms-field-label\" for=\"wpforms-127-field_1\">E-mail <span class=\"wpforms-required-label\">*<\/span><\/label><input type=\"email\" id=\"wpforms-127-field_1\" class=\"wpforms-field-large wpforms-field-required\" name=\"wpforms[fields][1]\" spellcheck=\"false\" required><\/div><div id=\"wpforms-127-field_3-container\" class=\"wpforms-field wpforms-field-text\" data-field-id=\"3\"><label class=\"wpforms-field-label\" for=\"wpforms-127-field_3\">Num\u00e9ro de t\u00e9l\u00e9phone<\/label><input type=\"text\" id=\"wpforms-127-field_3\" class=\"wpforms-field-large\" name=\"wpforms[fields][3]\" ><\/div><div id=\"wpforms-127-field_2-container\" class=\"wpforms-field wpforms-field-textarea\" data-field-id=\"2\"><label class=\"wpforms-field-label\" for=\"wpforms-127-field_2\">Message <span class=\"wpforms-required-label\">*<\/span><\/label><textarea id=\"wpforms-127-field_2\" class=\"wpforms-field-medium wpforms-field-required\" name=\"wpforms[fields][2]\" required><\/textarea><\/div><\/div><!-- .wpforms-field-container --><div class=\"wpforms-submit-container\" ><input type=\"hidden\" name=\"wpforms[id]\" value=\"127\"><input type=\"hidden\" name=\"page_title\" value=\"\"><input type=\"hidden\" name=\"page_url\" value=\"https:\/\/bpurehouse.be\/fr\/wp-json\/wp\/v2\/pages\/210\"><input type=\"hidden\" name=\"url_referer\" value=\"\"><button type=\"submit\" name=\"wpforms[submit]\" id=\"wpforms-submit-127\" class=\"wpforms-submit\" data-alt-text=\"Envoyer...\" data-submit-text=\"Envoyer\" aria-live=\"assertive\" value=\"wpforms-submit\">Envoyer<\/button><\/div><\/form><\/div>  <!-- .wpforms-container -->","protected":false},"excerpt":{"rendered":"<p>Remplissez le formulaire de contact ci-dessous et nous vous contacterons dans les plus brefs d\u00e9lais.<\/p>\n","protected":false},"author":1,"featured_media":0,"parent":0,"menu_order":0,"comment_status":"closed","ping_status":"closed","template":"","meta":{"inline_featured_image":false,"footnotes":""},"class_list":["post-210","page","type-page","status-publish","hentry"],"yoast_head":"<!-- This site is optimized with the Yoast SEO plugin v27.5 - https:\/\/yoast.com\/product\/yoast-seo-wordpress\/ -->\n<title>Contact - BPureHouse by EuroDB<\/title>\n<meta name=\"robots\" content=\"index, follow, max-snippet:-1, max-image-preview:large, max-video-preview:-1\" \/>\n<link rel=\"canonical\" href=\"https:\/\/bpurehouse.be\/contact\/\" \/>\n<meta property=\"og:locale\" content=\"fr_FR\" \/>\n<meta property=\"og:type\" content=\"article\" \/>\n<meta property=\"og:title\" content=\"Contact - BPureHouse by EuroDB\" \/>\n<meta property=\"og:description\" content=\"Remplissez le formulaire de contact ci-dessous et nous vous contacterons dans les plus brefs d\u00e9lais.\" \/>\n<meta property=\"og:url\" content=\"https:\/\/bpurehouse.be\/contact\/\" \/>\n<meta property=\"og:site_name\" content=\"BPureHouse by EuroDB\" \/>\n<meta property=\"article:modified_time\" content=\"2021-10-29T12:03:19+00:00\" \/>\n<meta name=\"twitter:card\" content=\"summary_large_image\" \/>\n<meta name=\"twitter:label1\" content=\"Dur\u00e9e de lecture estim\u00e9e\" \/>\n\t<meta name=\"twitter:data1\" content=\"1 minute\" \/>\n<script type=\"application\/ld+json\" class=\"yoast-schema-graph\">{\"@context\":\"https:\\\/\\\/schema.org\",\"@graph\":[{\"@type\":\"WebPage\",\"@id\":\"https:\\\/\\\/bpurehouse.be\\\/contact\\\/\",\"url\":\"https:\\\/\\\/bpurehouse.be\\\/contact\\\/\",\"name\":\"Contact - BPureHouse by EuroDB\",\"isPartOf\":{\"@id\":\"https:\\\/\\\/bpurehouse.be\\\/#website\"},\"datePublished\":\"2021-07-12T09:02:24+00:00\",\"dateModified\":\"2021-10-29T12:03:19+00:00\",\"breadcrumb\":{\"@id\":\"https:\\\/\\\/bpurehouse.be\\\/contact\\\/#breadcrumb\"},\"inLanguage\":\"fr-FR\",\"potentialAction\":[{\"@type\":\"ReadAction\",\"target\":[\"https:\\\/\\\/bpurehouse.be\\\/contact\\\/\"]}]},{\"@type\":\"BreadcrumbList\",\"@id\":\"https:\\\/\\\/bpurehouse.be\\\/contact\\\/#breadcrumb\",\"itemListElement\":[{\"@type\":\"ListItem\",\"position\":1,\"name\":\"Home\",\"item\":\"https:\\\/\\\/bpurehouse.be\\\/fr\\\/\"},{\"@type\":\"ListItem\",\"position\":2,\"name\":\"Contact\"}]},{\"@type\":\"WebSite\",\"@id\":\"https:\\\/\\\/bpurehouse.be\\\/#website\",\"url\":\"https:\\\/\\\/bpurehouse.be\\\/\",\"name\":\"BPureHouse by EuroDB\",\"description\":\"My Health, My Priority!\",\"publisher\":{\"@id\":\"https:\\\/\\\/bpurehouse.be\\\/#organization\"},\"potentialAction\":[{\"@type\":\"SearchAction\",\"target\":{\"@type\":\"EntryPoint\",\"urlTemplate\":\"https:\\\/\\\/bpurehouse.be\\\/?s={search_term_string}\"},\"query-input\":{\"@type\":\"PropertyValueSpecification\",\"valueRequired\":true,\"valueName\":\"search_term_string\"}}],\"inLanguage\":\"fr-FR\"},{\"@type\":\"Organization\",\"@id\":\"https:\\\/\\\/bpurehouse.be\\\/#organization\",\"name\":\"BPureHouse\",\"url\":\"https:\\\/\\\/bpurehouse.be\\\/\",\"logo\":{\"@type\":\"ImageObject\",\"inLanguage\":\"fr-FR\",\"@id\":\"https:\\\/\\\/bpurehouse.be\\\/#\\\/schema\\\/logo\\\/image\\\/\",\"url\":\"https:\\\/\\\/bpurehouse.be\\\/wp-content\\\/uploads\\\/2021\\\/06\\\/bpurehouse-social.jpg\",\"contentUrl\":\"https:\\\/\\\/bpurehouse.be\\\/wp-content\\\/uploads\\\/2021\\\/06\\\/bpurehouse-social.jpg\",\"width\":1600,\"height\":1000,\"caption\":\"BPureHouse\"},\"image\":{\"@id\":\"https:\\\/\\\/bpurehouse.be\\\/#\\\/schema\\\/logo\\\/image\\\/\"}}]}<\/script>\n<!-- \/ Yoast SEO plugin. -->","yoast_head_json":{"title":"Contact - BPureHouse by EuroDB","robots":{"index":"index","follow":"follow","max-snippet":"max-snippet:-1","max-image-preview":"max-image-preview:large","max-video-preview":"max-video-preview:-1"},"canonical":"https:\/\/bpurehouse.be\/contact\/","og_locale":"fr_FR","og_type":"article","og_title":"Contact - BPureHouse by EuroDB","og_description":"Remplissez le formulaire de contact ci-dessous et nous vous contacterons dans les plus brefs d\u00e9lais.","og_url":"https:\/\/bpurehouse.be\/contact\/","og_site_name":"BPureHouse by EuroDB","article_modified_time":"2021-10-29T12:03:19+00:00","twitter_card":"summary_large_image","twitter_misc":{"Dur\u00e9e de lecture estim\u00e9e":"1 minute"},"schema":{"@context":"https:\/\/schema.org","@graph":[{"@type":"WebPage","@id":"https:\/\/bpurehouse.be\/contact\/","url":"https:\/\/bpurehouse.be\/contact\/","name":"Contact - BPureHouse by EuroDB","isPartOf":{"@id":"https:\/\/bpurehouse.be\/#website"},"datePublished":"2021-07-12T09:02:24+00:00","dateModified":"2021-10-29T12:03:19+00:00","breadcrumb":{"@id":"https:\/\/bpurehouse.be\/contact\/#breadcrumb"},"inLanguage":"fr-FR","potentialAction":[{"@type":"ReadAction","target":["https:\/\/bpurehouse.be\/contact\/"]}]},{"@type":"BreadcrumbList","@id":"https:\/\/bpurehouse.be\/contact\/#breadcrumb","itemListElement":[{"@type":"ListItem","position":1,"name":"Home","item":"https:\/\/bpurehouse.be\/fr\/"},{"@type":"ListItem","position":2,"name":"Contact"}]},{"@type":"WebSite","@id":"https:\/\/bpurehouse.be\/#website","url":"https:\/\/bpurehouse.be\/","name":"BPureHouse by EuroDB","description":"My Health, My Priority!","publisher":{"@id":"https:\/\/bpurehouse.be\/#organization"},"potentialAction":[{"@type":"SearchAction","target":{"@type":"EntryPoint","urlTemplate":"https:\/\/bpurehouse.be\/?s={search_term_string}"},"query-input":{"@type":"PropertyValueSpecification","valueRequired":true,"valueName":"search_term_string"}}],"inLanguage":"fr-FR"},{"@type":"Organization","@id":"https:\/\/bpurehouse.be\/#organization","name":"BPureHouse","url":"https:\/\/bpurehouse.be\/","logo":{"@type":"ImageObject","inLanguage":"fr-FR","@id":"https:\/\/bpurehouse.be\/#\/schema\/logo\/image\/","url":"https:\/\/bpurehouse.be\/wp-content\/uploads\/2021\/06\/bpurehouse-social.jpg","contentUrl":"https:\/\/bpurehouse.be\/wp-content\/uploads\/2021\/06\/bpurehouse-social.jpg","width":1600,"height":1000,"caption":"BPureHouse"},"image":{"@id":"https:\/\/bpurehouse.be\/#\/schema\/logo\/image\/"}}]}},"_links":{"self":[{"href":"https:\/\/bpurehouse.be\/fr\/wp-json\/wp\/v2\/pages\/210","targetHints":{"allow":["GET"]}}],"collection":[{"href":"https:\/\/bpurehouse.be\/fr\/wp-json\/wp\/v2\/pages"}],"about":[{"href":"https:\/\/bpurehouse.be\/fr\/wp-json\/wp\/v2\/types\/page"}],"author":[{"embeddable":true,"href":"https:\/\/bpurehouse.be\/fr\/wp-json\/wp\/v2\/users\/1"}],"replies":[{"embeddable":true,"href":"https:\/\/bpurehouse.be\/fr\/wp-json\/wp\/v2\/comments?post=210"}],"version-history":[{"count":3,"href":"https:\/\/bpurehouse.be\/fr\/wp-json\/wp\/v2\/pages\/210\/revisions"}],"predecessor-version":[{"id":360,"href":"https:\/\/bpurehouse.be\/fr\/wp-json\/wp\/v2\/pages\/210\/revisions\/360"}],"wp:attachment":[{"href":"https:\/\/bpurehouse.be\/fr\/wp-json\/wp\/v2\/media?parent=210"}],"curies":[{"name":"wp","href":"https:\/\/api.w.org\/{rel}","templated":true}]}}