{"id":198,"date":"2021-07-12T10:39:47","date_gmt":"2021-07-12T08:39:47","guid":{"rendered":"https:\/\/bpurehouse.be\/a-propos-de-nous\/"},"modified":"2022-04-21T20:17:27","modified_gmt":"2022-04-21T18:17:27","slug":"a-propos-de-nous","status":"publish","type":"page","link":"https:\/\/bpurehouse.be\/fr\/a-propos-de-nous\/","title":{"rendered":"Pour vous"},"content":{"rendered":"\n<div class=\"wp-block-kadence-rowlayout alignnone\"><div id=\"kt-layout-id_1f008a-cd\" class=\"kt-row-layout-inner kt-layout-id_1f008a-cd\"><div class=\"kt-row-column-wrap kt-has-2-columns kt-gutter-widest kt-v-gutter-default kt-row-valign-top kt-row-layout-equal kt-tab-layout-row kt-m-colapse-left-to-right kt-mobile-layout-row kt-inner-column-height-full\">\n<div class=\"wp-block-kadence-column inner-column-1 kadence-column_37f267-d2\"><div class=\"kt-inside-inner-col\"><\/div><\/div>\n\n\n\n<div class=\"wp-block-kadence-column inner-column-2 kadence-column_3f0213-08\"><div class=\"kt-inside-inner-col\">\n<h1 class=\"kt-adv-heading_096cbc-cc page-title wp-block-kadence-advancedheading\" data-kb-block=\"kb-adv-heading_096cbc-cc\">pour vous<\/h1>\n\n\n\n<p>Vous arrive-t-il de vous poser les questions suivantes?<br>1. Que dois-je faire r\u00e9guli\u00e8rement (tous les jours ou toutes les semaines) &#8211; comme me brosser les dents et faire du jogging &#8211; pour maintenir ou m\u00eame am\u00e9liorer ma sant\u00e9 de telle sorte que je puisse facilement vivre jusqu&rsquo;\u00e0 90 ans en pleine forme, en bonne sant\u00e9 et heureux?<br>2. Que fais-je concr\u00e8tement pour laisser \u00e0 nos enfants une meilleure plan\u00e8te?<\/p>\n\n\n\n<p>Nous vous aidons d\u00e9sormais \u00e0 <strong>vivre une vie plus saine et plus durable <\/strong>et \u00e0 <strong>vieillir en bonne sant\u00e9, en forme et heureux<\/strong>.<\/p>\n\n\n\n<p><strong>B\u00e9n\u00e9ficiez imm\u00e9diatement:<\/strong><\/p>\n\n\n\n<p>&#8211; d\u2019un sourire avec un Moi plus sain<\/p>\n\n\n\n<p>&#8211; de plus de bien-\u00eatre gr\u00e2ce \u00e0 un mode de vie plus durable<\/p>\n\n\n\n<p>&#8211; d\u2019une nouvelle exp\u00e9rience gr\u00e2ce \u00e0 notre passion, notre honn\u00eatet\u00e9 et notre engagement \u00e0 vous aider de mani\u00e8re sinc\u00e8re et progressive.<\/p>\n\n\n\n<p>&#8211; des r\u00e9sultats fiables gr\u00e2ce \u00e0 notre expertise et \u00e0 nos nombreuses ann\u00e9es d&rsquo;exp\u00e9rience<\/p>\n\n\n\n<p>&#8211; de nouvelles opportunit\u00e9s gr\u00e2ce aux derni\u00e8res technologies certifi\u00e9es que nous avons int\u00e9gr\u00e9es avec succ\u00e8s dans nos produits<\/p>\n\n\n\n<p>&#8211; de nouvelles possibilit\u00e9s gr\u00e2ce aux derni\u00e8res am\u00e9liorations que vous ne trouverez que dans les appareils BPureHouse<\/p>\n\n\n\n<p>&#8211; d\u2019avantages mesurables : quand, quoi et combien d&rsquo;argent allez-vous \u00e9conomiser?<\/p>\n\n\n\n<p>Chez BPureHouse, la maison de la puret\u00e9, vous \u00eates \u00e0 la bonne adresse pour tout savoir sur la mani\u00e8re de profiter d\u2019un \u00ab int\u00e9rieur \u00bb plus sain au sens propre comme au sens figur\u00e9. Inspirez-vous de nos conseils et astuces, et d\u00e9couvrez nos appareils pour vivre de mani\u00e8re plus s\u00fbre, plus saine, plus durable, plus \u00e9cologique et plus efficace, tout en r\u00e9alisant des \u00e9conomies.<\/p>\n\n\n\n<div class=\"wp-block-kadence-spacer aligncenter kt-block-spacer-_b0db73-93\"><div class=\"kt-block-spacer kt-block-spacer-halign-center\" style=\"height:60px\"><hr class=\"kt-divider\" style=\"border-top-color:rgba(0, 0, 0, 0.99);border-top-width:2px;width:10%;border-top-style:solid\"\/><\/div><\/div>\n\n\n\n<h2 class=\"kt-adv-heading_bb41e7-fc wp-block-kadence-advancedheading\" data-kb-block=\"kb-adv-heading_bb41e7-fc\">Mission et vision<\/h2>\n\n\n\n<p>BPureHouse a pour mission de vous faire profiter imm\u00e9diatement de la valeur ajout\u00e9e de ces syst\u00e8mes et techniques existants et \u00e9prouv\u00e9s pour prendre en main votre qualit\u00e9 de vie &#8211; en commen\u00e7ant pour votre sant\u00e9 &#8211; et l&rsquo;optimiser.<br>Notre vision est d&rsquo;informer, d&rsquo;inspirer et d&rsquo;introduire au moins un de nos appareils dans chaque foyer d&rsquo;Europe occidentale, en commen\u00e7ant par le Benelux. Nous contribuons ainsi \u00e0 la sant\u00e9 de tous et \u00e0 la r\u00e9duction de l&#8217;empreinte \u00e9cologique afin d&rsquo;offrir un monde meilleure aux g\u00e9n\u00e9rations futures.<\/p>\n\n\n\n<div class=\"wp-block-kadence-spacer aligncenter kt-block-spacer-_dfbab5-40\"><div class=\"kt-block-spacer kt-block-spacer-halign-center\" style=\"height:60px\"><hr class=\"kt-divider\" style=\"border-top-color:rgba(0, 0, 0, 0.99);border-top-width:2px;width:10%;border-top-style:solid\"\/><\/div><\/div>\n\n\n\n<h2 class=\"kt-adv-heading_f1d46f-4f wp-block-kadence-advancedheading\" data-kb-block=\"kb-adv-heading_f1d46f-4f\">Notre histoire courte<\/h2>\n\n\n\n<p>Olivier De Breucker a compris depuis longtemps que sa qualit\u00e9 de vie est \u00e9troitement li\u00e9e \u00e0 sa sant\u00e9 et \u00e0 sa s\u00e9curit\u00e9 ainsi qu\u2019\u00e0 celles de ses proches.<\/p>\n\n\n\n<p>D\u2019o\u00f9 ses appareils innovants, bas\u00e9s sur des technologies \u00e9prouv\u00e9es dans le secteur industriel qu\u2019il conna\u00eet bien. Il travaille sur cette gamme de solutions depuis 2016. <br>En tant qu\u2019ing\u00e9nieur civil, il les a d\u2019abord test\u00e9es pour les am\u00e9liorer au fil du temps, car conform\u00e9ment \u00e0 ses valeurs, il ne veut fournir que des produits (appareils) et des services fiables et de haute qualit\u00e9, r\u00e9pondant aux exigences qu\u2019il d\u00e9sire pour lui-m\u00eame, sa famille ou ses amis. <br>En 2019, il peaufine son nouveau concept en y int\u00e9grant \u00ab\u00a0la durabilit\u00e9 environnementale\u00a0\u00bb (people, planet, profit), un sacr\u00e9 d\u00e9fi. C&rsquo;est ainsi que BPureHouse voit le jour au d\u00e9but de l&rsquo;ann\u00e9e 2021. <br><br>Aujourd&rsquo;hui, nous, notre expertise et nos appareils sommes fin pr\u00eats \u00e0 vous guider vers vos 10 prochaines ann\u00e9es de sant\u00e9 et de durabilit\u00e9.<\/p>\n\n\n\n<h3 class=\"kt-adv-heading_20f649-f7 wp-block-kadence-advancedheading has-green-color has-text-color\" data-kb-block=\"kb-adv-heading_20f649-f7\">POUR CEUX QUI VEULENT VRAIMENT VIVRE<br>PLUS SAINEMENT ET PLUS DURABLEMENT.<\/h3>\n\n\n\n<div class=\"wp-block-kadence-spacer aligncenter kt-block-spacer-_478fcc-5c\"><div class=\"kt-block-spacer kt-block-spacer-halign-center\" style=\"height:30px\"><\/div><\/div>\n\n\n\n<div class=\"wp-block-kadence-advancedbtn kt-btn-align-left kt-btn-tablet-align-inherit kt-btn-mobile-align-inherit kt-btns-wrap kt-btns_d3bd4f-af\"><div class=\"kt-btn-wrap kt-btn-wrap-0\"><a class=\"kt-button button kt-btn-0-action kt-btn-size-custom kt-btn-style-basic kt-btn-svg-show-always kt-btn-has-text-true kt-btn-has-svg-false\" href=\"https:\/\/bpurehouse.be\/fr\/contact\/\" style=\"border-radius:0px;border-width:0px\"><span class=\"kt-btn-inner-text\">CONTACTEZ-NOUS<\/span><\/a><\/div><\/div>\n<\/div><\/div>\n<\/div><\/div><\/div>\n","protected":false},"excerpt":{"rendered":"","protected":false},"author":1,"featured_media":0,"parent":0,"menu_order":0,"comment_status":"closed","ping_status":"closed","template":"","meta":{"inline_featured_image":false,"footnotes":""},"class_list":["post-198","page","type-page","status-publish","hentry"],"yoast_head":"<!-- This site is optimized with the Yoast SEO plugin v27.4 - https:\/\/yoast.com\/product\/yoast-seo-wordpress\/ -->\n<title>Pour vous - BPureHouse by EuroDB<\/title>\n<meta name=\"robots\" content=\"index, follow, max-snippet:-1, max-image-preview:large, max-video-preview:-1\" \/>\n<link rel=\"canonical\" href=\"https:\/\/bpurehouse.be\/fr\/a-propos-de-nous\/\" \/>\n<meta property=\"og:locale\" content=\"fr_FR\" \/>\n<meta property=\"og:type\" content=\"article\" \/>\n<meta property=\"og:title\" content=\"Pour vous - BPureHouse by EuroDB\" \/>\n<meta property=\"og:url\" content=\"https:\/\/bpurehouse.be\/fr\/a-propos-de-nous\/\" \/>\n<meta property=\"og:site_name\" content=\"BPureHouse by EuroDB\" \/>\n<meta property=\"article:modified_time\" content=\"2022-04-21T18:17:27+00:00\" \/>\n<meta name=\"twitter:card\" content=\"summary_large_image\" \/>\n<meta name=\"twitter:label1\" content=\"Dur\u00e9e de lecture estim\u00e9e\" \/>\n\t<meta name=\"twitter:data1\" content=\"3 minutes\" \/>\n<script type=\"application\/ld+json\" class=\"yoast-schema-graph\">{\"@context\":\"https:\\\/\\\/schema.org\",\"@graph\":[{\"@type\":\"WebPage\",\"@id\":\"https:\\\/\\\/bpurehouse.be\\\/fr\\\/a-propos-de-nous\\\/\",\"url\":\"https:\\\/\\\/bpurehouse.be\\\/fr\\\/a-propos-de-nous\\\/\",\"name\":\"Pour vous - BPureHouse by EuroDB\",\"isPartOf\":{\"@id\":\"https:\\\/\\\/bpurehouse.be\\\/#website\"},\"datePublished\":\"2021-07-12T08:39:47+00:00\",\"dateModified\":\"2022-04-21T18:17:27+00:00\",\"breadcrumb\":{\"@id\":\"https:\\\/\\\/bpurehouse.be\\\/fr\\\/a-propos-de-nous\\\/#breadcrumb\"},\"inLanguage\":\"fr-FR\",\"potentialAction\":[{\"@type\":\"ReadAction\",\"target\":[\"https:\\\/\\\/bpurehouse.be\\\/fr\\\/a-propos-de-nous\\\/\"]}]},{\"@type\":\"BreadcrumbList\",\"@id\":\"https:\\\/\\\/bpurehouse.be\\\/fr\\\/a-propos-de-nous\\\/#breadcrumb\",\"itemListElement\":[{\"@type\":\"ListItem\",\"position\":1,\"name\":\"Home\",\"item\":\"https:\\\/\\\/bpurehouse.be\\\/fr\\\/\"},{\"@type\":\"ListItem\",\"position\":2,\"name\":\"Pour vous\"}]},{\"@type\":\"WebSite\",\"@id\":\"https:\\\/\\\/bpurehouse.be\\\/#website\",\"url\":\"https:\\\/\\\/bpurehouse.be\\\/\",\"name\":\"BPureHouse by EuroDB\",\"description\":\"My Health, My Priority!\",\"publisher\":{\"@id\":\"https:\\\/\\\/bpurehouse.be\\\/#organization\"},\"potentialAction\":[{\"@type\":\"SearchAction\",\"target\":{\"@type\":\"EntryPoint\",\"urlTemplate\":\"https:\\\/\\\/bpurehouse.be\\\/?s={search_term_string}\"},\"query-input\":{\"@type\":\"PropertyValueSpecification\",\"valueRequired\":true,\"valueName\":\"search_term_string\"}}],\"inLanguage\":\"fr-FR\"},{\"@type\":\"Organization\",\"@id\":\"https:\\\/\\\/bpurehouse.be\\\/#organization\",\"name\":\"BPureHouse\",\"url\":\"https:\\\/\\\/bpurehouse.be\\\/\",\"logo\":{\"@type\":\"ImageObject\",\"inLanguage\":\"fr-FR\",\"@id\":\"https:\\\/\\\/bpurehouse.be\\\/#\\\/schema\\\/logo\\\/image\\\/\",\"url\":\"https:\\\/\\\/bpurehouse.be\\\/wp-content\\\/uploads\\\/2021\\\/06\\\/bpurehouse-social.jpg\",\"contentUrl\":\"https:\\\/\\\/bpurehouse.be\\\/wp-content\\\/uploads\\\/2021\\\/06\\\/bpurehouse-social.jpg\",\"width\":1600,\"height\":1000,\"caption\":\"BPureHouse\"},\"image\":{\"@id\":\"https:\\\/\\\/bpurehouse.be\\\/#\\\/schema\\\/logo\\\/image\\\/\"}}]}<\/script>\n<!-- \/ Yoast SEO plugin. -->","yoast_head_json":{"title":"Pour vous - BPureHouse by EuroDB","robots":{"index":"index","follow":"follow","max-snippet":"max-snippet:-1","max-image-preview":"max-image-preview:large","max-video-preview":"max-video-preview:-1"},"canonical":"https:\/\/bpurehouse.be\/fr\/a-propos-de-nous\/","og_locale":"fr_FR","og_type":"article","og_title":"Pour vous - BPureHouse by EuroDB","og_url":"https:\/\/bpurehouse.be\/fr\/a-propos-de-nous\/","og_site_name":"BPureHouse by EuroDB","article_modified_time":"2022-04-21T18:17:27+00:00","twitter_card":"summary_large_image","twitter_misc":{"Dur\u00e9e de lecture estim\u00e9e":"3 minutes"},"schema":{"@context":"https:\/\/schema.org","@graph":[{"@type":"WebPage","@id":"https:\/\/bpurehouse.be\/fr\/a-propos-de-nous\/","url":"https:\/\/bpurehouse.be\/fr\/a-propos-de-nous\/","name":"Pour vous - BPureHouse by EuroDB","isPartOf":{"@id":"https:\/\/bpurehouse.be\/#website"},"datePublished":"2021-07-12T08:39:47+00:00","dateModified":"2022-04-21T18:17:27+00:00","breadcrumb":{"@id":"https:\/\/bpurehouse.be\/fr\/a-propos-de-nous\/#breadcrumb"},"inLanguage":"fr-FR","potentialAction":[{"@type":"ReadAction","target":["https:\/\/bpurehouse.be\/fr\/a-propos-de-nous\/"]}]},{"@type":"BreadcrumbList","@id":"https:\/\/bpurehouse.be\/fr\/a-propos-de-nous\/#breadcrumb","itemListElement":[{"@type":"ListItem","position":1,"name":"Home","item":"https:\/\/bpurehouse.be\/fr\/"},{"@type":"ListItem","position":2,"name":"Pour vous"}]},{"@type":"WebSite","@id":"https:\/\/bpurehouse.be\/#website","url":"https:\/\/bpurehouse.be\/","name":"BPureHouse by EuroDB","description":"My Health, My Priority!","publisher":{"@id":"https:\/\/bpurehouse.be\/#organization"},"potentialAction":[{"@type":"SearchAction","target":{"@type":"EntryPoint","urlTemplate":"https:\/\/bpurehouse.be\/?s={search_term_string}"},"query-input":{"@type":"PropertyValueSpecification","valueRequired":true,"valueName":"search_term_string"}}],"inLanguage":"fr-FR"},{"@type":"Organization","@id":"https:\/\/bpurehouse.be\/#organization","name":"BPureHouse","url":"https:\/\/bpurehouse.be\/","logo":{"@type":"ImageObject","inLanguage":"fr-FR","@id":"https:\/\/bpurehouse.be\/#\/schema\/logo\/image\/","url":"https:\/\/bpurehouse.be\/wp-content\/uploads\/2021\/06\/bpurehouse-social.jpg","contentUrl":"https:\/\/bpurehouse.be\/wp-content\/uploads\/2021\/06\/bpurehouse-social.jpg","width":1600,"height":1000,"caption":"BPureHouse"},"image":{"@id":"https:\/\/bpurehouse.be\/#\/schema\/logo\/image\/"}}]}},"_links":{"self":[{"href":"https:\/\/bpurehouse.be\/fr\/wp-json\/wp\/v2\/pages\/198","targetHints":{"allow":["GET"]}}],"collection":[{"href":"https:\/\/bpurehouse.be\/fr\/wp-json\/wp\/v2\/pages"}],"about":[{"href":"https:\/\/bpurehouse.be\/fr\/wp-json\/wp\/v2\/types\/page"}],"author":[{"embeddable":true,"href":"https:\/\/bpurehouse.be\/fr\/wp-json\/wp\/v2\/users\/1"}],"replies":[{"embeddable":true,"href":"https:\/\/bpurehouse.be\/fr\/wp-json\/wp\/v2\/comments?post=198"}],"version-history":[{"count":5,"href":"https:\/\/bpurehouse.be\/fr\/wp-json\/wp\/v2\/pages\/198\/revisions"}],"predecessor-version":[{"id":1300,"href":"https:\/\/bpurehouse.be\/fr\/wp-json\/wp\/v2\/pages\/198\/revisions\/1300"}],"wp:attachment":[{"href":"https:\/\/bpurehouse.be\/fr\/wp-json\/wp\/v2\/media?parent=198"}],"curies":[{"name":"wp","href":"https:\/\/api.w.org\/{rel}","templated":true}]}}