{"id":1395,"date":"2022-07-01T14:46:11","date_gmt":"2022-07-01T12:46:11","guid":{"rendered":"https:\/\/bpurehouse.be\/?page_id=1395"},"modified":"2023-08-05T12:57:47","modified_gmt":"2023-08-05T10:57:47","slug":"pour-entreprise","status":"publish","type":"page","link":"https:\/\/bpurehouse.be\/fr\/pour-entreprise\/","title":{"rendered":"Pour l&rsquo;entreprise"},"content":{"rendered":"\n\n<div class=\"wp-block-kadence-column kadence-column1395_8ec29f-bc inner-column-1\"><div class=\"kt-inside-inner-col\"><\/div><\/div>\n\n\n\n<div class=\"wp-block-kadence-column kadence-column1395_95e01a-21 inner-column-2\"><div class=\"kt-inside-inner-col\">\n<h1 class=\"kt-adv-heading1395_6871ae-78 page-title wp-block-kadence-advancedheading\" data-kb-block=\"kb-adv-heading1395_6871ae-78\">bpureoffice pour l&rsquo;entreprise (bureau, entrep\u00f4t, atelier)<\/h1>\n\n\n\n<p>Les questions qui nous pr\u00e9occupent sont les suivantes :<br>1. O\u00f9 et comment pouvons-nous vous faire \u00e9conomiser (plus) d&rsquo;argent sans compromettre la qualit\u00e9 de votre personnel, de vos produits et\/ou de vos services ?<br>2. Que mettez-vous en pratique pour travailler de mani\u00e8re plus durable sans mettre en p\u00e9ril vos r\u00e9sultats ou vos objectifs financiers ?<br><\/p>\n\n\n\n<p><strong>Vivez imm\u00e9diatement:<\/strong><br>&#8211; une nouvelle exp\u00e9rience gr\u00e2ce \u00e0 notre passion, notre honn\u00eatet\u00e9 et notre d\u00e9votion \u00e0 vous aider sinc\u00e8rement et progressivement<br>&#8211; des r\u00e9sultats fiables gr\u00e2ce \u00e0 notre expertise et de nombreuses ann\u00e9es d&rsquo;exp\u00e9rience<br>&#8211; de nouvelles opportunit\u00e9s gr\u00e2ce aux nouvelles technologies certifi\u00e9es que nous avons int\u00e9gr\u00e9 avec succ\u00e8s dans nos produits<br>&#8211; de nouvelles possibilit\u00e9 gr\u00e2ce aux derni\u00e8res am\u00e9liorations que vous ne trouverez que dans nos \u00e9quipements pour bureau BPureOffice<br>&#8211; des avantages mesurables : quand, quoi et combien d&rsquo;argent allez-vous \u00e9conomiser ?<\/p>\n\n\n\n<p>BPureOffice, le bureau (Office) o\u00f9 <em>\u00eatre <\/em>bien (Pure), est le bon site ou endroit pour trouver tout ce que vous devez savoir pour travailler plus efficacement. Laissez-vous inspirer par nos trucs et astuces, et d\u00e9couvrez nos appareils pour travailler dans un environnement plus s\u00fbre, plus sain, plus durable, plus \u00e9cologique, plus efficace et pour \u00e9conomiser de l&rsquo;argent.<\/p>\n\n\n\n<div class=\"wp-block-kadence-spacer aligncenter kt-block-spacer-1395_8dc014-ec\"><div class=\"kt-block-spacer kt-block-spacer-halign-center\"><hr class=\"kt-divider\"\/><\/div><\/div>\n\n\n\n<h2 class=\"kt-adv-heading1395_0ef5ee-47 wp-block-kadence-advancedheading\" data-kb-block=\"kb-adv-heading1395_0ef5ee-47\">Mission et vision<\/h2>\n\n\n\n<p>La mission de BPureOffice est de vous faire profiter sans plus attendre de la valeur ajout\u00e9e des syst\u00e8mes et techniques existants, \u00e9prouv\u00e9s et test\u00e9s, afin de rendre l&rsquo;entreprise et ses employ\u00e9s plus efficaces.<br>Notre vision est d&rsquo;informer, d&rsquo;inspirer et d&rsquo;introduire au moins un de nos appareils dans chaque entreprise d&rsquo;Europe occidentale, en commen\u00e7ant par le Benelux. Nous contribuons ainsi \u00e0 la mise en place d&rsquo;entreprises plus efficaces et durables qui ont toujours une longueur d&rsquo;avance.<\/p>\n\n\n\n<div class=\"wp-block-kadence-spacer aligncenter kt-block-spacer-1395_3425f0-41\"><div class=\"kt-block-spacer kt-block-spacer-halign-center\"><hr class=\"kt-divider\"\/><\/div><\/div>\n\n\n\n<h2 class=\"kt-adv-heading1395_e32c94-7e wp-block-kadence-advancedheading\" data-kb-block=\"kb-adv-heading1395_e32c94-7e\">Notre histoire, en brefs<\/h2>\n\n\n\n<p>Le fondateur ir Olivier De Breucker a occup\u00e9 au d\u00e9but de sa carri\u00e8re tr\u00e8s rapidement divers postes de direction dans diff\u00e9rents secteurs, avant de devenir consultant, puis entrepreneur.<br>Il sait mieux que quiconque ce que ses appareils innovants apporteront au monde des affaires.<br>Aujourd&rsquo;hui, au nom de BPureOffice, nous, notre expertise et nos appareils sont pr\u00eats \u00e0 vous aider dans vos 5 prochaines ann\u00e9es d\u00e9cisives et durables.<\/p>\n\n\n\n<div class=\"wp-block-kadence-spacer aligncenter kt-block-spacer-1395_e4e849-a4\"><div class=\"kt-block-spacer kt-block-spacer-halign-center\"><hr class=\"kt-divider\"\/><\/div><\/div>\n\n\n\n<h2 class=\"kt-adv-heading1395_6aff2e-f5 wp-block-kadence-advancedheading\" data-kb-block=\"kb-adv-heading1395_6aff2e-f5\">TREVI, toujours avoir de l&rsquo;eau purifi\u00e9e sur place<\/h2>\n\n\n\n<p>La fontaine de Trevi distribue en permanence de l&rsquo;eau purifi\u00e9e \u00e0 2 des 3 temp\u00e9ratures possibles : eau r\u00e9frig\u00e9r\u00e9e (8\u00b0C), \u00e0 temp\u00e9rature ambiante et eau chaude (85\u00b0C).<br>Tout ce dont vous avez besoin, ce sont des verres, des tasses ou des mugs (que nous pouvons \u00e9galement vous fournir) !<br>Fini les d\u00e9chets plastiques, fini la perte de temps et d&rsquo;argent \u00e0 cause des bouteilles d&rsquo;eau en plastique fissur\u00e9es ou cass\u00e9es, de livraisons tardives, de co\u00fbts tr\u00e8s variables en fonction de la consommation\u2026 Vivez plus durablement que jamais !<br>Fonctionne \u00e0 l&rsquo;\u00e9lectricit\u00e9 et \u00e0 l&rsquo;eau de ville (n\u00e9cessite \u00e9galement une \u00e9vacuation au m\u00eame endroit).<\/p>\n\n\n\n<p>Vous avez \u00e9galement besoin d&rsquo;eau (froide) pulv\u00e9ris\u00e9e ? Vous disposez toujours d&rsquo;un appareil SODAStream durable et votre personnel a toujours de l&rsquo;eau pulv\u00e9ris\u00e9e bon march\u00e9, saine et durable \u00e0 sa disposition. Sinon, une fontaine avec un jet d&rsquo;eau int\u00e9gr\u00e9, nous l&rsquo;avons bien s\u00fbr aussi.<br>Vous avez \u00e9galement besoin d&rsquo;eau (froide) p\u00e9tillante? Disposez-vous encore d&rsquo;un appareil SODAStream durable quelque part et votre personnel disposera d&rsquo;une eau  p\u00e9tillante bon march\u00e9, saine et durable. Une fontaine avec eau p\u00e9tillante int\u00e9gr\u00e9e est sinon \u00e9galement disponible.<br><br>C&rsquo;est une id\u00e9e id\u00e9ale et rafra\u00eechissante pour vous-m\u00eame, vos (futurs) employ\u00e9s et vos clients pendant les chauds mois d&rsquo;\u00e9t\u00e9 \u2026..<br>Essayez le Trevi gratuitement pendant 1 mois, puis ne payez que 100 EUR (hors TVA) par mois &#8211; maintenance annuelle incluse &#8211; garantie 2 ans &amp; service apr\u00e8s-vente 6\/7 jours (8-20h) en standard (7\/7 est optionnel) &#8211; pas de contrat et seulement 1 mois de pr\u00e9avis.<\/p>\n\n\n\n<div class=\"wp-block-kadence-advancedbtn kb-buttons-wrap kb-btns1395_502c88-1a\"><\/div>\n\n\n\n<p><\/p>\n\n\n\n<div class=\"wp-block-kadence-advancedbtn kb-buttons-wrap kb-btns1395_577434-ca\"><\/div>\n\n\n\n<p><\/p>\n\n\n\n<h3 class=\"kt-adv-heading1395_9b7e9d-c0 wp-block-kadence-advancedheading\" data-kb-block=\"kb-adv-heading1395_9b7e9d-c0\"><mark style=\"background-color:rgba(0, 0, 0, 0)\" class=\"has-inline-color has-green-color\">VOOR LES PME (JUSQU&rsquo;\u00c0 25 PERSONNES) QUI SOUHAITENT R\u00c9ELLEMENT VIVRE DEJA L&rsquo;AVENIR<\/mark> <mark style=\"background-color:rgba(0, 0, 0, 0)\" class=\"has-inline-color has-green-color\">DE MANI\u00c8RE PLUS EFFICACE ET DURABLE.<\/mark><\/h3>\n\n\n\n<p>   <\/p>\n\n\n\n<div class=\"wp-block-kadence-advancedbtn kb-buttons-wrap kb-btns1395_c936d0-49\"><\/div>\n<\/div><\/div>\n\n","protected":false},"excerpt":{"rendered":"","protected":false},"author":2,"featured_media":0,"parent":0,"menu_order":0,"comment_status":"closed","ping_status":"closed","template":"","meta":{"inline_featured_image":false,"footnotes":""},"class_list":["post-1395","page","type-page","status-publish","hentry"],"yoast_head":"<!-- This site is optimized with the Yoast SEO plugin v27.5 - https:\/\/yoast.com\/product\/yoast-seo-wordpress\/ -->\n<title>Pour l&#039;entreprise - BPureHouse by EuroDB<\/title>\n<meta name=\"robots\" content=\"index, follow, max-snippet:-1, max-image-preview:large, max-video-preview:-1\" \/>\n<link rel=\"canonical\" href=\"https:\/\/bpurehouse.be\/fr\/pour-entreprise\/\" \/>\n<meta property=\"og:locale\" content=\"fr_FR\" \/>\n<meta property=\"og:type\" content=\"article\" \/>\n<meta property=\"og:title\" content=\"Pour l&#039;entreprise - BPureHouse by EuroDB\" \/>\n<meta property=\"og:url\" content=\"https:\/\/bpurehouse.be\/fr\/pour-entreprise\/\" \/>\n<meta property=\"og:site_name\" content=\"BPureHouse by EuroDB\" \/>\n<meta property=\"article:modified_time\" content=\"2023-08-05T10:57:47+00:00\" \/>\n<meta name=\"twitter:card\" content=\"summary_large_image\" \/>\n<meta name=\"twitter:label1\" content=\"Dur\u00e9e de lecture estim\u00e9e\" \/>\n\t<meta name=\"twitter:data1\" content=\"3 minutes\" \/>\n<script type=\"application\/ld+json\" class=\"yoast-schema-graph\">{\"@context\":\"https:\\\/\\\/schema.org\",\"@graph\":[{\"@type\":\"WebPage\",\"@id\":\"https:\\\/\\\/bpurehouse.be\\\/fr\\\/pour-entreprise\\\/\",\"url\":\"https:\\\/\\\/bpurehouse.be\\\/fr\\\/pour-entreprise\\\/\",\"name\":\"Pour l'entreprise - BPureHouse by EuroDB\",\"isPartOf\":{\"@id\":\"https:\\\/\\\/bpurehouse.be\\\/#website\"},\"datePublished\":\"2022-07-01T12:46:11+00:00\",\"dateModified\":\"2023-08-05T10:57:47+00:00\",\"breadcrumb\":{\"@id\":\"https:\\\/\\\/bpurehouse.be\\\/fr\\\/pour-entreprise\\\/#breadcrumb\"},\"inLanguage\":\"fr-FR\",\"potentialAction\":[{\"@type\":\"ReadAction\",\"target\":[\"https:\\\/\\\/bpurehouse.be\\\/fr\\\/pour-entreprise\\\/\"]}]},{\"@type\":\"BreadcrumbList\",\"@id\":\"https:\\\/\\\/bpurehouse.be\\\/fr\\\/pour-entreprise\\\/#breadcrumb\",\"itemListElement\":[{\"@type\":\"ListItem\",\"position\":1,\"name\":\"Home\",\"item\":\"https:\\\/\\\/bpurehouse.be\\\/fr\\\/\"},{\"@type\":\"ListItem\",\"position\":2,\"name\":\"Pour l&#8217;entreprise\"}]},{\"@type\":\"WebSite\",\"@id\":\"https:\\\/\\\/bpurehouse.be\\\/#website\",\"url\":\"https:\\\/\\\/bpurehouse.be\\\/\",\"name\":\"BPureHouse by EuroDB\",\"description\":\"My Health, My Priority!\",\"publisher\":{\"@id\":\"https:\\\/\\\/bpurehouse.be\\\/#organization\"},\"potentialAction\":[{\"@type\":\"SearchAction\",\"target\":{\"@type\":\"EntryPoint\",\"urlTemplate\":\"https:\\\/\\\/bpurehouse.be\\\/?s={search_term_string}\"},\"query-input\":{\"@type\":\"PropertyValueSpecification\",\"valueRequired\":true,\"valueName\":\"search_term_string\"}}],\"inLanguage\":\"fr-FR\"},{\"@type\":\"Organization\",\"@id\":\"https:\\\/\\\/bpurehouse.be\\\/#organization\",\"name\":\"BPureHouse\",\"url\":\"https:\\\/\\\/bpurehouse.be\\\/\",\"logo\":{\"@type\":\"ImageObject\",\"inLanguage\":\"fr-FR\",\"@id\":\"https:\\\/\\\/bpurehouse.be\\\/#\\\/schema\\\/logo\\\/image\\\/\",\"url\":\"https:\\\/\\\/bpurehouse.be\\\/wp-content\\\/uploads\\\/2021\\\/06\\\/bpurehouse-social.jpg\",\"contentUrl\":\"https:\\\/\\\/bpurehouse.be\\\/wp-content\\\/uploads\\\/2021\\\/06\\\/bpurehouse-social.jpg\",\"width\":1600,\"height\":1000,\"caption\":\"BPureHouse\"},\"image\":{\"@id\":\"https:\\\/\\\/bpurehouse.be\\\/#\\\/schema\\\/logo\\\/image\\\/\"}}]}<\/script>\n<!-- \/ Yoast SEO plugin. -->","yoast_head_json":{"title":"Pour l'entreprise - BPureHouse by EuroDB","robots":{"index":"index","follow":"follow","max-snippet":"max-snippet:-1","max-image-preview":"max-image-preview:large","max-video-preview":"max-video-preview:-1"},"canonical":"https:\/\/bpurehouse.be\/fr\/pour-entreprise\/","og_locale":"fr_FR","og_type":"article","og_title":"Pour l'entreprise - BPureHouse by EuroDB","og_url":"https:\/\/bpurehouse.be\/fr\/pour-entreprise\/","og_site_name":"BPureHouse by EuroDB","article_modified_time":"2023-08-05T10:57:47+00:00","twitter_card":"summary_large_image","twitter_misc":{"Dur\u00e9e de lecture estim\u00e9e":"3 minutes"},"schema":{"@context":"https:\/\/schema.org","@graph":[{"@type":"WebPage","@id":"https:\/\/bpurehouse.be\/fr\/pour-entreprise\/","url":"https:\/\/bpurehouse.be\/fr\/pour-entreprise\/","name":"Pour l'entreprise - BPureHouse by EuroDB","isPartOf":{"@id":"https:\/\/bpurehouse.be\/#website"},"datePublished":"2022-07-01T12:46:11+00:00","dateModified":"2023-08-05T10:57:47+00:00","breadcrumb":{"@id":"https:\/\/bpurehouse.be\/fr\/pour-entreprise\/#breadcrumb"},"inLanguage":"fr-FR","potentialAction":[{"@type":"ReadAction","target":["https:\/\/bpurehouse.be\/fr\/pour-entreprise\/"]}]},{"@type":"BreadcrumbList","@id":"https:\/\/bpurehouse.be\/fr\/pour-entreprise\/#breadcrumb","itemListElement":[{"@type":"ListItem","position":1,"name":"Home","item":"https:\/\/bpurehouse.be\/fr\/"},{"@type":"ListItem","position":2,"name":"Pour l&#8217;entreprise"}]},{"@type":"WebSite","@id":"https:\/\/bpurehouse.be\/#website","url":"https:\/\/bpurehouse.be\/","name":"BPureHouse by EuroDB","description":"My Health, My Priority!","publisher":{"@id":"https:\/\/bpurehouse.be\/#organization"},"potentialAction":[{"@type":"SearchAction","target":{"@type":"EntryPoint","urlTemplate":"https:\/\/bpurehouse.be\/?s={search_term_string}"},"query-input":{"@type":"PropertyValueSpecification","valueRequired":true,"valueName":"search_term_string"}}],"inLanguage":"fr-FR"},{"@type":"Organization","@id":"https:\/\/bpurehouse.be\/#organization","name":"BPureHouse","url":"https:\/\/bpurehouse.be\/","logo":{"@type":"ImageObject","inLanguage":"fr-FR","@id":"https:\/\/bpurehouse.be\/#\/schema\/logo\/image\/","url":"https:\/\/bpurehouse.be\/wp-content\/uploads\/2021\/06\/bpurehouse-social.jpg","contentUrl":"https:\/\/bpurehouse.be\/wp-content\/uploads\/2021\/06\/bpurehouse-social.jpg","width":1600,"height":1000,"caption":"BPureHouse"},"image":{"@id":"https:\/\/bpurehouse.be\/#\/schema\/logo\/image\/"}}]}},"_links":{"self":[{"href":"https:\/\/bpurehouse.be\/fr\/wp-json\/wp\/v2\/pages\/1395","targetHints":{"allow":["GET"]}}],"collection":[{"href":"https:\/\/bpurehouse.be\/fr\/wp-json\/wp\/v2\/pages"}],"about":[{"href":"https:\/\/bpurehouse.be\/fr\/wp-json\/wp\/v2\/types\/page"}],"author":[{"embeddable":true,"href":"https:\/\/bpurehouse.be\/fr\/wp-json\/wp\/v2\/users\/2"}],"replies":[{"embeddable":true,"href":"https:\/\/bpurehouse.be\/fr\/wp-json\/wp\/v2\/comments?post=1395"}],"version-history":[{"count":5,"href":"https:\/\/bpurehouse.be\/fr\/wp-json\/wp\/v2\/pages\/1395\/revisions"}],"predecessor-version":[{"id":1639,"href":"https:\/\/bpurehouse.be\/fr\/wp-json\/wp\/v2\/pages\/1395\/revisions\/1639"}],"wp:attachment":[{"href":"https:\/\/bpurehouse.be\/fr\/wp-json\/wp\/v2\/media?parent=1395"}],"curies":[{"name":"wp","href":"https:\/\/api.w.org\/{rel}","templated":true}]}}